{"id":5896,"date":"2020-04-30T11:37:28","date_gmt":"2020-04-30T09:37:28","guid":{"rendered":"https:\/\/unikbotanik.se\/?post_type=product&#038;p=5896"},"modified":"2024-03-01T06:11:24","modified_gmt":"2024-03-01T05:11:24","slug":"vagghylla-for-tre-trad-bjork-av-k-tauber","status":"publish","type":"product","link":"https:\/\/unikbotanik.se\/en\/produkt\/vagghylla-for-tre-trad-bjork-av-k-tauber\/","title":{"rendered":"V\u00e4gghylla f\u00f6r tre tr\u00e4d, bj\u00f6rk, av K. Tauber"},"content":{"rendered":"<p>En prydnadshylla i bj\u00f6rk med plats f\u00f6r tre tr\u00e4d. Hyllan har tre separata hyllor p\u00e5 10 x 10 cm f\u00f6r sm\u00e5 tr\u00e4d. Hyllorna b\u00f6r inte belastas med mer \u00e4n ett kilo styck.<\/p>\n<p>Dimensioner: 38 x 21 x 13 cm.<br \/>\nVikt 1100 g.<\/p>\n<p>T\u00e4nk p\u00e5 att placeringen p\u00e5 en v\u00e4gghylla bara kan vara tillf\u00e4llig om inte hyllan sitter n\u00e4ra f\u00f6nster eller plantorna har st\u00f6dbelysning.<\/p>\n","protected":false},"excerpt":{"rendered":"<p>En prydnadshylla i bj\u00f6rk med plats f\u00f6r tre tr\u00e4d. Hyllan har tre separata hyllor p\u00e5 10 x 10 cm f\u00f6r sm\u00e5 tr\u00e4d. Hyllorna b\u00f6r inte belastas med mer \u00e4n ett kilo styck. Dimensioner: 38 x 21 x 13 cm. Vikt 1100 g. T\u00e4nk p\u00e5 att placeringen p\u00e5 en v\u00e4gghylla bara kan vara tillf\u00e4llig om inte [&hellip;]<\/p>\n","protected":false},"featured_media":5897,"comment_status":"open","ping_status":"closed","template":"","meta":{"_uag_custom_page_level_css":"","_uf_show_specific_survey":0,"_uf_disable_surveys":false,"site-sidebar-layout":"default","site-content-layout":"","ast-site-content-layout":"default","site-content-style":"default","site-sidebar-style":"default","ast-global-header-display":"","ast-banner-title-visibility":"","ast-main-header-display":"","ast-hfb-above-header-display":"","ast-hfb-below-header-display":"","ast-hfb-mobile-header-display":"","site-post-title":"","ast-breadcrumbs-content":"","ast-featured-img":"","footer-sml-layout":"","ast-disable-related-posts":"","theme-transparent-header-meta":"","adv-header-id-meta":"","stick-header-meta":"","header-above-stick-meta":"","header-main-stick-meta":"","header-below-stick-meta":"","astra-migrate-meta-layouts":"default","ast-page-background-enabled":"default","ast-page-background-meta":{"desktop":{"background-color":"var(--ast-global-color-4)","background-image":"","background-repeat":"repeat","background-position":"center center","background-size":"auto","background-attachment":"scroll","background-type":"","background-media":"","overlay-type":"","overlay-color":"","overlay-opacity":"","overlay-gradient":""},"tablet":{"background-color":"","background-image":"","background-repeat":"repeat","background-position":"center center","background-size":"auto","background-attachment":"scroll","background-type":"","background-media":"","overlay-type":"","overlay-color":"","overlay-opacity":"","overlay-gradient":""},"mobile":{"background-color":"","background-image":"","background-repeat":"repeat","background-position":"center center","background-size":"auto","background-attachment":"scroll","background-type":"","background-media":"","overlay-type":"","overlay-color":"","overlay-opacity":"","overlay-gradient":""}},"ast-content-background-meta":{"desktop":{"background-color":"var(--ast-global-color-5)","background-image":"","background-repeat":"repeat","background-position":"center center","background-size":"auto","background-attachment":"scroll","background-type":"","background-media":"","overlay-type":"","overlay-color":"","overlay-opacity":"","overlay-gradient":""},"tablet":{"background-color":"var(--ast-global-color-5)","background-image":"","background-repeat":"repeat","background-position":"center center","background-size":"auto","background-attachment":"scroll","background-type":"","background-media":"","overlay-type":"","overlay-color":"","overlay-opacity":"","overlay-gradient":""},"mobile":{"background-color":"var(--ast-global-color-5)","background-image":"","background-repeat":"repeat","background-position":"center center","background-size":"auto","background-attachment":"scroll","background-type":"","background-media":"","overlay-type":"","overlay-color":"","overlay-opacity":"","overlay-gradient":""}}},"product_brand":[],"product_cat":[162,172],"product_tag":[],"class_list":{"0":"post-5896","1":"product","2":"type-product","3":"status-publish","4":"has-post-thumbnail","6":"product_cat-presenttips","7":"product_cat-utstallning","8":"desktop-align-left","9":"tablet-align-left","10":"mobile-align-left","11":"ast-product-gallery-layout-horizontal-slider","12":"ast-product-tabs-layout-horizontal","13":"ast-qv-on-image","15":"first","16":"instock","17":"taxable","18":"shipping-taxable","19":"purchasable","20":"product-type-simple"},"aioseo_notices":[],"uagb_featured_image_src":{"full":["https:\/\/unikbotanik.se\/wp-content\/uploads\/2020\/04\/DTAU_001-HL.jpg",900,900,false],"thumbnail":["https:\/\/unikbotanik.se\/wp-content\/uploads\/2020\/04\/DTAU_001-HL-150x150.jpg",150,150,true],"medium":["https:\/\/unikbotanik.se\/wp-content\/uploads\/2020\/04\/DTAU_001-HL-300x300.jpg",300,300,true],"medium_large":["https:\/\/unikbotanik.se\/wp-content\/uploads\/2020\/04\/DTAU_001-HL-768x768.jpg",768,768,true],"large":["https:\/\/unikbotanik.se\/wp-content\/uploads\/2020\/04\/DTAU_001-HL.jpg",900,900,false],"1536x1536":["https:\/\/unikbotanik.se\/wp-content\/uploads\/2020\/04\/DTAU_001-HL.jpg",900,900,false],"2048x2048":["https:\/\/unikbotanik.se\/wp-content\/uploads\/2020\/04\/DTAU_001-HL.jpg",900,900,false],"woocommerce_thumbnail":["https:\/\/unikbotanik.se\/wp-content\/uploads\/2020\/04\/DTAU_001-HL-300x300.jpg",300,300,true],"woocommerce_single":["https:\/\/unikbotanik.se\/wp-content\/uploads\/2020\/04\/DTAU_001-HL-600x600.jpg",600,600,true],"woocommerce_gallery_thumbnail":["https:\/\/unikbotanik.se\/wp-content\/uploads\/2020\/04\/DTAU_001-HL-100x100.jpg",100,100,true]},"uagb_author_info":{"display_name":"unikbotanik","author_link":"https:\/\/unikbotanik.se\/en\/author\/"},"uagb_comment_info":0,"uagb_excerpt":"En prydnadshylla i bj\u00f6rk med plats f\u00f6r tre tr\u00e4d. Hyllan har tre separata hyllor p\u00e5 10 x 10 cm f\u00f6r sm\u00e5 tr\u00e4d. Hyllorna b\u00f6r inte belastas med mer \u00e4n ett kilo styck. Dimensioner: 38 x 21 x 13 cm. Vikt 1100 g. T\u00e4nk p\u00e5 att placeringen p\u00e5 en v\u00e4gghylla bara kan vara tillf\u00e4llig om inte&hellip;","_links":{"self":[{"href":"https:\/\/unikbotanik.se\/en\/wp-json\/wp\/v2\/product\/5896","targetHints":{"allow":["GET"]}}],"collection":[{"href":"https:\/\/unikbotanik.se\/en\/wp-json\/wp\/v2\/product"}],"about":[{"href":"https:\/\/unikbotanik.se\/en\/wp-json\/wp\/v2\/types\/product"}],"replies":[{"embeddable":true,"href":"https:\/\/unikbotanik.se\/en\/wp-json\/wp\/v2\/comments?post=5896"}],"wp:featuredmedia":[{"embeddable":true,"href":"https:\/\/unikbotanik.se\/en\/wp-json\/wp\/v2\/media\/5897"}],"wp:attachment":[{"href":"https:\/\/unikbotanik.se\/en\/wp-json\/wp\/v2\/media?parent=5896"}],"wp:term":[{"taxonomy":"product_brand","embeddable":true,"href":"https:\/\/unikbotanik.se\/en\/wp-json\/wp\/v2\/product_brand?post=5896"},{"taxonomy":"product_cat","embeddable":true,"href":"https:\/\/unikbotanik.se\/en\/wp-json\/wp\/v2\/product_cat?post=5896"},{"taxonomy":"product_tag","embeddable":true,"href":"https:\/\/unikbotanik.se\/en\/wp-json\/wp\/v2\/product_tag?post=5896"}],"curies":[{"name":"wp","href":"https:\/\/api.w.org\/{rel}","templated":true}]}}