{"id":5423,"date":"2020-03-05T11:20:07","date_gmt":"2020-03-05T10:20:07","guid":{"rendered":"https:\/\/unikbotanik.se\/?post_type=product&#038;p=5423"},"modified":"2026-04-12T21:04:24","modified_gmt":"2026-04-12T19:04:24","slug":"klottang-for-bonsai-175mm-fran-japanska-kikuwa","status":"publish","type":"product","link":"https:\/\/unikbotanik.se\/en\/produkt\/klottang-for-bonsai-175mm-fran-japanska-kikuwa\/","title":{"rendered":"Klott\u00e5ng f\u00f6r bonsai, 175mm fr\u00e5n japanska Kikuwa"},"content":{"rendered":"<p>Klott\u00e5ng f\u00f6r att med snyggt snitt avl\u00e4gsna besv\u00e4rliga grenstumpar p\u00e5 din bonsai. Fungerar upp till 5mm diameter.<\/p>\n<p>Med det konkava snittet \u00e4r det l\u00e4ttare f\u00f6r ny bark att v\u00e4xa \u00f6ver snittet s\u00e5 att det till slut l\u00e4ker bort.<\/p>\n<p>T\u00e5ngen \u00e4r tillverkad av Kikuwa, Niigata, Japan.<\/p>\n<p>L\u00e4ngd: 175mm<br \/>\nVikt: 107g<br \/>\nMaterial: kolst\u00e5l, svartoxiderat<\/p>\n<p>&nbsp;<\/p>\n<p>&nbsp;<\/p>\n<p>Kikuwa-verktyg k\u00f6ps fr\u00e5n Japan. N\u00e4r produkten inte finns i lager best\u00e4ller vi den p\u00e5 nytt sannolikt inom ett halv\u00e5r.<\/p>\n<p>&nbsp;<\/p>\n<p>&nbsp;<\/p>\n","protected":false},"excerpt":{"rendered":"<p>Klott\u00e5ng f\u00f6r att med snyggt snitt avl\u00e4gsna besv\u00e4rliga grenstumpar p\u00e5 din bonsai. Fungerar upp till 5mm diameter. Med det konkava snittet \u00e4r det l\u00e4ttare f\u00f6r ny bark att v\u00e4xa \u00f6ver snittet s\u00e5 att det till slut l\u00e4ker bort. T\u00e5ngen \u00e4r tillverkad av Kikuwa, Niigata, Japan. L\u00e4ngd: 175mm Vikt: 107g Material: kolst\u00e5l, svartoxiderat &nbsp; &nbsp; Kikuwa-verktyg [&hellip;]<\/p>\n","protected":false},"featured_media":5426,"comment_status":"open","ping_status":"closed","template":"","meta":{"_uag_custom_page_level_css":"","_uf_show_specific_survey":0,"_uf_disable_surveys":false,"site-sidebar-layout":"default","site-content-layout":"","ast-site-content-layout":"default","site-content-style":"default","site-sidebar-style":"default","ast-global-header-display":"","ast-banner-title-visibility":"","ast-main-header-display":"","ast-hfb-above-header-display":"","ast-hfb-below-header-display":"","ast-hfb-mobile-header-display":"","site-post-title":"","ast-breadcrumbs-content":"","ast-featured-img":"","footer-sml-layout":"","ast-disable-related-posts":"","theme-transparent-header-meta":"","adv-header-id-meta":"","stick-header-meta":"","header-above-stick-meta":"","header-main-stick-meta":"","header-below-stick-meta":"","astra-migrate-meta-layouts":"default","ast-page-background-enabled":"default","ast-page-background-meta":{"desktop":{"background-color":"var(--ast-global-color-4)","background-image":"","background-repeat":"repeat","background-position":"center center","background-size":"auto","background-attachment":"scroll","background-type":"","background-media":"","overlay-type":"","overlay-color":"","overlay-opacity":"","overlay-gradient":""},"tablet":{"background-color":"","background-image":"","background-repeat":"repeat","background-position":"center center","background-size":"auto","background-attachment":"scroll","background-type":"","background-media":"","overlay-type":"","overlay-color":"","overlay-opacity":"","overlay-gradient":""},"mobile":{"background-color":"","background-image":"","background-repeat":"repeat","background-position":"center center","background-size":"auto","background-attachment":"scroll","background-type":"","background-media":"","overlay-type":"","overlay-color":"","overlay-opacity":"","overlay-gradient":""}},"ast-content-background-meta":{"desktop":{"background-color":"var(--ast-global-color-5)","background-image":"","background-repeat":"repeat","background-position":"center center","background-size":"auto","background-attachment":"scroll","background-type":"","background-media":"","overlay-type":"","overlay-color":"","overlay-opacity":"","overlay-gradient":""},"tablet":{"background-color":"var(--ast-global-color-5)","background-image":"","background-repeat":"repeat","background-position":"center center","background-size":"auto","background-attachment":"scroll","background-type":"","background-media":"","overlay-type":"","overlay-color":"","overlay-opacity":"","overlay-gradient":""},"mobile":{"background-color":"var(--ast-global-color-5)","background-image":"","background-repeat":"repeat","background-position":"center center","background-size":"auto","background-attachment":"scroll","background-type":"","background-media":"","overlay-type":"","overlay-color":"","overlay-opacity":"","overlay-gradient":""}}},"product_brand":[],"product_cat":[157,413],"product_tag":[],"class_list":{"0":"post-5423","1":"product","2":"type-product","3":"status-publish","4":"has-post-thumbnail","6":"product_cat-kikuwa-japan","7":"product_cat-tanger","8":"desktop-align-left","9":"tablet-align-left","10":"mobile-align-left","11":"ast-product-gallery-layout-horizontal-slider","12":"ast-product-tabs-layout-horizontal","13":"ast-qv-on-image","15":"first","16":"outofstock","17":"taxable","18":"shipping-taxable","19":"purchasable","20":"product-type-simple"},"aioseo_notices":[],"uagb_featured_image_src":{"full":["https:\/\/unikbotanik.se\/wp-content\/uploads\/2020\/03\/VKKW1222a.jpg",900,900,false],"thumbnail":["https:\/\/unikbotanik.se\/wp-content\/uploads\/2020\/03\/VKKW1222a-150x150.jpg",150,150,true],"medium":["https:\/\/unikbotanik.se\/wp-content\/uploads\/2020\/03\/VKKW1222a-300x300.jpg",300,300,true],"medium_large":["https:\/\/unikbotanik.se\/wp-content\/uploads\/2020\/03\/VKKW1222a-768x768.jpg",768,768,true],"large":["https:\/\/unikbotanik.se\/wp-content\/uploads\/2020\/03\/VKKW1222a.jpg",900,900,false],"1536x1536":["https:\/\/unikbotanik.se\/wp-content\/uploads\/2020\/03\/VKKW1222a.jpg",900,900,false],"2048x2048":["https:\/\/unikbotanik.se\/wp-content\/uploads\/2020\/03\/VKKW1222a.jpg",900,900,false],"woocommerce_thumbnail":["https:\/\/unikbotanik.se\/wp-content\/uploads\/2020\/03\/VKKW1222a-300x300.jpg",300,300,true],"woocommerce_single":["https:\/\/unikbotanik.se\/wp-content\/uploads\/2020\/03\/VKKW1222a-600x600.jpg",600,600,true],"woocommerce_gallery_thumbnail":["https:\/\/unikbotanik.se\/wp-content\/uploads\/2020\/03\/VKKW1222a-100x100.jpg",100,100,true]},"uagb_author_info":{"display_name":"unikbotanik","author_link":"https:\/\/unikbotanik.se\/en\/author\/"},"uagb_comment_info":0,"uagb_excerpt":"Klott\u00e5ng f\u00f6r att med snyggt snitt avl\u00e4gsna besv\u00e4rliga grenstumpar p\u00e5 din bonsai. Fungerar upp till 5mm diameter. Med det konkava snittet \u00e4r det l\u00e4ttare f\u00f6r ny bark att v\u00e4xa \u00f6ver snittet s\u00e5 att det till slut l\u00e4ker bort. T\u00e5ngen \u00e4r tillverkad av Kikuwa, Niigata, Japan. L\u00e4ngd: 175mm Vikt: 107g Material: kolst\u00e5l, svartoxiderat &nbsp; &nbsp; Kikuwa-verktyg&hellip;","_links":{"self":[{"href":"https:\/\/unikbotanik.se\/en\/wp-json\/wp\/v2\/product\/5423","targetHints":{"allow":["GET"]}}],"collection":[{"href":"https:\/\/unikbotanik.se\/en\/wp-json\/wp\/v2\/product"}],"about":[{"href":"https:\/\/unikbotanik.se\/en\/wp-json\/wp\/v2\/types\/product"}],"replies":[{"embeddable":true,"href":"https:\/\/unikbotanik.se\/en\/wp-json\/wp\/v2\/comments?post=5423"}],"wp:featuredmedia":[{"embeddable":true,"href":"https:\/\/unikbotanik.se\/en\/wp-json\/wp\/v2\/media\/5426"}],"wp:attachment":[{"href":"https:\/\/unikbotanik.se\/en\/wp-json\/wp\/v2\/media?parent=5423"}],"wp:term":[{"taxonomy":"product_brand","embeddable":true,"href":"https:\/\/unikbotanik.se\/en\/wp-json\/wp\/v2\/product_brand?post=5423"},{"taxonomy":"product_cat","embeddable":true,"href":"https:\/\/unikbotanik.se\/en\/wp-json\/wp\/v2\/product_cat?post=5423"},{"taxonomy":"product_tag","embeddable":true,"href":"https:\/\/unikbotanik.se\/en\/wp-json\/wp\/v2\/product_tag?post=5423"}],"curies":[{"name":"wp","href":"https:\/\/api.w.org\/{rel}","templated":true}]}}