{"id":5330,"date":"2020-02-22T16:32:32","date_gmt":"2020-02-22T15:32:32","guid":{"rendered":"https:\/\/unikbotanik.se\/?post_type=product&#038;p=5330"},"modified":"2026-03-28T19:56:35","modified_gmt":"2026-03-28T18:56:35","slug":"aluminiumtrad-15-mm-100-gram","status":"publish","type":"product","link":"https:\/\/unikbotanik.se\/en\/produkt\/aluminiumtrad-15-mm-100-gram\/","title":{"rendered":"Aluminiumtr\u00e5d 1,5 mm, 100 gram"},"content":{"rendered":"<p><span style=\"color: #767676; font-family: Rosario, Arial, sand-serif; line-height: 20px;\">L\u00e4ttjobbadoch stabil tr\u00e5d som \u00e4r mycket prisv\u00e4rd. G\u00e5r inte att j\u00e4mf\u00f6ra med vanlig st\u00e5ltr\u00e5d som \u00e4r stel, h\u00e5rdjobbad och efter n\u00e5gra b\u00f6jar oftast vill g\u00e5 av. S<\/span>pecifikt framtagen f\u00f6r bonsai<\/p>\n<p>Rullens form kan variera<\/p>\n","protected":false},"excerpt":{"rendered":"<p>L\u00e4ttjobbadoch stabil tr\u00e5d som \u00e4r mycket prisv\u00e4rd. G\u00e5r inte att j\u00e4mf\u00f6ra med vanlig st\u00e5ltr\u00e5d som \u00e4r stel, h\u00e5rdjobbad och efter n\u00e5gra b\u00f6jar oftast vill g\u00e5 av. Specifikt framtagen f\u00f6r bonsai Rullens form kan variera<\/p>\n","protected":false},"featured_media":341,"comment_status":"open","ping_status":"closed","template":"","meta":{"_uag_custom_page_level_css":"","_uf_show_specific_survey":0,"_uf_disable_surveys":false,"site-sidebar-layout":"default","site-content-layout":"","ast-site-content-layout":"default","site-content-style":"default","site-sidebar-style":"default","ast-global-header-display":"","ast-banner-title-visibility":"","ast-main-header-display":"","ast-hfb-above-header-display":"","ast-hfb-below-header-display":"","ast-hfb-mobile-header-display":"","site-post-title":"","ast-breadcrumbs-content":"","ast-featured-img":"","footer-sml-layout":"","ast-disable-related-posts":"","theme-transparent-header-meta":"","adv-header-id-meta":"","stick-header-meta":"","header-above-stick-meta":"","header-main-stick-meta":"","header-below-stick-meta":"","astra-migrate-meta-layouts":"default","ast-page-background-enabled":"default","ast-page-background-meta":{"desktop":{"background-color":"var(--ast-global-color-4)","background-image":"","background-repeat":"repeat","background-position":"center center","background-size":"auto","background-attachment":"scroll","background-type":"","background-media":"","overlay-type":"","overlay-color":"","overlay-opacity":"","overlay-gradient":""},"tablet":{"background-color":"","background-image":"","background-repeat":"repeat","background-position":"center center","background-size":"auto","background-attachment":"scroll","background-type":"","background-media":"","overlay-type":"","overlay-color":"","overlay-opacity":"","overlay-gradient":""},"mobile":{"background-color":"","background-image":"","background-repeat":"repeat","background-position":"center center","background-size":"auto","background-attachment":"scroll","background-type":"","background-media":"","overlay-type":"","overlay-color":"","overlay-opacity":"","overlay-gradient":""}},"ast-content-background-meta":{"desktop":{"background-color":"var(--ast-global-color-5)","background-image":"","background-repeat":"repeat","background-position":"center center","background-size":"auto","background-attachment":"scroll","background-type":"","background-media":"","overlay-type":"","overlay-color":"","overlay-opacity":"","overlay-gradient":""},"tablet":{"background-color":"var(--ast-global-color-5)","background-image":"","background-repeat":"repeat","background-position":"center center","background-size":"auto","background-attachment":"scroll","background-type":"","background-media":"","overlay-type":"","overlay-color":"","overlay-opacity":"","overlay-gradient":""},"mobile":{"background-color":"var(--ast-global-color-5)","background-image":"","background-repeat":"repeat","background-position":"center center","background-size":"auto","background-attachment":"scroll","background-type":"","background-media":"","overlay-type":"","overlay-color":"","overlay-opacity":"","overlay-gradient":""}}},"product_brand":[],"product_cat":[263,27,162],"product_tag":[],"class_list":{"0":"post-5330","1":"product","2":"type-product","3":"status-publish","4":"has-post-thumbnail","6":"product_cat-aluminiumtrad","7":"product_cat-bonsaitrad","8":"product_cat-presenttips","9":"desktop-align-left","10":"tablet-align-left","11":"mobile-align-left","12":"ast-product-gallery-layout-horizontal-slider","13":"ast-product-gallery-with-no-image","14":"ast-product-tabs-layout-horizontal","15":"ast-qv-on-image","17":"first","18":"instock","19":"taxable","20":"shipping-taxable","21":"purchasable","22":"product-type-simple"},"aioseo_notices":[],"uagb_featured_image_src":{"full":["https:\/\/unikbotanik.se\/wp-content\/uploads\/2019\/04\/ALT100-1.jpg",900,534,false],"thumbnail":["https:\/\/unikbotanik.se\/wp-content\/uploads\/2019\/04\/ALT100-1-150x150.jpg",150,150,true],"medium":["https:\/\/unikbotanik.se\/wp-content\/uploads\/2019\/04\/ALT100-1-300x178.jpg",300,178,true],"medium_large":["https:\/\/unikbotanik.se\/wp-content\/uploads\/2019\/04\/ALT100-1-768x456.jpg",768,456,true],"large":["https:\/\/unikbotanik.se\/wp-content\/uploads\/2019\/04\/ALT100-1.jpg",900,534,false],"1536x1536":["https:\/\/unikbotanik.se\/wp-content\/uploads\/2019\/04\/ALT100-1.jpg",900,534,false],"2048x2048":["https:\/\/unikbotanik.se\/wp-content\/uploads\/2019\/04\/ALT100-1.jpg",900,534,false],"woocommerce_thumbnail":["https:\/\/unikbotanik.se\/wp-content\/uploads\/2019\/04\/ALT100-1-300x300.jpg",300,300,true],"woocommerce_single":["https:\/\/unikbotanik.se\/wp-content\/uploads\/2019\/04\/ALT100-1-600x356.jpg",600,356,true],"woocommerce_gallery_thumbnail":["https:\/\/unikbotanik.se\/wp-content\/uploads\/2019\/04\/ALT100-1-100x100.jpg",100,100,true]},"uagb_author_info":{"display_name":"unikbotanik","author_link":"https:\/\/unikbotanik.se\/en\/author\/"},"uagb_comment_info":0,"uagb_excerpt":"L\u00e4ttjobbadoch stabil tr\u00e5d som \u00e4r mycket prisv\u00e4rd. G\u00e5r inte att j\u00e4mf\u00f6ra med vanlig st\u00e5ltr\u00e5d som \u00e4r stel, h\u00e5rdjobbad och efter n\u00e5gra b\u00f6jar oftast vill g\u00e5 av. Specifikt framtagen f\u00f6r bonsai Rullens form kan variera","_links":{"self":[{"href":"https:\/\/unikbotanik.se\/en\/wp-json\/wp\/v2\/product\/5330","targetHints":{"allow":["GET"]}}],"collection":[{"href":"https:\/\/unikbotanik.se\/en\/wp-json\/wp\/v2\/product"}],"about":[{"href":"https:\/\/unikbotanik.se\/en\/wp-json\/wp\/v2\/types\/product"}],"replies":[{"embeddable":true,"href":"https:\/\/unikbotanik.se\/en\/wp-json\/wp\/v2\/comments?post=5330"}],"wp:featuredmedia":[{"embeddable":true,"href":"https:\/\/unikbotanik.se\/en\/wp-json\/wp\/v2\/media\/341"}],"wp:attachment":[{"href":"https:\/\/unikbotanik.se\/en\/wp-json\/wp\/v2\/media?parent=5330"}],"wp:term":[{"taxonomy":"product_brand","embeddable":true,"href":"https:\/\/unikbotanik.se\/en\/wp-json\/wp\/v2\/product_brand?post=5330"},{"taxonomy":"product_cat","embeddable":true,"href":"https:\/\/unikbotanik.se\/en\/wp-json\/wp\/v2\/product_cat?post=5330"},{"taxonomy":"product_tag","embeddable":true,"href":"https:\/\/unikbotanik.se\/en\/wp-json\/wp\/v2\/product_tag?post=5330"}],"curies":[{"name":"wp","href":"https:\/\/api.w.org\/{rel}","templated":true}]}}