{"id":5204,"date":"2020-02-12T21:14:31","date_gmt":"2020-02-12T20:14:31","guid":{"rendered":"https:\/\/unikbotanik.se\/?post_type=product&#038;p=5204"},"modified":"2026-03-12T15:22:52","modified_gmt":"2026-03-12T14:22:52","slug":"tiepot-traningskruka-med-luftbeskarning","status":"publish","type":"product","link":"https:\/\/unikbotanik.se\/en\/produkt\/tiepot-traningskruka-med-luftbeskarning\/","title":{"rendered":"Tiepot, tr\u00e4ningskruka med luftbesk\u00e4rning, 28 x 11 cm"},"content":{"rendered":"<p>Tiepot \u00e4r en tr\u00e4ningskruka f\u00f6r bonsai under tillv\u00e4xt. R\u00f6tterna leds mot h\u00e5len genom kanaler. V\u00e4l d\u00e4r torkar rotspetsarna och r\u00f6tterna f\u00f6rgrenar sig effektivt. De m\u00e5nga rotspetsarna effektiviserar vatten och n\u00e4ringsintag p\u00e5 ett s\u00e5dant s\u00e4tt att tr\u00e4det tillv\u00e4xer b\u00e4ttre. Inga ringlande r\u00f6tter som g\u00e5r runt runt i krukan. Tiepot \u00e4r ocks\u00e5 f\u00f6rsedd med praktiska f\u00e4sten f\u00f6r att sp\u00e4nna ned grenar.<\/p>\n<p>Tiepot \u00e4r uppfunnen av Jens Lindworsky, en \u00f6sterikare med stort intresse f\u00f6r bonsai och odling.<\/p>\n<p>Vid k\u00f6p av Tiepots \u00f6ver 750 kronor f\u00e5r du fri frakt. OBS g\u00e4ller inte \u00f6vriga varor i samma order.\u00a0 Just nu m\u00e5ste vi dock skicka tillbaka pengarna i efterhand tills vi fixat en rabattkod kopplad till Tiepot.<\/p>\n<p>28 cm i diameter, h\u00f6jd 11 cm.<br \/>\nTiepot rymmer c:a 5,3 liter.<br \/>\nVikt: 350 g<\/p>\n","protected":false},"excerpt":{"rendered":"<p>Tiepot \u00e4r en tr\u00e4ningskruka f\u00f6r bonsai under tillv\u00e4xt. R\u00f6tterna leds mot h\u00e5len genom kanaler. V\u00e4l d\u00e4r torkar rotspetsarna och r\u00f6tterna f\u00f6rgrenar sig effektivt. De m\u00e5nga rotspetsarna effektiviserar vatten och n\u00e4ringsintag p\u00e5 ett s\u00e5dant s\u00e4tt att tr\u00e4det tillv\u00e4xer b\u00e4ttre. Inga ringlande r\u00f6tter som g\u00e5r runt runt i krukan. Tiepot \u00e4r ocks\u00e5 f\u00f6rsedd med praktiska f\u00e4sten f\u00f6r [&hellip;]<\/p>\n","protected":false},"featured_media":5205,"comment_status":"open","ping_status":"closed","template":"","meta":{"_uag_custom_page_level_css":"","_uf_show_specific_survey":0,"_uf_disable_surveys":false,"site-sidebar-layout":"default","site-content-layout":"","ast-site-content-layout":"default","site-content-style":"default","site-sidebar-style":"default","ast-global-header-display":"","ast-banner-title-visibility":"","ast-main-header-display":"","ast-hfb-above-header-display":"","ast-hfb-below-header-display":"","ast-hfb-mobile-header-display":"","site-post-title":"","ast-breadcrumbs-content":"","ast-featured-img":"","footer-sml-layout":"","ast-disable-related-posts":"","theme-transparent-header-meta":"","adv-header-id-meta":"","stick-header-meta":"","header-above-stick-meta":"","header-main-stick-meta":"","header-below-stick-meta":"","astra-migrate-meta-layouts":"default","ast-page-background-enabled":"default","ast-page-background-meta":{"desktop":{"background-color":"var(--ast-global-color-4)","background-image":"","background-repeat":"repeat","background-position":"center center","background-size":"auto","background-attachment":"scroll","background-type":"","background-media":"","overlay-type":"","overlay-color":"","overlay-opacity":"","overlay-gradient":""},"tablet":{"background-color":"","background-image":"","background-repeat":"repeat","background-position":"center center","background-size":"auto","background-attachment":"scroll","background-type":"","background-media":"","overlay-type":"","overlay-color":"","overlay-opacity":"","overlay-gradient":""},"mobile":{"background-color":"","background-image":"","background-repeat":"repeat","background-position":"center center","background-size":"auto","background-attachment":"scroll","background-type":"","background-media":"","overlay-type":"","overlay-color":"","overlay-opacity":"","overlay-gradient":""}},"ast-content-background-meta":{"desktop":{"background-color":"var(--ast-global-color-5)","background-image":"","background-repeat":"repeat","background-position":"center center","background-size":"auto","background-attachment":"scroll","background-type":"","background-media":"","overlay-type":"","overlay-color":"","overlay-opacity":"","overlay-gradient":""},"tablet":{"background-color":"var(--ast-global-color-5)","background-image":"","background-repeat":"repeat","background-position":"center center","background-size":"auto","background-attachment":"scroll","background-type":"","background-media":"","overlay-type":"","overlay-color":"","overlay-opacity":"","overlay-gradient":""},"mobile":{"background-color":"var(--ast-global-color-5)","background-image":"","background-repeat":"repeat","background-position":"center center","background-size":"auto","background-attachment":"scroll","background-type":"","background-media":"","overlay-type":"","overlay-color":"","overlay-opacity":"","overlay-gradient":""}}},"product_brand":[],"product_cat":[25,182],"product_tag":[],"class_list":{"0":"post-5204","1":"product","2":"type-product","3":"status-publish","4":"has-post-thumbnail","6":"product_cat-bonsaikrukor","7":"product_cat-traningskrukor","8":"desktop-align-left","9":"tablet-align-left","10":"mobile-align-left","11":"ast-product-gallery-layout-horizontal-slider","12":"ast-product-tabs-layout-horizontal","13":"ast-qv-on-image","15":"first","16":"instock","17":"taxable","18":"shipping-taxable","19":"purchasable","20":"product-type-simple"},"aioseo_notices":[],"uagb_featured_image_src":{"full":["https:\/\/unikbotanik.se\/wp-content\/uploads\/2020\/02\/KTIE01.jpg",900,900,false],"thumbnail":["https:\/\/unikbotanik.se\/wp-content\/uploads\/2020\/02\/KTIE01-150x150.jpg",150,150,true],"medium":["https:\/\/unikbotanik.se\/wp-content\/uploads\/2020\/02\/KTIE01-300x300.jpg",300,300,true],"medium_large":["https:\/\/unikbotanik.se\/wp-content\/uploads\/2020\/02\/KTIE01-768x768.jpg",768,768,true],"large":["https:\/\/unikbotanik.se\/wp-content\/uploads\/2020\/02\/KTIE01.jpg",900,900,false],"1536x1536":["https:\/\/unikbotanik.se\/wp-content\/uploads\/2020\/02\/KTIE01.jpg",900,900,false],"2048x2048":["https:\/\/unikbotanik.se\/wp-content\/uploads\/2020\/02\/KTIE01.jpg",900,900,false],"woocommerce_thumbnail":["https:\/\/unikbotanik.se\/wp-content\/uploads\/2020\/02\/KTIE01-300x300.jpg",300,300,true],"woocommerce_single":["https:\/\/unikbotanik.se\/wp-content\/uploads\/2020\/02\/KTIE01-600x600.jpg",600,600,true],"woocommerce_gallery_thumbnail":["https:\/\/unikbotanik.se\/wp-content\/uploads\/2020\/02\/KTIE01-100x100.jpg",100,100,true]},"uagb_author_info":{"display_name":"unikbotanik","author_link":"https:\/\/unikbotanik.se\/en\/author\/"},"uagb_comment_info":0,"uagb_excerpt":"Tiepot \u00e4r en tr\u00e4ningskruka f\u00f6r bonsai under tillv\u00e4xt. R\u00f6tterna leds mot h\u00e5len genom kanaler. V\u00e4l d\u00e4r torkar rotspetsarna och r\u00f6tterna f\u00f6rgrenar sig effektivt. De m\u00e5nga rotspetsarna effektiviserar vatten och n\u00e4ringsintag p\u00e5 ett s\u00e5dant s\u00e4tt att tr\u00e4det tillv\u00e4xer b\u00e4ttre. Inga ringlande r\u00f6tter som g\u00e5r runt runt i krukan. Tiepot \u00e4r ocks\u00e5 f\u00f6rsedd med praktiska f\u00e4sten f\u00f6r&hellip;","_links":{"self":[{"href":"https:\/\/unikbotanik.se\/en\/wp-json\/wp\/v2\/product\/5204","targetHints":{"allow":["GET"]}}],"collection":[{"href":"https:\/\/unikbotanik.se\/en\/wp-json\/wp\/v2\/product"}],"about":[{"href":"https:\/\/unikbotanik.se\/en\/wp-json\/wp\/v2\/types\/product"}],"replies":[{"embeddable":true,"href":"https:\/\/unikbotanik.se\/en\/wp-json\/wp\/v2\/comments?post=5204"}],"wp:featuredmedia":[{"embeddable":true,"href":"https:\/\/unikbotanik.se\/en\/wp-json\/wp\/v2\/media\/5205"}],"wp:attachment":[{"href":"https:\/\/unikbotanik.se\/en\/wp-json\/wp\/v2\/media?parent=5204"}],"wp:term":[{"taxonomy":"product_brand","embeddable":true,"href":"https:\/\/unikbotanik.se\/en\/wp-json\/wp\/v2\/product_brand?post=5204"},{"taxonomy":"product_cat","embeddable":true,"href":"https:\/\/unikbotanik.se\/en\/wp-json\/wp\/v2\/product_cat?post=5204"},{"taxonomy":"product_tag","embeddable":true,"href":"https:\/\/unikbotanik.se\/en\/wp-json\/wp\/v2\/product_tag?post=5204"}],"curies":[{"name":"wp","href":"https:\/\/api.w.org\/{rel}","templated":true}]}}