{"id":5187,"date":"2020-02-11T20:01:07","date_gmt":"2020-02-11T19:01:07","guid":{"rendered":"https:\/\/unikbotanik.se\/?post_type=product&#038;p=5187"},"modified":"2026-04-05T10:55:53","modified_gmt":"2026-04-05T08:55:53","slug":"kvistsax-y-form-satsuki-vansterhant-for-bonsai-195mm-fran-japanska-kikuwa","status":"publish","type":"product","link":"https:\/\/unikbotanik.se\/en\/produkt\/kvistsax-y-form-satsuki-vansterhant-for-bonsai-195mm-fran-japanska-kikuwa\/","title":{"rendered":"Kvistsax, Y-form (Satsuki), v\u00e4nsterh\u00e4nt, f\u00f6r bonsai, 195mm fr\u00e5n japanska Kikuwa"},"content":{"rendered":"<p>Kvistsax\/azaleasax\/satsuki-sax med extra l\u00e5nga sk\u00e4nklar, f\u00f6r besk\u00e4rning inne i tr\u00e4dkronan, f\u00f6r bonsaitr\u00e4d. Kvalitetssax 180mm, f\u00f6r precisionsbesk\u00e4rning.<\/p>\n<p>Saxen \u00e4r tillverkad av Kikuwa, Niigata, Japan och passar fr\u00e4mst v\u00e4nsterh\u00e4nta.<\/p>\n<p>Materialet \u00e4r s.k. vitpapperst\u00e5l. Ett extra rent st\u00e5l av den typ som anv\u00e4ndes till traditionella samuraisv\u00e4rd. St\u00e5let tillverkas av f\u00f6retaget Hitachi som ligger i Yasugi, i Japan. N\u00e4r det v\u00e4l h\u00e4rdats har det en v\u00e4ldigt fin s.k. martentisisk kristallstruktur, vilket ger det mycket fin egg efter slipning.<\/p>\n<p>Vitpapperst\u00e5l inneh\u00e5ller mycket lite orenheter.<br \/>\nKol: 1.,1 &#8211; 1,2%<br \/>\nKisel: 0,1 &#8211; 0,2%<br \/>\nFosfor: &lt;0,025%<br \/>\nSvavel: &lt;0,004%<\/p>\n<p>L\u00e4ngd: 195mm<br \/>\nVikt: 117g<br \/>\nMaterial: Vitpapper, Yasuki-st\u00e5l (kolst\u00e5l)<\/p>\n<p>Kikuwa-verktyg k\u00f6ps fr\u00e5n Japan. N\u00e4r produkten inte finns i lager best\u00e4ller vi den p\u00e5 nytt sannolikt inom ett halv\u00e5r.<\/p>\n<p>&nbsp;<\/p>\n","protected":false},"excerpt":{"rendered":"<p>Kvistsax\/azaleasax\/satsuki-sax med extra l\u00e5nga sk\u00e4nklar, f\u00f6r besk\u00e4rning inne i tr\u00e4dkronan, f\u00f6r bonsaitr\u00e4d. Kvalitetssax 180mm, f\u00f6r precisionsbesk\u00e4rning. Saxen \u00e4r tillverkad av Kikuwa, Niigata, Japan och passar fr\u00e4mst v\u00e4nsterh\u00e4nta. Materialet \u00e4r s.k. vitpapperst\u00e5l. Ett extra rent st\u00e5l av den typ som anv\u00e4ndes till traditionella samuraisv\u00e4rd. St\u00e5let tillverkas av f\u00f6retaget Hitachi som ligger i Yasugi, i Japan. N\u00e4r [&hellip;]<\/p>\n","protected":false},"featured_media":5190,"comment_status":"open","ping_status":"closed","template":"","meta":{"_uag_custom_page_level_css":"","_uf_show_specific_survey":0,"_uf_disable_surveys":false,"site-sidebar-layout":"default","site-content-layout":"","ast-site-content-layout":"default","site-content-style":"default","site-sidebar-style":"default","ast-global-header-display":"","ast-banner-title-visibility":"","ast-main-header-display":"","ast-hfb-above-header-display":"","ast-hfb-below-header-display":"","ast-hfb-mobile-header-display":"","site-post-title":"","ast-breadcrumbs-content":"","ast-featured-img":"","footer-sml-layout":"","ast-disable-related-posts":"","theme-transparent-header-meta":"","adv-header-id-meta":"","stick-header-meta":"","header-above-stick-meta":"","header-main-stick-meta":"","header-below-stick-meta":"","astra-migrate-meta-layouts":"default","ast-page-background-enabled":"default","ast-page-background-meta":{"desktop":{"background-color":"var(--ast-global-color-4)","background-image":"","background-repeat":"repeat","background-position":"center center","background-size":"auto","background-attachment":"scroll","background-type":"","background-media":"","overlay-type":"","overlay-color":"","overlay-opacity":"","overlay-gradient":""},"tablet":{"background-color":"","background-image":"","background-repeat":"repeat","background-position":"center center","background-size":"auto","background-attachment":"scroll","background-type":"","background-media":"","overlay-type":"","overlay-color":"","overlay-opacity":"","overlay-gradient":""},"mobile":{"background-color":"","background-image":"","background-repeat":"repeat","background-position":"center center","background-size":"auto","background-attachment":"scroll","background-type":"","background-media":"","overlay-type":"","overlay-color":"","overlay-opacity":"","overlay-gradient":""}},"ast-content-background-meta":{"desktop":{"background-color":"var(--ast-global-color-5)","background-image":"","background-repeat":"repeat","background-position":"center center","background-size":"auto","background-attachment":"scroll","background-type":"","background-media":"","overlay-type":"","overlay-color":"","overlay-opacity":"","overlay-gradient":""},"tablet":{"background-color":"var(--ast-global-color-5)","background-image":"","background-repeat":"repeat","background-position":"center center","background-size":"auto","background-attachment":"scroll","background-type":"","background-media":"","overlay-type":"","overlay-color":"","overlay-opacity":"","overlay-gradient":""},"mobile":{"background-color":"var(--ast-global-color-5)","background-image":"","background-repeat":"repeat","background-position":"center center","background-size":"auto","background-attachment":"scroll","background-type":"","background-media":"","overlay-type":"","overlay-color":"","overlay-opacity":"","overlay-gradient":""}}},"product_brand":[],"product_cat":[165,157,412],"product_tag":[],"class_list":{"0":"post-5187","1":"product","2":"type-product","3":"status-publish","4":"has-post-thumbnail","6":"product_cat-for-vanster-hand","7":"product_cat-kikuwa-japan","8":"product_cat-saxar","9":"desktop-align-left","10":"tablet-align-left","11":"mobile-align-left","12":"ast-product-gallery-layout-horizontal-slider","13":"ast-product-tabs-layout-horizontal","14":"ast-qv-on-image","16":"first","17":"instock","18":"taxable","19":"shipping-taxable","20":"purchasable","21":"product-type-simple"},"aioseo_notices":[],"uagb_featured_image_src":{"full":["https:\/\/unikbotanik.se\/wp-content\/uploads\/2020\/02\/VKKW2066HLa.jpg",900,900,false],"thumbnail":["https:\/\/unikbotanik.se\/wp-content\/uploads\/2020\/02\/VKKW2066HLa-150x150.jpg",150,150,true],"medium":["https:\/\/unikbotanik.se\/wp-content\/uploads\/2020\/02\/VKKW2066HLa-300x300.jpg",300,300,true],"medium_large":["https:\/\/unikbotanik.se\/wp-content\/uploads\/2020\/02\/VKKW2066HLa-768x768.jpg",768,768,true],"large":["https:\/\/unikbotanik.se\/wp-content\/uploads\/2020\/02\/VKKW2066HLa.jpg",900,900,false],"1536x1536":["https:\/\/unikbotanik.se\/wp-content\/uploads\/2020\/02\/VKKW2066HLa.jpg",900,900,false],"2048x2048":["https:\/\/unikbotanik.se\/wp-content\/uploads\/2020\/02\/VKKW2066HLa.jpg",900,900,false],"woocommerce_thumbnail":["https:\/\/unikbotanik.se\/wp-content\/uploads\/2020\/02\/VKKW2066HLa-300x300.jpg",300,300,true],"woocommerce_single":["https:\/\/unikbotanik.se\/wp-content\/uploads\/2020\/02\/VKKW2066HLa-600x600.jpg",600,600,true],"woocommerce_gallery_thumbnail":["https:\/\/unikbotanik.se\/wp-content\/uploads\/2020\/02\/VKKW2066HLa-100x100.jpg",100,100,true]},"uagb_author_info":{"display_name":"unikbotanik","author_link":"https:\/\/unikbotanik.se\/en\/author\/"},"uagb_comment_info":0,"uagb_excerpt":"Kvistsax\/azaleasax\/satsuki-sax med extra l\u00e5nga sk\u00e4nklar, f\u00f6r besk\u00e4rning inne i tr\u00e4dkronan, f\u00f6r bonsaitr\u00e4d. Kvalitetssax 180mm, f\u00f6r precisionsbesk\u00e4rning. Saxen \u00e4r tillverkad av Kikuwa, Niigata, Japan och passar fr\u00e4mst v\u00e4nsterh\u00e4nta. Materialet \u00e4r s.k. vitpapperst\u00e5l. Ett extra rent st\u00e5l av den typ som anv\u00e4ndes till traditionella samuraisv\u00e4rd. St\u00e5let tillverkas av f\u00f6retaget Hitachi som ligger i Yasugi, i Japan. N\u00e4r&hellip;","_links":{"self":[{"href":"https:\/\/unikbotanik.se\/en\/wp-json\/wp\/v2\/product\/5187","targetHints":{"allow":["GET"]}}],"collection":[{"href":"https:\/\/unikbotanik.se\/en\/wp-json\/wp\/v2\/product"}],"about":[{"href":"https:\/\/unikbotanik.se\/en\/wp-json\/wp\/v2\/types\/product"}],"replies":[{"embeddable":true,"href":"https:\/\/unikbotanik.se\/en\/wp-json\/wp\/v2\/comments?post=5187"}],"wp:featuredmedia":[{"embeddable":true,"href":"https:\/\/unikbotanik.se\/en\/wp-json\/wp\/v2\/media\/5190"}],"wp:attachment":[{"href":"https:\/\/unikbotanik.se\/en\/wp-json\/wp\/v2\/media?parent=5187"}],"wp:term":[{"taxonomy":"product_brand","embeddable":true,"href":"https:\/\/unikbotanik.se\/en\/wp-json\/wp\/v2\/product_brand?post=5187"},{"taxonomy":"product_cat","embeddable":true,"href":"https:\/\/unikbotanik.se\/en\/wp-json\/wp\/v2\/product_cat?post=5187"},{"taxonomy":"product_tag","embeddable":true,"href":"https:\/\/unikbotanik.se\/en\/wp-json\/wp\/v2\/product_tag?post=5187"}],"curies":[{"name":"wp","href":"https:\/\/api.w.org\/{rel}","templated":true}]}}