{"id":4696,"date":"2019-12-14T21:44:23","date_gmt":"2019-12-14T20:44:23","guid":{"rendered":"https:\/\/unikbotanik.se\/?post_type=product&#038;p=4696"},"modified":"2026-04-05T10:55:40","modified_gmt":"2026-04-05T08:55:40","slug":"kvistsax-vansterhant-lang-for-bonsai-210mm-fran-japanska-kikuwa","status":"publish","type":"product","link":"https:\/\/unikbotanik.se\/en\/produkt\/kvistsax-vansterhant-lang-for-bonsai-210mm-fran-japanska-kikuwa\/","title":{"rendered":"Kvistsax, [v\u00e4nsterh\u00e4nt] l\u00e5ng, f\u00f6r bonsai, 210mm fr\u00e5n japanska Kikuwa"},"content":{"rendered":"<p>Kvistsax, f\u00f6r v\u00e4nster hand, med extra l\u00e5nga sk\u00e4nklar, f\u00f6r besk\u00e4rning inne i tr\u00e4dkronan, f\u00f6r bonsaitr\u00e4d. Kvalitetssax 180mm, f\u00f6r precisionsbesk\u00e4rning i tr\u00e4dkronan.<\/p>\n<p>(Vi beklagar det h\u00f6ga priset, men dessa g\u00f6rs i mindre kvantiteter och priset blir dessv\u00e4rre lite h\u00f6gre.)<\/p>\n<p>Saxen \u00e4r tillverkad av Kikuwa, Niigata, Japan.<\/p>\n<p>Material: h\u00e4rdat kolst\u00e5l.<\/p>\n<p>&nbsp;<\/p>\n<p>&nbsp;<\/p>\n<p>Kikuwa-verktyg k\u00f6ps fr\u00e5n Japan. N\u00e4r produkten inte finns i lager best\u00e4ller vi den p\u00e5 nytt sannolikt inom ett halv\u00e5r.<\/p>\n<p>&nbsp;<\/p>\n","protected":false},"excerpt":{"rendered":"<p>Kvistsax, f\u00f6r v\u00e4nster hand, med extra l\u00e5nga sk\u00e4nklar, f\u00f6r besk\u00e4rning inne i tr\u00e4dkronan, f\u00f6r bonsaitr\u00e4d. Kvalitetssax 180mm, f\u00f6r precisionsbesk\u00e4rning i tr\u00e4dkronan. (Vi beklagar det h\u00f6ga priset, men dessa g\u00f6rs i mindre kvantiteter och priset blir dessv\u00e4rre lite h\u00f6gre.) Saxen \u00e4r tillverkad av Kikuwa, Niigata, Japan. Material: h\u00e4rdat kolst\u00e5l. &nbsp; &nbsp; Kikuwa-verktyg k\u00f6ps fr\u00e5n Japan. N\u00e4r [&hellip;]<\/p>\n","protected":false},"featured_media":4697,"comment_status":"open","ping_status":"closed","template":"","meta":{"_uag_custom_page_level_css":"","_uf_show_specific_survey":0,"_uf_disable_surveys":false,"site-sidebar-layout":"default","site-content-layout":"","ast-site-content-layout":"default","site-content-style":"default","site-sidebar-style":"default","ast-global-header-display":"","ast-banner-title-visibility":"","ast-main-header-display":"","ast-hfb-above-header-display":"","ast-hfb-below-header-display":"","ast-hfb-mobile-header-display":"","site-post-title":"","ast-breadcrumbs-content":"","ast-featured-img":"","footer-sml-layout":"","ast-disable-related-posts":"","theme-transparent-header-meta":"","adv-header-id-meta":"","stick-header-meta":"","header-above-stick-meta":"","header-main-stick-meta":"","header-below-stick-meta":"","astra-migrate-meta-layouts":"default","ast-page-background-enabled":"default","ast-page-background-meta":{"desktop":{"background-color":"var(--ast-global-color-4)","background-image":"","background-repeat":"repeat","background-position":"center center","background-size":"auto","background-attachment":"scroll","background-type":"","background-media":"","overlay-type":"","overlay-color":"","overlay-opacity":"","overlay-gradient":""},"tablet":{"background-color":"","background-image":"","background-repeat":"repeat","background-position":"center center","background-size":"auto","background-attachment":"scroll","background-type":"","background-media":"","overlay-type":"","overlay-color":"","overlay-opacity":"","overlay-gradient":""},"mobile":{"background-color":"","background-image":"","background-repeat":"repeat","background-position":"center center","background-size":"auto","background-attachment":"scroll","background-type":"","background-media":"","overlay-type":"","overlay-color":"","overlay-opacity":"","overlay-gradient":""}},"ast-content-background-meta":{"desktop":{"background-color":"var(--ast-global-color-5)","background-image":"","background-repeat":"repeat","background-position":"center center","background-size":"auto","background-attachment":"scroll","background-type":"","background-media":"","overlay-type":"","overlay-color":"","overlay-opacity":"","overlay-gradient":""},"tablet":{"background-color":"var(--ast-global-color-5)","background-image":"","background-repeat":"repeat","background-position":"center center","background-size":"auto","background-attachment":"scroll","background-type":"","background-media":"","overlay-type":"","overlay-color":"","overlay-opacity":"","overlay-gradient":""},"mobile":{"background-color":"var(--ast-global-color-5)","background-image":"","background-repeat":"repeat","background-position":"center center","background-size":"auto","background-attachment":"scroll","background-type":"","background-media":"","overlay-type":"","overlay-color":"","overlay-opacity":"","overlay-gradient":""}}},"product_brand":[],"product_cat":[165,157,412],"product_tag":[],"class_list":{"0":"post-4696","1":"product","2":"type-product","3":"status-publish","4":"has-post-thumbnail","6":"product_cat-for-vanster-hand","7":"product_cat-kikuwa-japan","8":"product_cat-saxar","9":"desktop-align-left","10":"tablet-align-left","11":"mobile-align-left","12":"ast-product-gallery-layout-horizontal-slider","13":"ast-product-tabs-layout-horizontal","14":"ast-qv-on-image","16":"first","17":"instock","18":"taxable","19":"shipping-taxable","20":"purchasable","21":"product-type-simple"},"aioseo_notices":[],"uagb_featured_image_src":{"full":["https:\/\/unikbotanik.se\/wp-content\/uploads\/2019\/12\/VKKW2065.jpg",900,900,false],"thumbnail":["https:\/\/unikbotanik.se\/wp-content\/uploads\/2019\/12\/VKKW2065-150x150.jpg",150,150,true],"medium":["https:\/\/unikbotanik.se\/wp-content\/uploads\/2019\/12\/VKKW2065-300x300.jpg",300,300,true],"medium_large":["https:\/\/unikbotanik.se\/wp-content\/uploads\/2019\/12\/VKKW2065-768x768.jpg",768,768,true],"large":["https:\/\/unikbotanik.se\/wp-content\/uploads\/2019\/12\/VKKW2065.jpg",900,900,false],"1536x1536":["https:\/\/unikbotanik.se\/wp-content\/uploads\/2019\/12\/VKKW2065.jpg",900,900,false],"2048x2048":["https:\/\/unikbotanik.se\/wp-content\/uploads\/2019\/12\/VKKW2065.jpg",900,900,false],"woocommerce_thumbnail":["https:\/\/unikbotanik.se\/wp-content\/uploads\/2019\/12\/VKKW2065-300x300.jpg",300,300,true],"woocommerce_single":["https:\/\/unikbotanik.se\/wp-content\/uploads\/2019\/12\/VKKW2065-600x600.jpg",600,600,true],"woocommerce_gallery_thumbnail":["https:\/\/unikbotanik.se\/wp-content\/uploads\/2019\/12\/VKKW2065-100x100.jpg",100,100,true]},"uagb_author_info":{"display_name":"unikbotanik","author_link":"https:\/\/unikbotanik.se\/en\/author\/"},"uagb_comment_info":0,"uagb_excerpt":"Kvistsax, f\u00f6r v\u00e4nster hand, med extra l\u00e5nga sk\u00e4nklar, f\u00f6r besk\u00e4rning inne i tr\u00e4dkronan, f\u00f6r bonsaitr\u00e4d. Kvalitetssax 180mm, f\u00f6r precisionsbesk\u00e4rning i tr\u00e4dkronan. (Vi beklagar det h\u00f6ga priset, men dessa g\u00f6rs i mindre kvantiteter och priset blir dessv\u00e4rre lite h\u00f6gre.) Saxen \u00e4r tillverkad av Kikuwa, Niigata, Japan. Material: h\u00e4rdat kolst\u00e5l. &nbsp; &nbsp; Kikuwa-verktyg k\u00f6ps fr\u00e5n Japan. N\u00e4r&hellip;","_links":{"self":[{"href":"https:\/\/unikbotanik.se\/en\/wp-json\/wp\/v2\/product\/4696","targetHints":{"allow":["GET"]}}],"collection":[{"href":"https:\/\/unikbotanik.se\/en\/wp-json\/wp\/v2\/product"}],"about":[{"href":"https:\/\/unikbotanik.se\/en\/wp-json\/wp\/v2\/types\/product"}],"replies":[{"embeddable":true,"href":"https:\/\/unikbotanik.se\/en\/wp-json\/wp\/v2\/comments?post=4696"}],"wp:featuredmedia":[{"embeddable":true,"href":"https:\/\/unikbotanik.se\/en\/wp-json\/wp\/v2\/media\/4697"}],"wp:attachment":[{"href":"https:\/\/unikbotanik.se\/en\/wp-json\/wp\/v2\/media?parent=4696"}],"wp:term":[{"taxonomy":"product_brand","embeddable":true,"href":"https:\/\/unikbotanik.se\/en\/wp-json\/wp\/v2\/product_brand?post=4696"},{"taxonomy":"product_cat","embeddable":true,"href":"https:\/\/unikbotanik.se\/en\/wp-json\/wp\/v2\/product_cat?post=4696"},{"taxonomy":"product_tag","embeddable":true,"href":"https:\/\/unikbotanik.se\/en\/wp-json\/wp\/v2\/product_tag?post=4696"}],"curies":[{"name":"wp","href":"https:\/\/api.w.org\/{rel}","templated":true}]}}