{"id":4626,"date":"2019-12-13T23:01:08","date_gmt":"2019-12-13T22:01:08","guid":{"rendered":"https:\/\/unikbotanik.se\/?post_type=product&#038;p=4626"},"modified":"2026-04-05T10:51:28","modified_gmt":"2026-04-05T08:51:28","slug":"stamdelare-for-storre-ingrepp-i-ditt-bonsaitrad-270-mm-lang-kikuwa-niigata-japan","status":"publish","type":"product","link":"https:\/\/unikbotanik.se\/en\/produkt\/stamdelare-for-storre-ingrepp-i-ditt-bonsaitrad-270-mm-lang-kikuwa-niigata-japan\/","title":{"rendered":"Stamdelare f\u00f6r st\u00f6rre ingrepp i ditt bonsaitr\u00e4d. 270 mm l\u00e5ng, Kikuwa, Niigata, Japan."},"content":{"rendered":"<p>Stamdelare med rakt snyggt snitt f\u00f6r lite rej\u00e4lare ingrepp som ympning och andra tekniker som kr\u00e4ver lite kraft. Denna t\u00e5ng fr\u00e5n Kikuwa \u00e4r 270 mm l\u00e5ng och kan dela \u00e4ven lite kraftigare stammar.<\/p>\n<p>T\u00e5ngen som \u00e4r av kolst\u00e5l \u00e4r av h\u00f6g kvalitet och ett verktyg du kan ha i m\u00e5nga l\u00e5nga \u00e5r, \u00e4ven om du har m\u00e5nga tr\u00e4d i din \u00e4go.<\/p>\n<p>Observera det snygga \u00f6verlappet n\u00e4r t\u00e5ngen sluts. Detta skyddar mot rundad egg och ger snygga snitt under l\u00e5ng tid.<\/p>\n<p>T\u00e5ngen \u00e4r tillverkad av Kikuwa fr\u00e5n Niigata, Japan.<\/p>\n<p>Material: Svartoxiderat kolst\u00e5l.<\/p>\n<p>&nbsp;<\/p>\n<p>&nbsp;<\/p>\n<p>Kikuwa-verktyg k\u00f6ps fr\u00e5n Japan. N\u00e4r produkten inte finns i lager best\u00e4ller vi den p\u00e5 nytt sannolikt inom ett halv\u00e5r.<\/p>\n<p>&nbsp;<\/p>\n","protected":false},"excerpt":{"rendered":"<p>Stamdelare med rakt snyggt snitt f\u00f6r lite rej\u00e4lare ingrepp som ympning och andra tekniker som kr\u00e4ver lite kraft. Denna t\u00e5ng fr\u00e5n Kikuwa \u00e4r 270 mm l\u00e5ng och kan dela \u00e4ven lite kraftigare stammar. T\u00e5ngen som \u00e4r av kolst\u00e5l \u00e4r av h\u00f6g kvalitet och ett verktyg du kan ha i m\u00e5nga l\u00e5nga \u00e5r, \u00e4ven om du [&hellip;]<\/p>\n","protected":false},"featured_media":4627,"comment_status":"open","ping_status":"closed","template":"","meta":{"_uag_custom_page_level_css":"","_uf_show_specific_survey":0,"_uf_disable_surveys":false,"site-sidebar-layout":"default","site-content-layout":"","ast-site-content-layout":"default","site-content-style":"default","site-sidebar-style":"default","ast-global-header-display":"","ast-banner-title-visibility":"","ast-main-header-display":"","ast-hfb-above-header-display":"","ast-hfb-below-header-display":"","ast-hfb-mobile-header-display":"","site-post-title":"","ast-breadcrumbs-content":"","ast-featured-img":"","footer-sml-layout":"","ast-disable-related-posts":"","theme-transparent-header-meta":"","adv-header-id-meta":"","stick-header-meta":"","header-above-stick-meta":"","header-main-stick-meta":"","header-below-stick-meta":"","astra-migrate-meta-layouts":"default","ast-page-background-enabled":"default","ast-page-background-meta":{"desktop":{"background-color":"var(--ast-global-color-4)","background-image":"","background-repeat":"repeat","background-position":"center center","background-size":"auto","background-attachment":"scroll","background-type":"","background-media":"","overlay-type":"","overlay-color":"","overlay-opacity":"","overlay-gradient":""},"tablet":{"background-color":"","background-image":"","background-repeat":"repeat","background-position":"center center","background-size":"auto","background-attachment":"scroll","background-type":"","background-media":"","overlay-type":"","overlay-color":"","overlay-opacity":"","overlay-gradient":""},"mobile":{"background-color":"","background-image":"","background-repeat":"repeat","background-position":"center center","background-size":"auto","background-attachment":"scroll","background-type":"","background-media":"","overlay-type":"","overlay-color":"","overlay-opacity":"","overlay-gradient":""}},"ast-content-background-meta":{"desktop":{"background-color":"var(--ast-global-color-5)","background-image":"","background-repeat":"repeat","background-position":"center center","background-size":"auto","background-attachment":"scroll","background-type":"","background-media":"","overlay-type":"","overlay-color":"","overlay-opacity":"","overlay-gradient":""},"tablet":{"background-color":"var(--ast-global-color-5)","background-image":"","background-repeat":"repeat","background-position":"center center","background-size":"auto","background-attachment":"scroll","background-type":"","background-media":"","overlay-type":"","overlay-color":"","overlay-opacity":"","overlay-gradient":""},"mobile":{"background-color":"var(--ast-global-color-5)","background-image":"","background-repeat":"repeat","background-position":"center center","background-size":"auto","background-attachment":"scroll","background-type":"","background-media":"","overlay-type":"","overlay-color":"","overlay-opacity":"","overlay-gradient":""}}},"product_brand":[],"product_cat":[157,422],"product_tag":[],"class_list":{"0":"post-4626","1":"product","2":"type-product","3":"status-publish","4":"has-post-thumbnail","6":"product_cat-kikuwa-japan","7":"product_cat-stamverktyg","8":"desktop-align-left","9":"tablet-align-left","10":"mobile-align-left","11":"ast-product-gallery-layout-horizontal-slider","12":"ast-product-gallery-with-no-image","13":"ast-product-tabs-layout-horizontal","14":"ast-qv-on-image","16":"first","17":"instock","18":"taxable","19":"shipping-taxable","20":"purchasable","21":"product-type-simple"},"aioseo_notices":[],"uagb_featured_image_src":{"full":["https:\/\/unikbotanik.se\/wp-content\/uploads\/2019\/12\/VKKW1235.jpg",900,900,false],"thumbnail":["https:\/\/unikbotanik.se\/wp-content\/uploads\/2019\/12\/VKKW1235-150x150.jpg",150,150,true],"medium":["https:\/\/unikbotanik.se\/wp-content\/uploads\/2019\/12\/VKKW1235-300x300.jpg",300,300,true],"medium_large":["https:\/\/unikbotanik.se\/wp-content\/uploads\/2019\/12\/VKKW1235-768x768.jpg",768,768,true],"large":["https:\/\/unikbotanik.se\/wp-content\/uploads\/2019\/12\/VKKW1235.jpg",900,900,false],"1536x1536":["https:\/\/unikbotanik.se\/wp-content\/uploads\/2019\/12\/VKKW1235.jpg",900,900,false],"2048x2048":["https:\/\/unikbotanik.se\/wp-content\/uploads\/2019\/12\/VKKW1235.jpg",900,900,false],"woocommerce_thumbnail":["https:\/\/unikbotanik.se\/wp-content\/uploads\/2019\/12\/VKKW1235-300x300.jpg",300,300,true],"woocommerce_single":["https:\/\/unikbotanik.se\/wp-content\/uploads\/2019\/12\/VKKW1235-600x600.jpg",600,600,true],"woocommerce_gallery_thumbnail":["https:\/\/unikbotanik.se\/wp-content\/uploads\/2019\/12\/VKKW1235-100x100.jpg",100,100,true]},"uagb_author_info":{"display_name":"unikbotanik","author_link":"https:\/\/unikbotanik.se\/en\/author\/"},"uagb_comment_info":0,"uagb_excerpt":"Stamdelare med rakt snyggt snitt f\u00f6r lite rej\u00e4lare ingrepp som ympning och andra tekniker som kr\u00e4ver lite kraft. Denna t\u00e5ng fr\u00e5n Kikuwa \u00e4r 270 mm l\u00e5ng och kan dela \u00e4ven lite kraftigare stammar. T\u00e5ngen som \u00e4r av kolst\u00e5l \u00e4r av h\u00f6g kvalitet och ett verktyg du kan ha i m\u00e5nga l\u00e5nga \u00e5r, \u00e4ven om du&hellip;","_links":{"self":[{"href":"https:\/\/unikbotanik.se\/en\/wp-json\/wp\/v2\/product\/4626","targetHints":{"allow":["GET"]}}],"collection":[{"href":"https:\/\/unikbotanik.se\/en\/wp-json\/wp\/v2\/product"}],"about":[{"href":"https:\/\/unikbotanik.se\/en\/wp-json\/wp\/v2\/types\/product"}],"replies":[{"embeddable":true,"href":"https:\/\/unikbotanik.se\/en\/wp-json\/wp\/v2\/comments?post=4626"}],"wp:featuredmedia":[{"embeddable":true,"href":"https:\/\/unikbotanik.se\/en\/wp-json\/wp\/v2\/media\/4627"}],"wp:attachment":[{"href":"https:\/\/unikbotanik.se\/en\/wp-json\/wp\/v2\/media?parent=4626"}],"wp:term":[{"taxonomy":"product_brand","embeddable":true,"href":"https:\/\/unikbotanik.se\/en\/wp-json\/wp\/v2\/product_brand?post=4626"},{"taxonomy":"product_cat","embeddable":true,"href":"https:\/\/unikbotanik.se\/en\/wp-json\/wp\/v2\/product_cat?post=4626"},{"taxonomy":"product_tag","embeddable":true,"href":"https:\/\/unikbotanik.se\/en\/wp-json\/wp\/v2\/product_tag?post=4626"}],"curies":[{"name":"wp","href":"https:\/\/api.w.org\/{rel}","templated":true}]}}