{"id":4195,"date":"2019-10-26T22:35:02","date_gmt":"2019-10-26T20:35:02","guid":{"rendered":"https:\/\/unikbotanik.se\/?post_type=product&#038;p=4195"},"modified":"2025-06-23T18:27:01","modified_gmt":"2025-06-23T16:27:01","slug":"grenbeskarare-rundad-konkavtang-165-mm-yagimitsu-japan","status":"publish","type":"product","link":"https:\/\/unikbotanik.se\/en\/produkt\/grenbeskarare-rundad-konkavtang-165-mm-yagimitsu-japan\/","title":{"rendered":"Grenbesk\u00e4rare, rundad konkavt\u00e5ng, 165 mm, Yagimitsu, Japan"},"content":{"rendered":"<p>Grensax\/konkavt\u00e5ng med rundat snyggt snitt som l\u00e4ttare l\u00e4ker. Med 165 mm passar denna sm\u00e5 och medelstora grenar. F\u00f6r kraftiga grenar har vi en st\u00f6rre motsvarighet.<\/p>\n<p>Det rundade snittet ger en konkav s\u00e5ryta som l\u00e4ttare l\u00e4ker, likt en klott\u00e5ng, men med \u00e5tkomligheten hos en normal konkavt\u00e5ng.<\/p>\n<p>T\u00e5ngen som \u00e4r av kolst\u00e5l \u00e4r av h\u00f6gsta kvalitet och ett verktyg du kan ha i m\u00e5nga l\u00e5nga \u00e5r, \u00e4ven om du har m\u00e5nga tr\u00e4d i din \u00e4go.<\/p>\n<p>T\u00e5ngen \u00e4r tillverkad av japanska Yagimitsu.<\/p>\n<p>Material: Kolst\u00e5l, svartoxiderat.<\/p>\n","protected":false},"excerpt":{"rendered":"<p>Grensax\/konkavt\u00e5ng med rundat snyggt snitt som l\u00e4ttare l\u00e4ker. Med 165 mm passar denna sm\u00e5 och medelstora grenar. F\u00f6r kraftiga grenar har vi en st\u00f6rre motsvarighet. Det rundade snittet ger en konkav s\u00e5ryta som l\u00e4ttare l\u00e4ker, likt en klott\u00e5ng, men med \u00e5tkomligheten hos en normal konkavt\u00e5ng. T\u00e5ngen som \u00e4r av kolst\u00e5l \u00e4r av h\u00f6gsta kvalitet och [&hellip;]<\/p>\n","protected":false},"featured_media":4196,"comment_status":"open","ping_status":"closed","template":"","meta":{"_uag_custom_page_level_css":"","_uf_show_specific_survey":0,"_uf_disable_surveys":false,"site-sidebar-layout":"default","site-content-layout":"","ast-site-content-layout":"default","site-content-style":"default","site-sidebar-style":"default","ast-global-header-display":"","ast-banner-title-visibility":"","ast-main-header-display":"","ast-hfb-above-header-display":"","ast-hfb-below-header-display":"","ast-hfb-mobile-header-display":"","site-post-title":"","ast-breadcrumbs-content":"","ast-featured-img":"","footer-sml-layout":"","ast-disable-related-posts":"","theme-transparent-header-meta":"","adv-header-id-meta":"","stick-header-meta":"","header-above-stick-meta":"","header-main-stick-meta":"","header-below-stick-meta":"","astra-migrate-meta-layouts":"default","ast-page-background-enabled":"default","ast-page-background-meta":{"desktop":{"background-color":"var(--ast-global-color-4)","background-image":"","background-repeat":"repeat","background-position":"center center","background-size":"auto","background-attachment":"scroll","background-type":"","background-media":"","overlay-type":"","overlay-color":"","overlay-opacity":"","overlay-gradient":""},"tablet":{"background-color":"","background-image":"","background-repeat":"repeat","background-position":"center center","background-size":"auto","background-attachment":"scroll","background-type":"","background-media":"","overlay-type":"","overlay-color":"","overlay-opacity":"","overlay-gradient":""},"mobile":{"background-color":"","background-image":"","background-repeat":"repeat","background-position":"center center","background-size":"auto","background-attachment":"scroll","background-type":"","background-media":"","overlay-type":"","overlay-color":"","overlay-opacity":"","overlay-gradient":""}},"ast-content-background-meta":{"desktop":{"background-color":"var(--ast-global-color-5)","background-image":"","background-repeat":"repeat","background-position":"center center","background-size":"auto","background-attachment":"scroll","background-type":"","background-media":"","overlay-type":"","overlay-color":"","overlay-opacity":"","overlay-gradient":""},"tablet":{"background-color":"var(--ast-global-color-5)","background-image":"","background-repeat":"repeat","background-position":"center center","background-size":"auto","background-attachment":"scroll","background-type":"","background-media":"","overlay-type":"","overlay-color":"","overlay-opacity":"","overlay-gradient":""},"mobile":{"background-color":"var(--ast-global-color-5)","background-image":"","background-repeat":"repeat","background-position":"center center","background-size":"auto","background-attachment":"scroll","background-type":"","background-media":"","overlay-type":"","overlay-color":"","overlay-opacity":"","overlay-gradient":""}}},"product_brand":[],"product_cat":[413,161],"product_tag":[],"class_list":{"0":"post-4195","1":"product","2":"type-product","3":"status-publish","4":"has-post-thumbnail","6":"product_cat-tanger","7":"product_cat-yagimizu-japan","8":"desktop-align-left","9":"tablet-align-left","10":"mobile-align-left","11":"ast-product-gallery-layout-horizontal-slider","12":"ast-product-tabs-layout-horizontal","13":"ast-qv-on-image","15":"first","16":"outofstock","17":"taxable","18":"shipping-taxable","19":"purchasable","20":"product-type-simple"},"aioseo_notices":[],"uagb_featured_image_src":{"full":["https:\/\/unikbotanik.se\/wp-content\/uploads\/2019\/10\/VYAG140787.jpg",900,900,false],"thumbnail":["https:\/\/unikbotanik.se\/wp-content\/uploads\/2019\/10\/VYAG140787-150x150.jpg",150,150,true],"medium":["https:\/\/unikbotanik.se\/wp-content\/uploads\/2019\/10\/VYAG140787-300x300.jpg",300,300,true],"medium_large":["https:\/\/unikbotanik.se\/wp-content\/uploads\/2019\/10\/VYAG140787-768x768.jpg",768,768,true],"large":["https:\/\/unikbotanik.se\/wp-content\/uploads\/2019\/10\/VYAG140787.jpg",900,900,false],"1536x1536":["https:\/\/unikbotanik.se\/wp-content\/uploads\/2019\/10\/VYAG140787.jpg",900,900,false],"2048x2048":["https:\/\/unikbotanik.se\/wp-content\/uploads\/2019\/10\/VYAG140787.jpg",900,900,false],"woocommerce_thumbnail":["https:\/\/unikbotanik.se\/wp-content\/uploads\/2019\/10\/VYAG140787-300x300.jpg",300,300,true],"woocommerce_single":["https:\/\/unikbotanik.se\/wp-content\/uploads\/2019\/10\/VYAG140787-600x600.jpg",600,600,true],"woocommerce_gallery_thumbnail":["https:\/\/unikbotanik.se\/wp-content\/uploads\/2019\/10\/VYAG140787-100x100.jpg",100,100,true]},"uagb_author_info":{"display_name":"unikbotanik","author_link":"https:\/\/unikbotanik.se\/en\/author\/"},"uagb_comment_info":0,"uagb_excerpt":"Grensax\/konkavt\u00e5ng med rundat snyggt snitt som l\u00e4ttare l\u00e4ker. Med 165 mm passar denna sm\u00e5 och medelstora grenar. F\u00f6r kraftiga grenar har vi en st\u00f6rre motsvarighet. Det rundade snittet ger en konkav s\u00e5ryta som l\u00e4ttare l\u00e4ker, likt en klott\u00e5ng, men med \u00e5tkomligheten hos en normal konkavt\u00e5ng. T\u00e5ngen som \u00e4r av kolst\u00e5l \u00e4r av h\u00f6gsta kvalitet och&hellip;","_links":{"self":[{"href":"https:\/\/unikbotanik.se\/en\/wp-json\/wp\/v2\/product\/4195","targetHints":{"allow":["GET"]}}],"collection":[{"href":"https:\/\/unikbotanik.se\/en\/wp-json\/wp\/v2\/product"}],"about":[{"href":"https:\/\/unikbotanik.se\/en\/wp-json\/wp\/v2\/types\/product"}],"replies":[{"embeddable":true,"href":"https:\/\/unikbotanik.se\/en\/wp-json\/wp\/v2\/comments?post=4195"}],"wp:featuredmedia":[{"embeddable":true,"href":"https:\/\/unikbotanik.se\/en\/wp-json\/wp\/v2\/media\/4196"}],"wp:attachment":[{"href":"https:\/\/unikbotanik.se\/en\/wp-json\/wp\/v2\/media?parent=4195"}],"wp:term":[{"taxonomy":"product_brand","embeddable":true,"href":"https:\/\/unikbotanik.se\/en\/wp-json\/wp\/v2\/product_brand?post=4195"},{"taxonomy":"product_cat","embeddable":true,"href":"https:\/\/unikbotanik.se\/en\/wp-json\/wp\/v2\/product_cat?post=4195"},{"taxonomy":"product_tag","embeddable":true,"href":"https:\/\/unikbotanik.se\/en\/wp-json\/wp\/v2\/product_tag?post=4195"}],"curies":[{"name":"wp","href":"https:\/\/api.w.org\/{rel}","templated":true}]}}