{"id":4079,"date":"2019-10-10T09:16:19","date_gmt":"2019-10-10T07:16:19","guid":{"rendered":"https:\/\/unikbotanik.se\/?post_type=product&#038;p=4079"},"modified":"2026-04-05T09:58:59","modified_gmt":"2026-04-05T07:58:59","slug":"nyborjarpaket-grensax-rotsax-grenbeskarare-och-trad","status":"publish","type":"product","link":"https:\/\/unikbotanik.se\/en\/produkt\/nyborjarpaket-grensax-rotsax-grenbeskarare-och-trad\/","title":{"rendered":"Nyb\u00f6rjarpaket f\u00f6r bonsai, kvistsax, grenbesk\u00e4rare, kratta och bonsaitr\u00e5d"},"content":{"rendered":"<p><strong>Nyb\u00f6rjarkit f\u00f6r den nya bonsaientusiasten i tre delar plus tr\u00e5d.<\/strong><\/p>\n<p>Paketet inneh\u00e5ller de tv\u00e5 viktigaste bonsaisaxarna\/bonsaiverktygen du beh\u00f6ver f\u00f6r att komma ig\u00e5ng.<\/p>\n<p>I b\u00f6rjan kan det r\u00e4cka med en vass k\u00f6kssax, men n\u00e4r du nu tar steget in i bonsai-v\u00e4rlden p\u00e5 riktigt \u00e4r det viktigt med verktyg som ger l\u00e4ttl\u00e4kta snitt och som \u00e4r enkla att anv\u00e4nda.<\/p>\n<p>Kvistsaxen \u00e4r en l\u00e5ng och smal bonsaisax fr\u00e5n kinesiska Dingmu. Kvistsaxen \u00e4r l\u00e5ng och spetsig f\u00f6r att komma \u00e5t inne i bonsaitr\u00e4dets krona utan att du av misstag klipper av andra kvistar eller l\u00f6v. Det l\u00e5nga skaftet ger ocks\u00e5 en bra h\u00e4vst\u00e5ng f\u00f6r att du skall klara av att klippa av kvistar och inte bara enkla plastf\u00f6rpackningar som med k\u00f6kssaxen. Snitten blir j\u00e4mna och snygga utan att s\u00e5ret flisar sig vilket minimerar v\u00e4tskef\u00f6rlusten och angreppsytan f\u00f6r sjukdomar p\u00e5 det beskurna tr\u00e4det. Spetsen \u00e4r l\u00e4tt korsad s\u00e5 att den skall kunna klippa \u00e4nda ut i spetsen.<\/p>\n<p>Konkav grensax \u00e4r en bonsait\u00e5ng fr\u00e5n kinesiska Dingmu som du anv\u00e4nder n\u00e4r du skall kapa lite st\u00f6rre grenar p\u00e5 tr\u00e4det. Det konkava snittet g\u00f6r att s\u00e5ret med tiden kan v\u00e4xa \u00f6ver och l\u00e4kas av tr\u00e4det. F\u00f6rslagsvis l\u00e4gger du p\u00e5 lite pasta f\u00f6r s\u00e5rt\u00e4tning vid st\u00f6rre snitt. Dels f\u00f6r att skydda tr\u00e4det mot v\u00e4tskef\u00f6rlust och dels f\u00f6r att skydda mot virus och svamp som annars kan hitta in i s\u00e5ret.<\/p>\n<p>Aluminiumtr\u00e5d anv\u00e4nds f\u00f6r att ge stam och grenar \u00f6nskad form. Du lindar kvistarna med bonsaitr\u00e5d av aluminium som \u00e4r c:a 1\/3 av grenens tjocklek. Tunnare kan beroende p\u00e5 tr\u00e4dslag ha sv\u00e5rt att beh\u00e5lla formen p\u00e5 grenen. Men undvik att linda med allt f\u00f6r tjock tr\u00e5d eftersom du kan r\u00e5ka bryta grenar medan du b\u00f6jer tr\u00e5den. Du kan ocks\u00e5 anv\u00e4nda tjockare tr\u00e5d f\u00f6r att b\u00f6ja grenar genom att t.ex. tillverka en krok f\u00e4stad runt stammen eller runt basen p\u00e5 en annan gren.<\/p>\n<p>Vi har valt att skicka med 100g av varje av 2mm och 3mm tr\u00e5d, eftersom dessa \u00e4r de som anv\u00e4nds mest. Du f\u00e5r f\u00e4rf\u00f6r lite mer tr\u00e5d nu \u00e4n i tidigare paket.<\/p>\n<p>Bonsaitr\u00e5d avl\u00e4gsnas s\u00e4krast med en tr\u00e5dsax. Samtidigt kan du \u00e5teranv\u00e4nda tr\u00e5den om du lindar av den igen, men d\u00e5 riskerar du att bryta kvistar under tiden. Var mycket f\u00f6rsiktig!<\/p>\n<p>Paketet inneh\u00e5ller:<\/p>\n<ul>\n<li>Kvistsax (VMI33746)<\/li>\n<li>Grenbesk\u00e4rare (VMIS133741)<\/li>\n<li>Kratta med spatel<\/li>\n<li>Aluminiumtr\u00e5d<br \/>\n2 mm &#8211; 100g<br \/>\n3 mm &#8211; 100g<\/li>\n<\/ul>\n<p>Totalt v\u00e4rde: 739 kr<\/p>\n","protected":false},"excerpt":{"rendered":"<p>Nyb\u00f6rjarkit f\u00f6r den nya bonsaientusiasten i tre delar plus tr\u00e5d. Paketet inneh\u00e5ller de tv\u00e5 viktigaste bonsaisaxarna\/bonsaiverktygen du beh\u00f6ver f\u00f6r att komma ig\u00e5ng. I b\u00f6rjan kan det r\u00e4cka med en vass k\u00f6kssax, men n\u00e4r du nu tar steget in i bonsai-v\u00e4rlden p\u00e5 riktigt \u00e4r det viktigt med verktyg som ger l\u00e4ttl\u00e4kta snitt och som \u00e4r enkla [&hellip;]<\/p>\n","protected":false},"featured_media":9832,"comment_status":"open","ping_status":"closed","template":"","meta":{"_uag_custom_page_level_css":"","_uf_show_specific_survey":0,"_uf_disable_surveys":false,"site-sidebar-layout":"default","site-content-layout":"","ast-site-content-layout":"default","site-content-style":"default","site-sidebar-style":"default","ast-global-header-display":"","ast-banner-title-visibility":"","ast-main-header-display":"","ast-hfb-above-header-display":"","ast-hfb-below-header-display":"","ast-hfb-mobile-header-display":"","site-post-title":"","ast-breadcrumbs-content":"","ast-featured-img":"","footer-sml-layout":"","ast-disable-related-posts":"","theme-transparent-header-meta":"default","adv-header-id-meta":"","stick-header-meta":"default","header-above-stick-meta":"","header-main-stick-meta":"","header-below-stick-meta":"","astra-migrate-meta-layouts":"set","ast-page-background-enabled":"default","ast-page-background-meta":{"desktop":{"background-color":"var(--ast-global-color-4)","background-image":"","background-repeat":"repeat","background-position":"center center","background-size":"auto","background-attachment":"scroll","background-type":"","background-media":"","overlay-type":"","overlay-color":"","overlay-opacity":"","overlay-gradient":""},"tablet":{"background-color":"","background-image":"","background-repeat":"repeat","background-position":"center center","background-size":"auto","background-attachment":"scroll","background-type":"","background-media":"","overlay-type":"","overlay-color":"","overlay-opacity":"","overlay-gradient":""},"mobile":{"background-color":"","background-image":"","background-repeat":"repeat","background-position":"center center","background-size":"auto","background-attachment":"scroll","background-type":"","background-media":"","overlay-type":"","overlay-color":"","overlay-opacity":"","overlay-gradient":""}},"ast-content-background-meta":{"desktop":{"background-color":"var(--ast-global-color-5)","background-image":"","background-repeat":"repeat","background-position":"center center","background-size":"auto","background-attachment":"scroll","background-type":"","background-media":"","overlay-type":"","overlay-color":"","overlay-opacity":"","overlay-gradient":""},"tablet":{"background-color":"var(--ast-global-color-5)","background-image":"","background-repeat":"repeat","background-position":"center center","background-size":"auto","background-attachment":"scroll","background-type":"","background-media":"","overlay-type":"","overlay-color":"","overlay-opacity":"","overlay-gradient":""},"mobile":{"background-color":"var(--ast-global-color-5)","background-image":"","background-repeat":"repeat","background-position":"center center","background-size":"auto","background-attachment":"scroll","background-type":"","background-media":"","overlay-type":"","overlay-color":"","overlay-opacity":"","overlay-gradient":""}}},"product_brand":[],"product_cat":[127,162,420],"product_tag":[],"class_list":{"0":"post-4079","1":"product","2":"type-product","3":"status-publish","4":"has-post-thumbnail","6":"product_cat-nyborjare","7":"product_cat-presenttips","8":"product_cat-verktygskit","9":"desktop-align-left","10":"tablet-align-left","11":"mobile-align-left","12":"ast-product-gallery-layout-horizontal-slider","13":"ast-product-tabs-layout-horizontal","14":"ast-qv-on-image","16":"first","17":"instock","18":"taxable","19":"shipping-taxable","20":"purchasable","21":"product-type-woosb"},"aioseo_notices":[],"uagb_featured_image_src":{"full":["https:\/\/unikbotanik.se\/wp-content\/uploads\/2019\/10\/VMISPKT_01-3.jpg",2140,2144,false],"thumbnail":["https:\/\/unikbotanik.se\/wp-content\/uploads\/2019\/10\/VMISPKT_01-3-150x150.jpg",150,150,true],"medium":["https:\/\/unikbotanik.se\/wp-content\/uploads\/2019\/10\/VMISPKT_01-3-300x300.jpg",300,300,true],"medium_large":["https:\/\/unikbotanik.se\/wp-content\/uploads\/2019\/10\/VMISPKT_01-3-768x769.jpg",768,769,true],"large":["https:\/\/unikbotanik.se\/wp-content\/uploads\/2019\/10\/VMISPKT_01-3-1022x1024.jpg",1022,1024,true],"1536x1536":["https:\/\/unikbotanik.se\/wp-content\/uploads\/2019\/10\/VMISPKT_01-3-1533x1536.jpg",1533,1536,true],"2048x2048":["https:\/\/unikbotanik.se\/wp-content\/uploads\/2019\/10\/VMISPKT_01-3-2044x2048.jpg",2044,2048,true],"woocommerce_thumbnail":["https:\/\/unikbotanik.se\/wp-content\/uploads\/2019\/10\/VMISPKT_01-3-300x300.jpg",300,300,true],"woocommerce_single":["https:\/\/unikbotanik.se\/wp-content\/uploads\/2019\/10\/VMISPKT_01-3-600x601.jpg",600,601,true],"woocommerce_gallery_thumbnail":["https:\/\/unikbotanik.se\/wp-content\/uploads\/2019\/10\/VMISPKT_01-3-100x100.jpg",100,100,true]},"uagb_author_info":{"display_name":"unikbotanik","author_link":"https:\/\/unikbotanik.se\/en\/author\/"},"uagb_comment_info":0,"uagb_excerpt":"Nyb\u00f6rjarkit f\u00f6r den nya bonsaientusiasten i tre delar plus tr\u00e5d. Paketet inneh\u00e5ller de tv\u00e5 viktigaste bonsaisaxarna\/bonsaiverktygen du beh\u00f6ver f\u00f6r att komma ig\u00e5ng. I b\u00f6rjan kan det r\u00e4cka med en vass k\u00f6kssax, men n\u00e4r du nu tar steget in i bonsai-v\u00e4rlden p\u00e5 riktigt \u00e4r det viktigt med verktyg som ger l\u00e4ttl\u00e4kta snitt och som \u00e4r enkla&hellip;","_links":{"self":[{"href":"https:\/\/unikbotanik.se\/en\/wp-json\/wp\/v2\/product\/4079","targetHints":{"allow":["GET"]}}],"collection":[{"href":"https:\/\/unikbotanik.se\/en\/wp-json\/wp\/v2\/product"}],"about":[{"href":"https:\/\/unikbotanik.se\/en\/wp-json\/wp\/v2\/types\/product"}],"replies":[{"embeddable":true,"href":"https:\/\/unikbotanik.se\/en\/wp-json\/wp\/v2\/comments?post=4079"}],"wp:featuredmedia":[{"embeddable":true,"href":"https:\/\/unikbotanik.se\/en\/wp-json\/wp\/v2\/media\/9832"}],"wp:attachment":[{"href":"https:\/\/unikbotanik.se\/en\/wp-json\/wp\/v2\/media?parent=4079"}],"wp:term":[{"taxonomy":"product_brand","embeddable":true,"href":"https:\/\/unikbotanik.se\/en\/wp-json\/wp\/v2\/product_brand?post=4079"},{"taxonomy":"product_cat","embeddable":true,"href":"https:\/\/unikbotanik.se\/en\/wp-json\/wp\/v2\/product_cat?post=4079"},{"taxonomy":"product_tag","embeddable":true,"href":"https:\/\/unikbotanik.se\/en\/wp-json\/wp\/v2\/product_tag?post=4079"}],"curies":[{"name":"wp","href":"https:\/\/api.w.org\/{rel}","templated":true}]}}