{"id":3959,"date":"2019-09-28T21:15:48","date_gmt":"2019-09-28T19:15:48","guid":{"rendered":"https:\/\/unikbotanik.se\/?post_type=product&#038;p=3959"},"modified":"2025-06-26T12:14:17","modified_gmt":"2025-06-26T10:14:17","slug":"grenbeskarare-rak-konkavtang-205-mm-kikuwa-japan","status":"publish","type":"product","link":"https:\/\/unikbotanik.se\/en\/produkt\/grenbeskarare-rak-konkavtang-205-mm-kikuwa-japan\/","title":{"rendered":"Grent\u00e5ng, konkavt\u00e5ng, 205 mm fr\u00e5n japanska Kikuwa."},"content":{"rendered":"<p>Grensax\/konkavt\u00e5ng med rakt snyggt snitt som l\u00e4ttare l\u00e4ker. Denna t\u00e5ng fr\u00e5n Kikuwa med 205 mm l\u00e4ngd har en bra h\u00e4vst\u00e5ng och kraft nog f\u00f6r ganska kraftiga grenar.<\/p>\n<p>T\u00e5ngen som \u00e4r av kolst\u00e5l \u00e4r av h\u00f6g kvalitet och ett verktyg du kan ha i m\u00e5nga l\u00e5nga \u00e5r, \u00e4ven om du har m\u00e5nga tr\u00e4d i din \u00e4go.<\/p>\n<p>T\u00e5ngen \u00e4r tillverkad av Kikuwa fr\u00e5n Niigata, Japan.<\/p>\n<p>Material: Svartoxiderat kolst\u00e5l.<\/p>\n<p>&nbsp;<\/p>\n<p>&nbsp;<\/p>\n<p>Kikuwa-verktyg k\u00f6ps fr\u00e5n Japan. N\u00e4r produkten inte finns i lager best\u00e4ller vi den p\u00e5 nytt sannolikt inom ett halv\u00e5r.<\/p>\n<p>&nbsp;<\/p>\n","protected":false},"excerpt":{"rendered":"<p>Grensax\/konkavt\u00e5ng med rakt snyggt snitt som l\u00e4ttare l\u00e4ker. Denna t\u00e5ng fr\u00e5n Kikuwa med 205 mm l\u00e4ngd har en bra h\u00e4vst\u00e5ng och kraft nog f\u00f6r ganska kraftiga grenar. T\u00e5ngen som \u00e4r av kolst\u00e5l \u00e4r av h\u00f6g kvalitet och ett verktyg du kan ha i m\u00e5nga l\u00e5nga \u00e5r, \u00e4ven om du har m\u00e5nga tr\u00e4d i din \u00e4go. [&hellip;]<\/p>\n","protected":false},"featured_media":3968,"comment_status":"open","ping_status":"closed","template":"","meta":{"_uag_custom_page_level_css":"","_uf_show_specific_survey":0,"_uf_disable_surveys":false,"site-sidebar-layout":"default","site-content-layout":"","ast-site-content-layout":"default","site-content-style":"default","site-sidebar-style":"default","ast-global-header-display":"","ast-banner-title-visibility":"","ast-main-header-display":"","ast-hfb-above-header-display":"","ast-hfb-below-header-display":"","ast-hfb-mobile-header-display":"","site-post-title":"","ast-breadcrumbs-content":"","ast-featured-img":"","footer-sml-layout":"","ast-disable-related-posts":"","theme-transparent-header-meta":"","adv-header-id-meta":"","stick-header-meta":"","header-above-stick-meta":"","header-main-stick-meta":"","header-below-stick-meta":"","astra-migrate-meta-layouts":"default","ast-page-background-enabled":"default","ast-page-background-meta":{"desktop":{"background-color":"var(--ast-global-color-4)","background-image":"","background-repeat":"repeat","background-position":"center center","background-size":"auto","background-attachment":"scroll","background-type":"","background-media":"","overlay-type":"","overlay-color":"","overlay-opacity":"","overlay-gradient":""},"tablet":{"background-color":"","background-image":"","background-repeat":"repeat","background-position":"center center","background-size":"auto","background-attachment":"scroll","background-type":"","background-media":"","overlay-type":"","overlay-color":"","overlay-opacity":"","overlay-gradient":""},"mobile":{"background-color":"","background-image":"","background-repeat":"repeat","background-position":"center center","background-size":"auto","background-attachment":"scroll","background-type":"","background-media":"","overlay-type":"","overlay-color":"","overlay-opacity":"","overlay-gradient":""}},"ast-content-background-meta":{"desktop":{"background-color":"var(--ast-global-color-5)","background-image":"","background-repeat":"repeat","background-position":"center center","background-size":"auto","background-attachment":"scroll","background-type":"","background-media":"","overlay-type":"","overlay-color":"","overlay-opacity":"","overlay-gradient":""},"tablet":{"background-color":"var(--ast-global-color-5)","background-image":"","background-repeat":"repeat","background-position":"center center","background-size":"auto","background-attachment":"scroll","background-type":"","background-media":"","overlay-type":"","overlay-color":"","overlay-opacity":"","overlay-gradient":""},"mobile":{"background-color":"var(--ast-global-color-5)","background-image":"","background-repeat":"repeat","background-position":"center center","background-size":"auto","background-attachment":"scroll","background-type":"","background-media":"","overlay-type":"","overlay-color":"","overlay-opacity":"","overlay-gradient":""}}},"product_brand":[],"product_cat":[157,413],"product_tag":[],"class_list":{"0":"post-3959","1":"product","2":"type-product","3":"status-publish","4":"has-post-thumbnail","6":"product_cat-kikuwa-japan","7":"product_cat-tanger","8":"desktop-align-left","9":"tablet-align-left","10":"mobile-align-left","11":"ast-product-gallery-layout-horizontal-slider","12":"ast-product-tabs-layout-horizontal","13":"ast-qv-on-image","15":"first","16":"outofstock","17":"taxable","18":"shipping-taxable","19":"purchasable","20":"product-type-simple"},"aioseo_notices":[],"uagb_featured_image_src":{"full":["https:\/\/unikbotanik.se\/wp-content\/uploads\/2019\/09\/VKKW1202.jpg",900,900,false],"thumbnail":["https:\/\/unikbotanik.se\/wp-content\/uploads\/2019\/09\/VKKW1202-150x150.jpg",150,150,true],"medium":["https:\/\/unikbotanik.se\/wp-content\/uploads\/2019\/09\/VKKW1202-300x300.jpg",300,300,true],"medium_large":["https:\/\/unikbotanik.se\/wp-content\/uploads\/2019\/09\/VKKW1202-768x768.jpg",768,768,true],"large":["https:\/\/unikbotanik.se\/wp-content\/uploads\/2019\/09\/VKKW1202.jpg",900,900,false],"1536x1536":["https:\/\/unikbotanik.se\/wp-content\/uploads\/2019\/09\/VKKW1202.jpg",900,900,false],"2048x2048":["https:\/\/unikbotanik.se\/wp-content\/uploads\/2019\/09\/VKKW1202.jpg",900,900,false],"woocommerce_thumbnail":["https:\/\/unikbotanik.se\/wp-content\/uploads\/2019\/09\/VKKW1202-300x300.jpg",300,300,true],"woocommerce_single":["https:\/\/unikbotanik.se\/wp-content\/uploads\/2019\/09\/VKKW1202-600x600.jpg",600,600,true],"woocommerce_gallery_thumbnail":["https:\/\/unikbotanik.se\/wp-content\/uploads\/2019\/09\/VKKW1202-100x100.jpg",100,100,true]},"uagb_author_info":{"display_name":"unikbotanik","author_link":"https:\/\/unikbotanik.se\/en\/author\/"},"uagb_comment_info":0,"uagb_excerpt":"Grensax\/konkavt\u00e5ng med rakt snyggt snitt som l\u00e4ttare l\u00e4ker. Denna t\u00e5ng fr\u00e5n Kikuwa med 205 mm l\u00e4ngd har en bra h\u00e4vst\u00e5ng och kraft nog f\u00f6r ganska kraftiga grenar. T\u00e5ngen som \u00e4r av kolst\u00e5l \u00e4r av h\u00f6g kvalitet och ett verktyg du kan ha i m\u00e5nga l\u00e5nga \u00e5r, \u00e4ven om du har m\u00e5nga tr\u00e4d i din \u00e4go.&hellip;","_links":{"self":[{"href":"https:\/\/unikbotanik.se\/en\/wp-json\/wp\/v2\/product\/3959","targetHints":{"allow":["GET"]}}],"collection":[{"href":"https:\/\/unikbotanik.se\/en\/wp-json\/wp\/v2\/product"}],"about":[{"href":"https:\/\/unikbotanik.se\/en\/wp-json\/wp\/v2\/types\/product"}],"replies":[{"embeddable":true,"href":"https:\/\/unikbotanik.se\/en\/wp-json\/wp\/v2\/comments?post=3959"}],"wp:featuredmedia":[{"embeddable":true,"href":"https:\/\/unikbotanik.se\/en\/wp-json\/wp\/v2\/media\/3968"}],"wp:attachment":[{"href":"https:\/\/unikbotanik.se\/en\/wp-json\/wp\/v2\/media?parent=3959"}],"wp:term":[{"taxonomy":"product_brand","embeddable":true,"href":"https:\/\/unikbotanik.se\/en\/wp-json\/wp\/v2\/product_brand?post=3959"},{"taxonomy":"product_cat","embeddable":true,"href":"https:\/\/unikbotanik.se\/en\/wp-json\/wp\/v2\/product_cat?post=3959"},{"taxonomy":"product_tag","embeddable":true,"href":"https:\/\/unikbotanik.se\/en\/wp-json\/wp\/v2\/product_tag?post=3959"}],"curies":[{"name":"wp","href":"https:\/\/api.w.org\/{rel}","templated":true}]}}