{"id":3783,"date":"2019-08-03T23:03:43","date_gmt":"2019-08-03T21:03:43","guid":{"rendered":"https:\/\/unikbotanik.se\/?post_type=product&#038;p=3783"},"modified":"2025-11-08T17:09:16","modified_gmt":"2025-11-08T16:09:16","slug":"kvistsax-rostfri-180-mm-fran-yagimitsu-japan","status":"publish","type":"product","link":"https:\/\/unikbotanik.se\/en\/produkt\/kvistsax-rostfri-180-mm-fran-yagimitsu-japan\/","title":{"rendered":"Kvistsax, rostfri 180 mm fr\u00e5n Yagimitsu, Japan"},"content":{"rendered":"<p>Rostfri kvistsax f\u00f6r bonsaitr\u00e4d som \u00e4r framtagen med bra h\u00e4vst\u00e5ngseffekt f\u00f6r sm\u00e5 och medelstora kvistar. Det extra l\u00e5nga handtaget ger \u00e5tkomst tilll sv\u00e5r\u00e5tkomliga delar i kronan och minskar risken f\u00f6r att du klipper fler kvistar p\u00e5 en g\u00e5ng.<\/p>\n<p>Saxen \u00e4r tillverkad av Yagimitsu, Japan.<\/p>\n<p>Material: Rostfritt st\u00e5l.<\/p>\n","protected":false},"excerpt":{"rendered":"<p>Rostfri kvistsax f\u00f6r bonsaitr\u00e4d som \u00e4r framtagen med bra h\u00e4vst\u00e5ngseffekt f\u00f6r sm\u00e5 och medelstora kvistar. Det extra l\u00e5nga handtaget ger \u00e5tkomst tilll sv\u00e5r\u00e5tkomliga delar i kronan och minskar risken f\u00f6r att du klipper fler kvistar p\u00e5 en g\u00e5ng. Saxen \u00e4r tillverkad av Yagimitsu, Japan. Material: Rostfritt st\u00e5l.<\/p>\n","protected":false},"featured_media":3784,"comment_status":"open","ping_status":"closed","template":"","meta":{"_uag_custom_page_level_css":"","_uf_show_specific_survey":0,"_uf_disable_surveys":false,"site-sidebar-layout":"default","site-content-layout":"","ast-site-content-layout":"default","site-content-style":"default","site-sidebar-style":"default","ast-global-header-display":"","ast-banner-title-visibility":"","ast-main-header-display":"","ast-hfb-above-header-display":"","ast-hfb-below-header-display":"","ast-hfb-mobile-header-display":"","site-post-title":"","ast-breadcrumbs-content":"","ast-featured-img":"","footer-sml-layout":"","ast-disable-related-posts":"","theme-transparent-header-meta":"","adv-header-id-meta":"","stick-header-meta":"","header-above-stick-meta":"","header-main-stick-meta":"","header-below-stick-meta":"","astra-migrate-meta-layouts":"default","ast-page-background-enabled":"default","ast-page-background-meta":{"desktop":{"background-color":"var(--ast-global-color-4)","background-image":"","background-repeat":"repeat","background-position":"center center","background-size":"auto","background-attachment":"scroll","background-type":"","background-media":"","overlay-type":"","overlay-color":"","overlay-opacity":"","overlay-gradient":""},"tablet":{"background-color":"","background-image":"","background-repeat":"repeat","background-position":"center center","background-size":"auto","background-attachment":"scroll","background-type":"","background-media":"","overlay-type":"","overlay-color":"","overlay-opacity":"","overlay-gradient":""},"mobile":{"background-color":"","background-image":"","background-repeat":"repeat","background-position":"center center","background-size":"auto","background-attachment":"scroll","background-type":"","background-media":"","overlay-type":"","overlay-color":"","overlay-opacity":"","overlay-gradient":""}},"ast-content-background-meta":{"desktop":{"background-color":"var(--ast-global-color-5)","background-image":"","background-repeat":"repeat","background-position":"center center","background-size":"auto","background-attachment":"scroll","background-type":"","background-media":"","overlay-type":"","overlay-color":"","overlay-opacity":"","overlay-gradient":""},"tablet":{"background-color":"var(--ast-global-color-5)","background-image":"","background-repeat":"repeat","background-position":"center center","background-size":"auto","background-attachment":"scroll","background-type":"","background-media":"","overlay-type":"","overlay-color":"","overlay-opacity":"","overlay-gradient":""},"mobile":{"background-color":"var(--ast-global-color-5)","background-image":"","background-repeat":"repeat","background-position":"center center","background-size":"auto","background-attachment":"scroll","background-type":"","background-media":"","overlay-type":"","overlay-color":"","overlay-opacity":"","overlay-gradient":""}}},"product_brand":[],"product_cat":[412,161],"product_tag":[],"class_list":{"0":"post-3783","1":"product","2":"type-product","3":"status-publish","4":"has-post-thumbnail","6":"product_cat-saxar","7":"product_cat-yagimizu-japan","8":"desktop-align-left","9":"tablet-align-left","10":"mobile-align-left","11":"ast-product-gallery-layout-horizontal-slider","12":"ast-product-tabs-layout-horizontal","13":"ast-qv-on-image","15":"first","16":"instock","17":"taxable","18":"shipping-taxable","19":"purchasable","20":"product-type-simple"},"aioseo_notices":[],"uagb_featured_image_src":{"full":["https:\/\/unikbotanik.se\/wp-content\/uploads\/2019\/08\/VMIS138993.jpg",900,900,false],"thumbnail":["https:\/\/unikbotanik.se\/wp-content\/uploads\/2019\/08\/VMIS138993-150x150.jpg",150,150,true],"medium":["https:\/\/unikbotanik.se\/wp-content\/uploads\/2019\/08\/VMIS138993-300x300.jpg",300,300,true],"medium_large":["https:\/\/unikbotanik.se\/wp-content\/uploads\/2019\/08\/VMIS138993-768x768.jpg",768,768,true],"large":["https:\/\/unikbotanik.se\/wp-content\/uploads\/2019\/08\/VMIS138993.jpg",900,900,false],"1536x1536":["https:\/\/unikbotanik.se\/wp-content\/uploads\/2019\/08\/VMIS138993.jpg",900,900,false],"2048x2048":["https:\/\/unikbotanik.se\/wp-content\/uploads\/2019\/08\/VMIS138993.jpg",900,900,false],"woocommerce_thumbnail":["https:\/\/unikbotanik.se\/wp-content\/uploads\/2019\/08\/VMIS138993-300x300.jpg",300,300,true],"woocommerce_single":["https:\/\/unikbotanik.se\/wp-content\/uploads\/2019\/08\/VMIS138993-600x600.jpg",600,600,true],"woocommerce_gallery_thumbnail":["https:\/\/unikbotanik.se\/wp-content\/uploads\/2019\/08\/VMIS138993-100x100.jpg",100,100,true]},"uagb_author_info":{"display_name":"unikbotanik","author_link":"https:\/\/unikbotanik.se\/en\/author\/"},"uagb_comment_info":0,"uagb_excerpt":"Rostfri kvistsax f\u00f6r bonsaitr\u00e4d som \u00e4r framtagen med bra h\u00e4vst\u00e5ngseffekt f\u00f6r sm\u00e5 och medelstora kvistar. Det extra l\u00e5nga handtaget ger \u00e5tkomst tilll sv\u00e5r\u00e5tkomliga delar i kronan och minskar risken f\u00f6r att du klipper fler kvistar p\u00e5 en g\u00e5ng. Saxen \u00e4r tillverkad av Yagimitsu, Japan. Material: Rostfritt st\u00e5l.","_links":{"self":[{"href":"https:\/\/unikbotanik.se\/en\/wp-json\/wp\/v2\/product\/3783","targetHints":{"allow":["GET"]}}],"collection":[{"href":"https:\/\/unikbotanik.se\/en\/wp-json\/wp\/v2\/product"}],"about":[{"href":"https:\/\/unikbotanik.se\/en\/wp-json\/wp\/v2\/types\/product"}],"replies":[{"embeddable":true,"href":"https:\/\/unikbotanik.se\/en\/wp-json\/wp\/v2\/comments?post=3783"}],"wp:featuredmedia":[{"embeddable":true,"href":"https:\/\/unikbotanik.se\/en\/wp-json\/wp\/v2\/media\/3784"}],"wp:attachment":[{"href":"https:\/\/unikbotanik.se\/en\/wp-json\/wp\/v2\/media?parent=3783"}],"wp:term":[{"taxonomy":"product_brand","embeddable":true,"href":"https:\/\/unikbotanik.se\/en\/wp-json\/wp\/v2\/product_brand?post=3783"},{"taxonomy":"product_cat","embeddable":true,"href":"https:\/\/unikbotanik.se\/en\/wp-json\/wp\/v2\/product_cat?post=3783"},{"taxonomy":"product_tag","embeddable":true,"href":"https:\/\/unikbotanik.se\/en\/wp-json\/wp\/v2\/product_tag?post=3783"}],"curies":[{"name":"wp","href":"https:\/\/api.w.org\/{rel}","templated":true}]}}