{"id":3724,"date":"2019-07-31T23:04:49","date_gmt":"2019-07-31T21:04:49","guid":{"rendered":"https:\/\/unikbotanik.se\/?post_type=product&#038;p=3724"},"modified":"2024-05-23T14:55:15","modified_gmt":"2024-05-23T12:55:15","slug":"grensag-bonsaisag-235-mm-fran-dingmu-kina","status":"publish","type":"product","link":"https:\/\/unikbotanik.se\/en\/produkt\/grensag-bonsaisag-235-mm-fran-dingmu-kina\/","title":{"rendered":"Grens\u00e5g\/bonsais\u00e5g, 235 mm, fr\u00e5n Dingmu, Kina"},"content":{"rendered":"<p>En vass precisionss\u00e5g fr\u00e5n kinesiska Dingmu avsedd f\u00f6r gr\u00f6vre grenar\/stammar d\u00e4r bonsait\u00e5ng inte r\u00e4cker till. Bonsais\u00e5gen har vass h\u00e5rdmetall-egg som ger snygga snitt p\u00e5 din bonsai. F\u00f6lj upp snittet med t.ex. en klott\u00e5ng f\u00f6r att j\u00e4mna till s\u00e5rytorna. T\u00e4ck med s\u00e5rpasta f\u00f6r att uppn\u00e5 minsta p\u00e5verkan p\u00e5 ditt tr\u00e4d!<\/p>\n","protected":false},"excerpt":{"rendered":"<p>En vass precisionss\u00e5g fr\u00e5n kinesiska Dingmu avsedd f\u00f6r gr\u00f6vre grenar\/stammar d\u00e4r bonsait\u00e5ng inte r\u00e4cker till. Bonsais\u00e5gen har vass h\u00e5rdmetall-egg som ger snygga snitt p\u00e5 din bonsai. F\u00f6lj upp snittet med t.ex. en klott\u00e5ng f\u00f6r att j\u00e4mna till s\u00e5rytorna. T\u00e4ck med s\u00e5rpasta f\u00f6r att uppn\u00e5 minsta p\u00e5verkan p\u00e5 ditt tr\u00e4d!<\/p>\n","protected":false},"featured_media":3725,"comment_status":"open","ping_status":"closed","template":"","meta":{"_uag_custom_page_level_css":"","_uf_show_specific_survey":0,"_uf_disable_surveys":false,"site-sidebar-layout":"default","site-content-layout":"","ast-site-content-layout":"default","site-content-style":"default","site-sidebar-style":"default","ast-global-header-display":"","ast-banner-title-visibility":"","ast-main-header-display":"","ast-hfb-above-header-display":"","ast-hfb-below-header-display":"","ast-hfb-mobile-header-display":"","site-post-title":"","ast-breadcrumbs-content":"","ast-featured-img":"","footer-sml-layout":"","ast-disable-related-posts":"","theme-transparent-header-meta":"","adv-header-id-meta":"","stick-header-meta":"","header-above-stick-meta":"","header-main-stick-meta":"","header-below-stick-meta":"","astra-migrate-meta-layouts":"default","ast-page-background-enabled":"default","ast-page-background-meta":{"desktop":{"background-color":"var(--ast-global-color-4)","background-image":"","background-repeat":"repeat","background-position":"center center","background-size":"auto","background-attachment":"scroll","background-type":"","background-media":"","overlay-type":"","overlay-color":"","overlay-opacity":"","overlay-gradient":""},"tablet":{"background-color":"","background-image":"","background-repeat":"repeat","background-position":"center center","background-size":"auto","background-attachment":"scroll","background-type":"","background-media":"","overlay-type":"","overlay-color":"","overlay-opacity":"","overlay-gradient":""},"mobile":{"background-color":"","background-image":"","background-repeat":"repeat","background-position":"center center","background-size":"auto","background-attachment":"scroll","background-type":"","background-media":"","overlay-type":"","overlay-color":"","overlay-opacity":"","overlay-gradient":""}},"ast-content-background-meta":{"desktop":{"background-color":"var(--ast-global-color-5)","background-image":"","background-repeat":"repeat","background-position":"center center","background-size":"auto","background-attachment":"scroll","background-type":"","background-media":"","overlay-type":"","overlay-color":"","overlay-opacity":"","overlay-gradient":""},"tablet":{"background-color":"var(--ast-global-color-5)","background-image":"","background-repeat":"repeat","background-position":"center center","background-size":"auto","background-attachment":"scroll","background-type":"","background-media":"","overlay-type":"","overlay-color":"","overlay-opacity":"","overlay-gradient":""},"mobile":{"background-color":"var(--ast-global-color-5)","background-image":"","background-repeat":"repeat","background-position":"center center","background-size":"auto","background-attachment":"scroll","background-type":"","background-media":"","overlay-type":"","overlay-color":"","overlay-opacity":"","overlay-gradient":""}}},"product_brand":[],"product_cat":[160,423],"product_tag":[],"class_list":{"0":"post-3724","1":"product","2":"type-product","3":"status-publish","4":"has-post-thumbnail","6":"product_cat-dingmu-kina","7":"product_cat-sagar","8":"desktop-align-left","9":"tablet-align-left","10":"mobile-align-left","11":"ast-product-gallery-layout-horizontal-slider","12":"ast-product-tabs-layout-horizontal","13":"ast-qv-on-image","15":"first","16":"outofstock","17":"taxable","18":"shipping-taxable","19":"purchasable","20":"product-type-simple"},"aioseo_notices":[],"uagb_featured_image_src":{"full":["https:\/\/unikbotanik.se\/wp-content\/uploads\/2019\/07\/VMIS135410.jpg",900,900,false],"thumbnail":["https:\/\/unikbotanik.se\/wp-content\/uploads\/2019\/07\/VMIS135410-150x150.jpg",150,150,true],"medium":["https:\/\/unikbotanik.se\/wp-content\/uploads\/2019\/07\/VMIS135410-300x300.jpg",300,300,true],"medium_large":["https:\/\/unikbotanik.se\/wp-content\/uploads\/2019\/07\/VMIS135410-768x768.jpg",768,768,true],"large":["https:\/\/unikbotanik.se\/wp-content\/uploads\/2019\/07\/VMIS135410.jpg",900,900,false],"1536x1536":["https:\/\/unikbotanik.se\/wp-content\/uploads\/2019\/07\/VMIS135410.jpg",900,900,false],"2048x2048":["https:\/\/unikbotanik.se\/wp-content\/uploads\/2019\/07\/VMIS135410.jpg",900,900,false],"woocommerce_thumbnail":["https:\/\/unikbotanik.se\/wp-content\/uploads\/2019\/07\/VMIS135410-300x300.jpg",300,300,true],"woocommerce_single":["https:\/\/unikbotanik.se\/wp-content\/uploads\/2019\/07\/VMIS135410-600x600.jpg",600,600,true],"woocommerce_gallery_thumbnail":["https:\/\/unikbotanik.se\/wp-content\/uploads\/2019\/07\/VMIS135410-100x100.jpg",100,100,true]},"uagb_author_info":{"display_name":"unikbotanik","author_link":"https:\/\/unikbotanik.se\/en\/author\/"},"uagb_comment_info":0,"uagb_excerpt":"En vass precisionss\u00e5g fr\u00e5n kinesiska Dingmu avsedd f\u00f6r gr\u00f6vre grenar\/stammar d\u00e4r bonsait\u00e5ng inte r\u00e4cker till. Bonsais\u00e5gen har vass h\u00e5rdmetall-egg som ger snygga snitt p\u00e5 din bonsai. F\u00f6lj upp snittet med t.ex. en klott\u00e5ng f\u00f6r att j\u00e4mna till s\u00e5rytorna. T\u00e4ck med s\u00e5rpasta f\u00f6r att uppn\u00e5 minsta p\u00e5verkan p\u00e5 ditt tr\u00e4d!","_links":{"self":[{"href":"https:\/\/unikbotanik.se\/en\/wp-json\/wp\/v2\/product\/3724","targetHints":{"allow":["GET"]}}],"collection":[{"href":"https:\/\/unikbotanik.se\/en\/wp-json\/wp\/v2\/product"}],"about":[{"href":"https:\/\/unikbotanik.se\/en\/wp-json\/wp\/v2\/types\/product"}],"replies":[{"embeddable":true,"href":"https:\/\/unikbotanik.se\/en\/wp-json\/wp\/v2\/comments?post=3724"}],"wp:featuredmedia":[{"embeddable":true,"href":"https:\/\/unikbotanik.se\/en\/wp-json\/wp\/v2\/media\/3725"}],"wp:attachment":[{"href":"https:\/\/unikbotanik.se\/en\/wp-json\/wp\/v2\/media?parent=3724"}],"wp:term":[{"taxonomy":"product_brand","embeddable":true,"href":"https:\/\/unikbotanik.se\/en\/wp-json\/wp\/v2\/product_brand?post=3724"},{"taxonomy":"product_cat","embeddable":true,"href":"https:\/\/unikbotanik.se\/en\/wp-json\/wp\/v2\/product_cat?post=3724"},{"taxonomy":"product_tag","embeddable":true,"href":"https:\/\/unikbotanik.se\/en\/wp-json\/wp\/v2\/product_tag?post=3724"}],"curies":[{"name":"wp","href":"https:\/\/api.w.org\/{rel}","templated":true}]}}