{"id":3700,"date":"2019-07-26T08:44:31","date_gmt":"2019-07-26T06:44:31","guid":{"rendered":"https:\/\/unikbotanik.se\/?post_type=product&#038;p=3700"},"modified":"2024-03-16T00:43:24","modified_gmt":"2024-03-15T23:43:24","slug":"joy-tamahi-traditionell-japanskt-godsel-8kg","status":"publish","type":"product","link":"https:\/\/unikbotanik.se\/en\/produkt\/joy-tamahi-traditionell-japanskt-godsel-8kg\/","title":{"rendered":"Joy Tamahi traditionell japanskt g\u00f6dsel, 8kg"},"content":{"rendered":"<div class=\"tlid-input input\">\n<div class=\"source-wrap\">\n<div class=\"input-full-height-wrapper tlid-input-full-height-wrapper\">\n<div class=\"source-input\">\n<div class=\"source-footer-wrap source-or-target-footer\">\n<div class=\"character-count tlid-character-count\">\n<div class=\"cc-ctr normal\"><span title=\"\">Joy Tamahi \u00e4r en traditionell g\u00f6dning rekommenderad av Japanska kejsarhuset. Pelletsen placeras ovanp\u00e5 jorden f\u00f6r att ge l\u00e5ngsam och l\u00e5ngvarig tillf\u00f6rsel av n\u00e4ring.<\/span><\/div>\n<div><\/div>\n<div class=\"cc-ctr normal\"><span class=\"\" title=\"\">Joy Tamahi tillverkas av rester fr\u00e5n rapsoljetivverkning samt benmjl\u00f6l som l\u00e5ngsamt fermeteras via en helt bakteriologisk process. Resultatet \u00e4r en helg\u00f6dning godk\u00e4nd av japanska jordbruksministeriet f\u00f6r ekologisk odling.<\/span><\/div>\n<\/div>\n<div>Sammas\u00e4ttning: N5 P4 K1 &#8211; plus alla viktiga sp\u00e5r\u00e4mnen som kommer med fullg\u00f6dning.<\/div>\n<div><\/div>\n<div>Observera att g\u00f6dningstyper kan ha v\u00e4ldigt olika effekt beroende p\u00e5 det lokala klimatet. Just denna \u00e4r k\u00e4nslig f\u00f6r fukt men bra vid god luftv\u00e4xling. Anv\u00e4nd den antingen genom att l\u00e4gga ner den under jordytan, eller p\u00e5 v\u00e4ldigt v\u00e4ldr\u00e4nerande odlingsmedia, som 3 &#8211; 5 mm eller upp\u00e5t av akadama, eller blandning med akadama, pimpsten och lavasten eller blandningar med motsvarande egenskaper. Om kornet blir liggande i vatten eller p\u00e5 fuktig &#8220;blomjord&#8221; finns ganska stor risk att det m\u00f6glar. M\u00f6gel kan ha negativ inverkan p\u00e5 plantan och mikrolivet i krukan.<\/div>\n<\/div>\n<div class=\"source-footer-wrap source-or-target-footer\">\n<div class=\"character-count tlid-character-count\">\n<div class=\"cc-ctr normal\"><\/div>\n<\/div>\n<\/div>\n<\/div>\n<\/div>\n<\/div>\n<\/div>\n","protected":false},"excerpt":{"rendered":"<p>Joy Tamahi \u00e4r en traditionell g\u00f6dning rekommenderad av Japanska kejsarhuset. Pelletsen placeras ovanp\u00e5 jorden f\u00f6r att ge l\u00e5ngsam och l\u00e5ngvarig tillf\u00f6rsel av n\u00e4ring. Joy Tamahi tillverkas av rester fr\u00e5n rapsoljetivverkning samt benmjl\u00f6l som l\u00e5ngsamt fermeteras via en helt bakteriologisk process. Resultatet \u00e4r en helg\u00f6dning godk\u00e4nd av japanska jordbruksministeriet f\u00f6r ekologisk odling. Sammas\u00e4ttning: N5 P4 K1 [&hellip;]<\/p>\n","protected":false},"featured_media":3701,"comment_status":"open","ping_status":"closed","template":"","meta":{"_uag_custom_page_level_css":"","_uf_show_specific_survey":0,"_uf_disable_surveys":false,"site-sidebar-layout":"default","site-content-layout":"","ast-site-content-layout":"default","site-content-style":"default","site-sidebar-style":"default","ast-global-header-display":"","ast-banner-title-visibility":"","ast-main-header-display":"","ast-hfb-above-header-display":"","ast-hfb-below-header-display":"","ast-hfb-mobile-header-display":"","site-post-title":"","ast-breadcrumbs-content":"","ast-featured-img":"","footer-sml-layout":"","ast-disable-related-posts":"","theme-transparent-header-meta":"","adv-header-id-meta":"","stick-header-meta":"","header-above-stick-meta":"","header-main-stick-meta":"","header-below-stick-meta":"","astra-migrate-meta-layouts":"default","ast-page-background-enabled":"default","ast-page-background-meta":{"desktop":{"background-color":"var(--ast-global-color-4)","background-image":"","background-repeat":"repeat","background-position":"center center","background-size":"auto","background-attachment":"scroll","background-type":"","background-media":"","overlay-type":"","overlay-color":"","overlay-opacity":"","overlay-gradient":""},"tablet":{"background-color":"","background-image":"","background-repeat":"repeat","background-position":"center center","background-size":"auto","background-attachment":"scroll","background-type":"","background-media":"","overlay-type":"","overlay-color":"","overlay-opacity":"","overlay-gradient":""},"mobile":{"background-color":"","background-image":"","background-repeat":"repeat","background-position":"center center","background-size":"auto","background-attachment":"scroll","background-type":"","background-media":"","overlay-type":"","overlay-color":"","overlay-opacity":"","overlay-gradient":""}},"ast-content-background-meta":{"desktop":{"background-color":"var(--ast-global-color-5)","background-image":"","background-repeat":"repeat","background-position":"center center","background-size":"auto","background-attachment":"scroll","background-type":"","background-media":"","overlay-type":"","overlay-color":"","overlay-opacity":"","overlay-gradient":""},"tablet":{"background-color":"var(--ast-global-color-5)","background-image":"","background-repeat":"repeat","background-position":"center center","background-size":"auto","background-attachment":"scroll","background-type":"","background-media":"","overlay-type":"","overlay-color":"","overlay-opacity":"","overlay-gradient":""},"mobile":{"background-color":"var(--ast-global-color-5)","background-image":"","background-repeat":"repeat","background-position":"center center","background-size":"auto","background-attachment":"scroll","background-type":"","background-media":"","overlay-type":"","overlay-color":"","overlay-opacity":"","overlay-gradient":""}}},"product_brand":[],"product_cat":[37],"product_tag":[],"class_list":{"0":"post-3700","1":"product","2":"type-product","3":"status-publish","4":"has-post-thumbnail","6":"product_cat-naring","7":"desktop-align-left","8":"tablet-align-left","9":"mobile-align-left","10":"ast-product-gallery-layout-horizontal-slider","11":"ast-product-tabs-layout-horizontal","12":"ast-qv-on-image","14":"first","15":"outofstock","16":"sale","17":"taxable","18":"shipping-taxable","19":"purchasable","20":"product-type-simple"},"aioseo_notices":[],"uagb_featured_image_src":{"full":["https:\/\/unikbotanik.se\/wp-content\/uploads\/2019\/07\/VMIS137272.jpg",900,900,false],"thumbnail":["https:\/\/unikbotanik.se\/wp-content\/uploads\/2019\/07\/VMIS137272-150x150.jpg",150,150,true],"medium":["https:\/\/unikbotanik.se\/wp-content\/uploads\/2019\/07\/VMIS137272-300x300.jpg",300,300,true],"medium_large":["https:\/\/unikbotanik.se\/wp-content\/uploads\/2019\/07\/VMIS137272-768x768.jpg",768,768,true],"large":["https:\/\/unikbotanik.se\/wp-content\/uploads\/2019\/07\/VMIS137272.jpg",900,900,false],"1536x1536":["https:\/\/unikbotanik.se\/wp-content\/uploads\/2019\/07\/VMIS137272.jpg",900,900,false],"2048x2048":["https:\/\/unikbotanik.se\/wp-content\/uploads\/2019\/07\/VMIS137272.jpg",900,900,false],"woocommerce_thumbnail":["https:\/\/unikbotanik.se\/wp-content\/uploads\/2019\/07\/VMIS137272-300x300.jpg",300,300,true],"woocommerce_single":["https:\/\/unikbotanik.se\/wp-content\/uploads\/2019\/07\/VMIS137272-600x600.jpg",600,600,true],"woocommerce_gallery_thumbnail":["https:\/\/unikbotanik.se\/wp-content\/uploads\/2019\/07\/VMIS137272-100x100.jpg",100,100,true]},"uagb_author_info":{"display_name":"unikbotanik","author_link":"https:\/\/unikbotanik.se\/en\/author\/"},"uagb_comment_info":0,"uagb_excerpt":"Joy Tamahi \u00e4r en traditionell g\u00f6dning rekommenderad av Japanska kejsarhuset. Pelletsen placeras ovanp\u00e5 jorden f\u00f6r att ge l\u00e5ngsam och l\u00e5ngvarig tillf\u00f6rsel av n\u00e4ring. Joy Tamahi tillverkas av rester fr\u00e5n rapsoljetivverkning samt benmjl\u00f6l som l\u00e5ngsamt fermeteras via en helt bakteriologisk process. Resultatet \u00e4r en helg\u00f6dning godk\u00e4nd av japanska jordbruksministeriet f\u00f6r ekologisk odling. Sammas\u00e4ttning: N5 P4 K1&hellip;","_links":{"self":[{"href":"https:\/\/unikbotanik.se\/en\/wp-json\/wp\/v2\/product\/3700","targetHints":{"allow":["GET"]}}],"collection":[{"href":"https:\/\/unikbotanik.se\/en\/wp-json\/wp\/v2\/product"}],"about":[{"href":"https:\/\/unikbotanik.se\/en\/wp-json\/wp\/v2\/types\/product"}],"replies":[{"embeddable":true,"href":"https:\/\/unikbotanik.se\/en\/wp-json\/wp\/v2\/comments?post=3700"}],"wp:featuredmedia":[{"embeddable":true,"href":"https:\/\/unikbotanik.se\/en\/wp-json\/wp\/v2\/media\/3701"}],"wp:attachment":[{"href":"https:\/\/unikbotanik.se\/en\/wp-json\/wp\/v2\/media?parent=3700"}],"wp:term":[{"taxonomy":"product_brand","embeddable":true,"href":"https:\/\/unikbotanik.se\/en\/wp-json\/wp\/v2\/product_brand?post=3700"},{"taxonomy":"product_cat","embeddable":true,"href":"https:\/\/unikbotanik.se\/en\/wp-json\/wp\/v2\/product_cat?post=3700"},{"taxonomy":"product_tag","embeddable":true,"href":"https:\/\/unikbotanik.se\/en\/wp-json\/wp\/v2\/product_tag?post=3700"}],"curies":[{"name":"wp","href":"https:\/\/api.w.org\/{rel}","templated":true}]}}