{"id":17410,"date":"2025-09-08T09:16:05","date_gmt":"2025-09-08T07:16:05","guid":{"rendered":"https:\/\/unikbotanik.se\/?post_type=product&#038;p=17410"},"modified":"2026-03-15T11:09:54","modified_gmt":"2026-03-15T10:09:54","slug":"kruka-kusamono-rund-18-x-5-cm-for-bonsai","status":"publish","type":"product","link":"https:\/\/unikbotanik.se\/en\/produkt\/kruka-kusamono-rund-18-x-5-cm-for-bonsai\/","title":{"rendered":"Kruka, Kusamono, rund, 18 x 5 cm, f\u00f6r bonsai"},"content":{"rendered":"<p>Oregelbunden japansk bonsaikruka, kusamono.<br \/>\nOglaserad, med en liten glaserad yta.<\/p>\n<p>Ca 18 cm i diameter och 5 cm h\u00f6g.<\/p>\n<p>Japanska krukor h\u00e5ller en mycket h\u00f6g kvalitet och deras fina yttre \u00e4r ett resultat av det noggranna arbete som ligger bakom varje kruka. Kusamono \u00e4r en typ av japanska krukor med oregelbunden form designade f\u00f6r bonsai eller accentv\u00e4xter. De passar ocks\u00e5 bra till ikebana eller lanskapsodling.<br \/>\nEftersom varje kruka \u00e4r handgjord p\u00e5 traditionellt vis kan vissa skiftningar i form, f\u00e4rg eller storlek f\u00f6rekomma.<\/p>\n","protected":false},"excerpt":{"rendered":"<p>Oregelbunden japansk bonsaikruka, kusamono. Oglaserad, med en liten glaserad yta. Ca 18 cm i diameter och 5 cm h\u00f6g. Japanska krukor h\u00e5ller en mycket h\u00f6g kvalitet och deras fina yttre \u00e4r ett resultat av det noggranna arbete som ligger bakom varje kruka. Kusamono \u00e4r en typ av japanska krukor med oregelbunden form designade f\u00f6r bonsai [&hellip;]<\/p>\n","protected":false},"featured_media":17413,"comment_status":"open","ping_status":"closed","template":"","meta":{"_uag_custom_page_level_css":"","_uf_show_specific_survey":0,"_uf_disable_surveys":false,"site-sidebar-layout":"default","site-content-layout":"","ast-site-content-layout":"default","site-content-style":"default","site-sidebar-style":"default","ast-global-header-display":"","ast-banner-title-visibility":"","ast-main-header-display":"","ast-hfb-above-header-display":"","ast-hfb-below-header-display":"","ast-hfb-mobile-header-display":"","site-post-title":"","ast-breadcrumbs-content":"","ast-featured-img":"","footer-sml-layout":"","ast-disable-related-posts":"","theme-transparent-header-meta":"default","adv-header-id-meta":"","stick-header-meta":"default","header-above-stick-meta":"","header-main-stick-meta":"","header-below-stick-meta":"","astra-migrate-meta-layouts":"set","ast-page-background-enabled":"default","ast-page-background-meta":{"desktop":{"background-color":"var(--ast-global-color-4)","background-image":"","background-repeat":"repeat","background-position":"center center","background-size":"auto","background-attachment":"scroll","background-type":"","background-media":"","overlay-type":"","overlay-color":"","overlay-opacity":"","overlay-gradient":""},"tablet":{"background-color":"","background-image":"","background-repeat":"repeat","background-position":"center center","background-size":"auto","background-attachment":"scroll","background-type":"","background-media":"","overlay-type":"","overlay-color":"","overlay-opacity":"","overlay-gradient":""},"mobile":{"background-color":"","background-image":"","background-repeat":"repeat","background-position":"center center","background-size":"auto","background-attachment":"scroll","background-type":"","background-media":"","overlay-type":"","overlay-color":"","overlay-opacity":"","overlay-gradient":""}},"ast-content-background-meta":{"desktop":{"background-color":"var(--ast-global-color-5)","background-image":"","background-repeat":"repeat","background-position":"center center","background-size":"auto","background-attachment":"scroll","background-type":"","background-media":"","overlay-type":"","overlay-color":"","overlay-opacity":"","overlay-gradient":""},"tablet":{"background-color":"var(--ast-global-color-5)","background-image":"","background-repeat":"repeat","background-position":"center center","background-size":"auto","background-attachment":"scroll","background-type":"","background-media":"","overlay-type":"","overlay-color":"","overlay-opacity":"","overlay-gradient":""},"mobile":{"background-color":"var(--ast-global-color-5)","background-image":"","background-repeat":"repeat","background-position":"center center","background-size":"auto","background-attachment":"scroll","background-type":"","background-media":"","overlay-type":"","overlay-color":"","overlay-opacity":"","overlay-gradient":""}}},"product_brand":[],"product_cat":[438,25,204,185],"product_tag":[],"class_list":{"0":"post-17410","1":"product","2":"type-product","3":"status-publish","4":"has-post-thumbnail","6":"product_cat-10-20-cm-2","7":"product_cat-bonsaikrukor","8":"product_cat-japanska-krukor","9":"product_cat-oglaserade-krukor","10":"desktop-align-left","11":"tablet-align-left","12":"mobile-align-left","13":"ast-product-gallery-layout-horizontal-slider","14":"ast-product-tabs-layout-horizontal","15":"ast-qv-on-image","17":"first","18":"outofstock","19":"taxable","20":"shipping-taxable","21":"purchasable","22":"product-type-simple"},"aioseo_notices":[],"uagb_featured_image_src":{"full":["https:\/\/unikbotanik.se\/wp-content\/uploads\/2025\/09\/KMIS140028s.jpg",1000,1000,false],"thumbnail":["https:\/\/unikbotanik.se\/wp-content\/uploads\/2025\/09\/KMIS140028s-150x150.jpg",150,150,true],"medium":["https:\/\/unikbotanik.se\/wp-content\/uploads\/2025\/09\/KMIS140028s-300x300.jpg",300,300,true],"medium_large":["https:\/\/unikbotanik.se\/wp-content\/uploads\/2025\/09\/KMIS140028s-768x768.jpg",768,768,true],"large":["https:\/\/unikbotanik.se\/wp-content\/uploads\/2025\/09\/KMIS140028s.jpg",1000,1000,false],"1536x1536":["https:\/\/unikbotanik.se\/wp-content\/uploads\/2025\/09\/KMIS140028s.jpg",1000,1000,false],"2048x2048":["https:\/\/unikbotanik.se\/wp-content\/uploads\/2025\/09\/KMIS140028s.jpg",1000,1000,false],"woocommerce_thumbnail":["https:\/\/unikbotanik.se\/wp-content\/uploads\/2025\/09\/KMIS140028s-300x300.jpg",300,300,true],"woocommerce_single":["https:\/\/unikbotanik.se\/wp-content\/uploads\/2025\/09\/KMIS140028s-600x600.jpg",600,600,true],"woocommerce_gallery_thumbnail":["https:\/\/unikbotanik.se\/wp-content\/uploads\/2025\/09\/KMIS140028s-100x100.jpg",100,100,true]},"uagb_author_info":{"display_name":"unikbotanik","author_link":"https:\/\/unikbotanik.se\/en\/author\/"},"uagb_comment_info":0,"uagb_excerpt":"Oregelbunden japansk bonsaikruka, kusamono. Oglaserad, med en liten glaserad yta. Ca 18 cm i diameter och 5 cm h\u00f6g. Japanska krukor h\u00e5ller en mycket h\u00f6g kvalitet och deras fina yttre \u00e4r ett resultat av det noggranna arbete som ligger bakom varje kruka. Kusamono \u00e4r en typ av japanska krukor med oregelbunden form designade f\u00f6r bonsai&hellip;","_links":{"self":[{"href":"https:\/\/unikbotanik.se\/en\/wp-json\/wp\/v2\/product\/17410","targetHints":{"allow":["GET"]}}],"collection":[{"href":"https:\/\/unikbotanik.se\/en\/wp-json\/wp\/v2\/product"}],"about":[{"href":"https:\/\/unikbotanik.se\/en\/wp-json\/wp\/v2\/types\/product"}],"replies":[{"embeddable":true,"href":"https:\/\/unikbotanik.se\/en\/wp-json\/wp\/v2\/comments?post=17410"}],"wp:featuredmedia":[{"embeddable":true,"href":"https:\/\/unikbotanik.se\/en\/wp-json\/wp\/v2\/media\/17413"}],"wp:attachment":[{"href":"https:\/\/unikbotanik.se\/en\/wp-json\/wp\/v2\/media?parent=17410"}],"wp:term":[{"taxonomy":"product_brand","embeddable":true,"href":"https:\/\/unikbotanik.se\/en\/wp-json\/wp\/v2\/product_brand?post=17410"},{"taxonomy":"product_cat","embeddable":true,"href":"https:\/\/unikbotanik.se\/en\/wp-json\/wp\/v2\/product_cat?post=17410"},{"taxonomy":"product_tag","embeddable":true,"href":"https:\/\/unikbotanik.se\/en\/wp-json\/wp\/v2\/product_tag?post=17410"}],"curies":[{"name":"wp","href":"https:\/\/api.w.org\/{rel}","templated":true}]}}