{"id":16576,"date":"2024-11-02T18:23:43","date_gmt":"2024-11-02T17:23:43","guid":{"rendered":"https:\/\/unikbotanik.se\/?post_type=product&#038;p=16576"},"modified":"2025-08-27T11:36:59","modified_gmt":"2025-08-27T09:36:59","slug":"sag-fallbar-150-mm-fran-kikuwa-japan","status":"publish","type":"product","link":"https:\/\/unikbotanik.se\/en\/produkt\/sag-fallbar-150-mm-fran-kikuwa-japan\/","title":{"rendered":"S\u00e5g, f\u00e4llbar, 150 mm, fr\u00e5n Kikuwa, Japan"},"content":{"rendered":"<p>Japansk f\u00e4llbar s\u00e5g.<\/p>\n<p>En f\u00e4lls\u00e5g med smalt blad f\u00f6r att komma \u00e5t de smalare grenarna inne i kronan. I toppen finns en liten hake f\u00f6r att begr\u00e4nsa risken att s\u00e5gen &#8220;hoppar ur&#8221; och s\u00e5gar i n\u00e4rliggande grenar.<\/p>\n<p>S\u00e5gen kommer fr\u00e5n Kikuwa, Niigata, Japan.<\/p>\n<p>L\u00e4ngd: 150 mm<br \/>\nVikt: 320g.<br \/>\nMaterial: h\u00e4rdat kolst\u00e5l, handtag i tr\u00e4.<\/p>\n<p><strong>Kikuwa-verktyg k\u00f6ps fr\u00e5n Japan och best\u00e4lls sporadiskt.<\/strong><\/p>\n<p>&nbsp;<\/p>\n<p>&nbsp;<\/p>\n","protected":false},"excerpt":{"rendered":"<p>Japansk f\u00e4llbar s\u00e5g. En f\u00e4lls\u00e5g med smalt blad f\u00f6r att komma \u00e5t de smalare grenarna inne i kronan. I toppen finns en liten hake f\u00f6r att begr\u00e4nsa risken att s\u00e5gen &#8220;hoppar ur&#8221; och s\u00e5gar i n\u00e4rliggande grenar. S\u00e5gen kommer fr\u00e5n Kikuwa, Niigata, Japan. L\u00e4ngd: 150 mm Vikt: 320g. Material: h\u00e4rdat kolst\u00e5l, handtag i tr\u00e4. Kikuwa-verktyg [&hellip;]<\/p>\n","protected":false},"featured_media":16578,"comment_status":"open","ping_status":"closed","template":"","meta":{"_uag_custom_page_level_css":"","_uf_show_specific_survey":0,"_uf_disable_surveys":false,"site-sidebar-layout":"default","site-content-layout":"","ast-site-content-layout":"default","site-content-style":"default","site-sidebar-style":"default","ast-global-header-display":"","ast-banner-title-visibility":"","ast-main-header-display":"","ast-hfb-above-header-display":"","ast-hfb-below-header-display":"","ast-hfb-mobile-header-display":"","site-post-title":"","ast-breadcrumbs-content":"","ast-featured-img":"","footer-sml-layout":"","ast-disable-related-posts":"","theme-transparent-header-meta":"default","adv-header-id-meta":"","stick-header-meta":"default","header-above-stick-meta":"","header-main-stick-meta":"","header-below-stick-meta":"","astra-migrate-meta-layouts":"set","ast-page-background-enabled":"default","ast-page-background-meta":{"desktop":{"background-color":"var(--ast-global-color-4)","background-image":"","background-repeat":"repeat","background-position":"center center","background-size":"auto","background-attachment":"scroll","background-type":"","background-media":"","overlay-type":"","overlay-color":"","overlay-opacity":"","overlay-gradient":""},"tablet":{"background-color":"","background-image":"","background-repeat":"repeat","background-position":"center center","background-size":"auto","background-attachment":"scroll","background-type":"","background-media":"","overlay-type":"","overlay-color":"","overlay-opacity":"","overlay-gradient":""},"mobile":{"background-color":"","background-image":"","background-repeat":"repeat","background-position":"center center","background-size":"auto","background-attachment":"scroll","background-type":"","background-media":"","overlay-type":"","overlay-color":"","overlay-opacity":"","overlay-gradient":""}},"ast-content-background-meta":{"desktop":{"background-color":"var(--ast-global-color-5)","background-image":"","background-repeat":"repeat","background-position":"center center","background-size":"auto","background-attachment":"scroll","background-type":"","background-media":"","overlay-type":"","overlay-color":"","overlay-opacity":"","overlay-gradient":""},"tablet":{"background-color":"var(--ast-global-color-5)","background-image":"","background-repeat":"repeat","background-position":"center center","background-size":"auto","background-attachment":"scroll","background-type":"","background-media":"","overlay-type":"","overlay-color":"","overlay-opacity":"","overlay-gradient":""},"mobile":{"background-color":"var(--ast-global-color-5)","background-image":"","background-repeat":"repeat","background-position":"center center","background-size":"auto","background-attachment":"scroll","background-type":"","background-media":"","overlay-type":"","overlay-color":"","overlay-opacity":"","overlay-gradient":""}}},"product_brand":[],"product_cat":[157,423],"product_tag":[],"class_list":{"0":"post-16576","1":"product","2":"type-product","3":"status-publish","4":"has-post-thumbnail","6":"product_cat-kikuwa-japan","7":"product_cat-sagar","8":"desktop-align-left","9":"tablet-align-left","10":"mobile-align-left","11":"ast-product-gallery-layout-horizontal-slider","12":"ast-product-tabs-layout-horizontal","13":"ast-qv-on-image","15":"first","16":"outofstock","17":"taxable","18":"shipping-taxable","19":"purchasable","20":"product-type-simple"},"aioseo_notices":[],"uagb_featured_image_src":{"full":["https:\/\/unikbotanik.se\/wp-content\/uploads\/2024\/11\/VKKW1449a_m.jpg",1000,1000,false],"thumbnail":["https:\/\/unikbotanik.se\/wp-content\/uploads\/2024\/11\/VKKW1449a_m-150x150.jpg",150,150,true],"medium":["https:\/\/unikbotanik.se\/wp-content\/uploads\/2024\/11\/VKKW1449a_m-300x300.jpg",300,300,true],"medium_large":["https:\/\/unikbotanik.se\/wp-content\/uploads\/2024\/11\/VKKW1449a_m-768x768.jpg",768,768,true],"large":["https:\/\/unikbotanik.se\/wp-content\/uploads\/2024\/11\/VKKW1449a_m.jpg",1000,1000,false],"1536x1536":["https:\/\/unikbotanik.se\/wp-content\/uploads\/2024\/11\/VKKW1449a_m.jpg",1000,1000,false],"2048x2048":["https:\/\/unikbotanik.se\/wp-content\/uploads\/2024\/11\/VKKW1449a_m.jpg",1000,1000,false],"woocommerce_thumbnail":["https:\/\/unikbotanik.se\/wp-content\/uploads\/2024\/11\/VKKW1449a_m-300x300.jpg",300,300,true],"woocommerce_single":["https:\/\/unikbotanik.se\/wp-content\/uploads\/2024\/11\/VKKW1449a_m-600x600.jpg",600,600,true],"woocommerce_gallery_thumbnail":["https:\/\/unikbotanik.se\/wp-content\/uploads\/2024\/11\/VKKW1449a_m-100x100.jpg",100,100,true]},"uagb_author_info":{"display_name":"unikbotanik","author_link":"https:\/\/unikbotanik.se\/en\/author\/"},"uagb_comment_info":0,"uagb_excerpt":"Japansk f\u00e4llbar s\u00e5g. En f\u00e4lls\u00e5g med smalt blad f\u00f6r att komma \u00e5t de smalare grenarna inne i kronan. I toppen finns en liten hake f\u00f6r att begr\u00e4nsa risken att s\u00e5gen &#8220;hoppar ur&#8221; och s\u00e5gar i n\u00e4rliggande grenar. S\u00e5gen kommer fr\u00e5n Kikuwa, Niigata, Japan. L\u00e4ngd: 150 mm Vikt: 320g. Material: h\u00e4rdat kolst\u00e5l, handtag i tr\u00e4. Kikuwa-verktyg&hellip;","_links":{"self":[{"href":"https:\/\/unikbotanik.se\/en\/wp-json\/wp\/v2\/product\/16576","targetHints":{"allow":["GET"]}}],"collection":[{"href":"https:\/\/unikbotanik.se\/en\/wp-json\/wp\/v2\/product"}],"about":[{"href":"https:\/\/unikbotanik.se\/en\/wp-json\/wp\/v2\/types\/product"}],"replies":[{"embeddable":true,"href":"https:\/\/unikbotanik.se\/en\/wp-json\/wp\/v2\/comments?post=16576"}],"wp:featuredmedia":[{"embeddable":true,"href":"https:\/\/unikbotanik.se\/en\/wp-json\/wp\/v2\/media\/16578"}],"wp:attachment":[{"href":"https:\/\/unikbotanik.se\/en\/wp-json\/wp\/v2\/media?parent=16576"}],"wp:term":[{"taxonomy":"product_brand","embeddable":true,"href":"https:\/\/unikbotanik.se\/en\/wp-json\/wp\/v2\/product_brand?post=16576"},{"taxonomy":"product_cat","embeddable":true,"href":"https:\/\/unikbotanik.se\/en\/wp-json\/wp\/v2\/product_cat?post=16576"},{"taxonomy":"product_tag","embeddable":true,"href":"https:\/\/unikbotanik.se\/en\/wp-json\/wp\/v2\/product_tag?post=16576"}],"curies":[{"name":"wp","href":"https:\/\/api.w.org\/{rel}","templated":true}]}}