{"id":16527,"date":"2024-11-01T10:30:46","date_gmt":"2024-11-01T09:30:46","guid":{"rendered":"https:\/\/unikbotanik.se\/?post_type=product&#038;p=16527"},"modified":"2026-03-25T10:51:28","modified_gmt":"2026-03-25T09:51:28","slug":"sekator-japansk-stalkvalitet-230-mm-fran-kikuwa","status":"publish","type":"product","link":"https:\/\/unikbotanik.se\/en\/produkt\/sekator-japansk-stalkvalitet-230-mm-fran-kikuwa\/","title":{"rendered":"Sekat\u00f6r, japansk st\u00e5lkvalitet, 230 mm, fr\u00e5n Kikuwa"},"content":{"rendered":"<p>En kraftig men elegant sekat\u00f6r f\u00f6r tr\u00e4dg\u00e5rden f\u00f6r kapning och besk\u00e4rning av allehanda kvistar och grenar p\u00e5 buskar och tr\u00e4d. Passar t.ex. f\u00f6r att besk\u00e4ra rosor, syrener och frukttr\u00e4d.<\/p>\n<p>Saxen \u00e4r tillverkad av Kikuwa, Niigata, Japan.<\/p>\n<p>L\u00e4ngd: 230 mm<br \/>\nVikt: 310g.<br \/>\nMaterial: h\u00e4rdat kolst\u00e5l<\/p>\n<p><strong>Kikuwa-verktyg k\u00f6ps fr\u00e5n Japan och best\u00e4lls sporadiskt.<\/strong><\/p>\n<p>&nbsp;<\/p>\n<p>&nbsp;<\/p>\n","protected":false},"excerpt":{"rendered":"<p>En kraftig men elegant sekat\u00f6r f\u00f6r tr\u00e4dg\u00e5rden f\u00f6r kapning och besk\u00e4rning av allehanda kvistar och grenar p\u00e5 buskar och tr\u00e4d. Passar t.ex. f\u00f6r att besk\u00e4ra rosor, syrener och frukttr\u00e4d. Saxen \u00e4r tillverkad av Kikuwa, Niigata, Japan. L\u00e4ngd: 230 mm Vikt: 310g. Material: h\u00e4rdat kolst\u00e5l Kikuwa-verktyg k\u00f6ps fr\u00e5n Japan och best\u00e4lls sporadiskt. &nbsp; &nbsp;<\/p>\n","protected":false},"featured_media":16529,"comment_status":"open","ping_status":"closed","template":"","meta":{"_uag_custom_page_level_css":"","_uf_show_specific_survey":0,"_uf_disable_surveys":false,"site-sidebar-layout":"default","site-content-layout":"","ast-site-content-layout":"default","site-content-style":"default","site-sidebar-style":"default","ast-global-header-display":"","ast-banner-title-visibility":"","ast-main-header-display":"","ast-hfb-above-header-display":"","ast-hfb-below-header-display":"","ast-hfb-mobile-header-display":"","site-post-title":"","ast-breadcrumbs-content":"","ast-featured-img":"","footer-sml-layout":"","ast-disable-related-posts":"","theme-transparent-header-meta":"default","adv-header-id-meta":"","stick-header-meta":"default","header-above-stick-meta":"","header-main-stick-meta":"","header-below-stick-meta":"","astra-migrate-meta-layouts":"set","ast-page-background-enabled":"default","ast-page-background-meta":{"desktop":{"background-color":"var(--ast-global-color-4)","background-image":"","background-repeat":"repeat","background-position":"center center","background-size":"auto","background-attachment":"scroll","background-type":"","background-media":"","overlay-type":"","overlay-color":"","overlay-opacity":"","overlay-gradient":""},"tablet":{"background-color":"","background-image":"","background-repeat":"repeat","background-position":"center center","background-size":"auto","background-attachment":"scroll","background-type":"","background-media":"","overlay-type":"","overlay-color":"","overlay-opacity":"","overlay-gradient":""},"mobile":{"background-color":"","background-image":"","background-repeat":"repeat","background-position":"center center","background-size":"auto","background-attachment":"scroll","background-type":"","background-media":"","overlay-type":"","overlay-color":"","overlay-opacity":"","overlay-gradient":""}},"ast-content-background-meta":{"desktop":{"background-color":"var(--ast-global-color-5)","background-image":"","background-repeat":"repeat","background-position":"center center","background-size":"auto","background-attachment":"scroll","background-type":"","background-media":"","overlay-type":"","overlay-color":"","overlay-opacity":"","overlay-gradient":""},"tablet":{"background-color":"var(--ast-global-color-5)","background-image":"","background-repeat":"repeat","background-position":"center center","background-size":"auto","background-attachment":"scroll","background-type":"","background-media":"","overlay-type":"","overlay-color":"","overlay-opacity":"","overlay-gradient":""},"mobile":{"background-color":"var(--ast-global-color-5)","background-image":"","background-repeat":"repeat","background-position":"center center","background-size":"auto","background-attachment":"scroll","background-type":"","background-media":"","overlay-type":"","overlay-color":"","overlay-opacity":"","overlay-gradient":""}}},"product_brand":[],"product_cat":[157,425,426,435],"product_tag":[],"class_list":{"0":"post-16527","1":"product","2":"type-product","3":"status-publish","4":"has-post-thumbnail","6":"product_cat-kikuwa-japan","7":"product_cat-sekatorer","8":"product_cat-tradgardsverktyg","9":"product_cat-ympning-beskarning","10":"desktop-align-left","11":"tablet-align-left","12":"mobile-align-left","13":"ast-product-gallery-layout-horizontal-slider","14":"ast-product-tabs-layout-horizontal","15":"ast-qv-on-image","17":"first","18":"outofstock","19":"taxable","20":"shipping-taxable","21":"purchasable","22":"product-type-simple"},"aioseo_notices":[],"uagb_featured_image_src":{"full":["https:\/\/unikbotanik.se\/wp-content\/uploads\/2024\/11\/VKKW1043_m.jpg",1000,1000,false],"thumbnail":["https:\/\/unikbotanik.se\/wp-content\/uploads\/2024\/11\/VKKW1043_m-150x150.jpg",150,150,true],"medium":["https:\/\/unikbotanik.se\/wp-content\/uploads\/2024\/11\/VKKW1043_m-300x300.jpg",300,300,true],"medium_large":["https:\/\/unikbotanik.se\/wp-content\/uploads\/2024\/11\/VKKW1043_m-768x768.jpg",768,768,true],"large":["https:\/\/unikbotanik.se\/wp-content\/uploads\/2024\/11\/VKKW1043_m.jpg",1000,1000,false],"1536x1536":["https:\/\/unikbotanik.se\/wp-content\/uploads\/2024\/11\/VKKW1043_m.jpg",1000,1000,false],"2048x2048":["https:\/\/unikbotanik.se\/wp-content\/uploads\/2024\/11\/VKKW1043_m.jpg",1000,1000,false],"woocommerce_thumbnail":["https:\/\/unikbotanik.se\/wp-content\/uploads\/2024\/11\/VKKW1043_m-300x300.jpg",300,300,true],"woocommerce_single":["https:\/\/unikbotanik.se\/wp-content\/uploads\/2024\/11\/VKKW1043_m-600x600.jpg",600,600,true],"woocommerce_gallery_thumbnail":["https:\/\/unikbotanik.se\/wp-content\/uploads\/2024\/11\/VKKW1043_m-100x100.jpg",100,100,true]},"uagb_author_info":{"display_name":"unikbotanik","author_link":"https:\/\/unikbotanik.se\/en\/author\/"},"uagb_comment_info":0,"uagb_excerpt":"En kraftig men elegant sekat\u00f6r f\u00f6r tr\u00e4dg\u00e5rden f\u00f6r kapning och besk\u00e4rning av allehanda kvistar och grenar p\u00e5 buskar och tr\u00e4d. Passar t.ex. f\u00f6r att besk\u00e4ra rosor, syrener och frukttr\u00e4d. Saxen \u00e4r tillverkad av Kikuwa, Niigata, Japan. L\u00e4ngd: 230 mm Vikt: 310g. Material: h\u00e4rdat kolst\u00e5l Kikuwa-verktyg k\u00f6ps fr\u00e5n Japan och best\u00e4lls sporadiskt. &nbsp; &nbsp;","_links":{"self":[{"href":"https:\/\/unikbotanik.se\/en\/wp-json\/wp\/v2\/product\/16527","targetHints":{"allow":["GET"]}}],"collection":[{"href":"https:\/\/unikbotanik.se\/en\/wp-json\/wp\/v2\/product"}],"about":[{"href":"https:\/\/unikbotanik.se\/en\/wp-json\/wp\/v2\/types\/product"}],"replies":[{"embeddable":true,"href":"https:\/\/unikbotanik.se\/en\/wp-json\/wp\/v2\/comments?post=16527"}],"wp:featuredmedia":[{"embeddable":true,"href":"https:\/\/unikbotanik.se\/en\/wp-json\/wp\/v2\/media\/16529"}],"wp:attachment":[{"href":"https:\/\/unikbotanik.se\/en\/wp-json\/wp\/v2\/media?parent=16527"}],"wp:term":[{"taxonomy":"product_brand","embeddable":true,"href":"https:\/\/unikbotanik.se\/en\/wp-json\/wp\/v2\/product_brand?post=16527"},{"taxonomy":"product_cat","embeddable":true,"href":"https:\/\/unikbotanik.se\/en\/wp-json\/wp\/v2\/product_cat?post=16527"},{"taxonomy":"product_tag","embeddable":true,"href":"https:\/\/unikbotanik.se\/en\/wp-json\/wp\/v2\/product_tag?post=16527"}],"curies":[{"name":"wp","href":"https:\/\/api.w.org\/{rel}","templated":true}]}}