{"id":16300,"date":"2024-08-21T10:49:13","date_gmt":"2024-08-21T08:49:13","guid":{"rendered":"https:\/\/unikbotanik.se\/?post_type=product&#038;p=16300"},"modified":"2026-03-25T09:55:07","modified_gmt":"2026-03-25T08:55:07","slug":"grensag-bonsaisag-185-mm-dingmu","status":"publish","type":"product","link":"https:\/\/unikbotanik.se\/en\/produkt\/grensag-bonsaisag-185-mm-dingmu\/","title":{"rendered":"Grens\u00e5g\/bonsais\u00e5g, 185 mm, Dingmu"},"content":{"rendered":"<p>Praktisk hopf\u00e4llbar grens\u00e5g fr\u00e5n Kinesiska Dingmu.<br \/>\nBlad: 140 mm<br \/>\nTotal l\u00e4ngd utf\u00e4lld: 320 mm<br \/>\nL\u00e4ngd hopf\u00e4lld: 185 mm<\/p>\n<p>F\u00f6r att skadan skall l\u00e4ka \u00f6ver snyggt l\u00f6nar det sig att gr\u00f6pa ur den lite med en klott\u00e5ng eller forma den med en grent\u00e5ng. S\u00e5 pass stora snitt b\u00f6r behandlas med ympvax eller s\u00e5rpasta f\u00f6r b\u00e4sta l\u00e4kning.<\/p>\n","protected":false},"excerpt":{"rendered":"<p>Praktisk hopf\u00e4llbar grens\u00e5g fr\u00e5n Kinesiska Dingmu. Blad: 140 mm Total l\u00e4ngd utf\u00e4lld: 320 mm L\u00e4ngd hopf\u00e4lld: 185 mm F\u00f6r att skadan skall l\u00e4ka \u00f6ver snyggt l\u00f6nar det sig att gr\u00f6pa ur den lite med en klott\u00e5ng eller forma den med en grent\u00e5ng. S\u00e5 pass stora snitt b\u00f6r behandlas med ympvax eller s\u00e5rpasta f\u00f6r b\u00e4sta l\u00e4kning.<\/p>\n","protected":false},"featured_media":16301,"comment_status":"open","ping_status":"closed","template":"","meta":{"_uag_custom_page_level_css":"","_uf_show_specific_survey":0,"_uf_disable_surveys":false,"site-sidebar-layout":"default","site-content-layout":"","ast-site-content-layout":"default","site-content-style":"default","site-sidebar-style":"default","ast-global-header-display":"","ast-banner-title-visibility":"","ast-main-header-display":"","ast-hfb-above-header-display":"","ast-hfb-below-header-display":"","ast-hfb-mobile-header-display":"","site-post-title":"","ast-breadcrumbs-content":"","ast-featured-img":"","footer-sml-layout":"","ast-disable-related-posts":"","theme-transparent-header-meta":"default","adv-header-id-meta":"","stick-header-meta":"default","header-above-stick-meta":"","header-main-stick-meta":"","header-below-stick-meta":"","astra-migrate-meta-layouts":"set","ast-page-background-enabled":"default","ast-page-background-meta":{"desktop":{"background-color":"var(--ast-global-color-4)","background-image":"","background-repeat":"repeat","background-position":"center center","background-size":"auto","background-attachment":"scroll","background-type":"","background-media":"","overlay-type":"","overlay-color":"","overlay-opacity":"","overlay-gradient":""},"tablet":{"background-color":"","background-image":"","background-repeat":"repeat","background-position":"center center","background-size":"auto","background-attachment":"scroll","background-type":"","background-media":"","overlay-type":"","overlay-color":"","overlay-opacity":"","overlay-gradient":""},"mobile":{"background-color":"","background-image":"","background-repeat":"repeat","background-position":"center center","background-size":"auto","background-attachment":"scroll","background-type":"","background-media":"","overlay-type":"","overlay-color":"","overlay-opacity":"","overlay-gradient":""}},"ast-content-background-meta":{"desktop":{"background-color":"var(--ast-global-color-5)","background-image":"","background-repeat":"repeat","background-position":"center center","background-size":"auto","background-attachment":"scroll","background-type":"","background-media":"","overlay-type":"","overlay-color":"","overlay-opacity":"","overlay-gradient":""},"tablet":{"background-color":"var(--ast-global-color-5)","background-image":"","background-repeat":"repeat","background-position":"center center","background-size":"auto","background-attachment":"scroll","background-type":"","background-media":"","overlay-type":"","overlay-color":"","overlay-opacity":"","overlay-gradient":""},"mobile":{"background-color":"var(--ast-global-color-5)","background-image":"","background-repeat":"repeat","background-position":"center center","background-size":"auto","background-attachment":"scroll","background-type":"","background-media":"","overlay-type":"","overlay-color":"","overlay-opacity":"","overlay-gradient":""}}},"product_brand":[],"product_cat":[160,423],"product_tag":[],"class_list":{"0":"post-16300","1":"product","2":"type-product","3":"status-publish","4":"has-post-thumbnail","6":"product_cat-dingmu-kina","7":"product_cat-sagar","8":"desktop-align-left","9":"tablet-align-left","10":"mobile-align-left","11":"ast-product-gallery-layout-horizontal-slider","12":"ast-product-tabs-layout-horizontal","13":"ast-qv-on-image","15":"first","16":"outofstock","17":"taxable","18":"shipping-taxable","19":"purchasable","20":"product-type-simple"},"aioseo_notices":[],"uagb_featured_image_src":{"full":["https:\/\/unikbotanik.se\/wp-content\/uploads\/2024\/08\/VMIS141870a-scaled.jpg",2560,2560,false],"thumbnail":["https:\/\/unikbotanik.se\/wp-content\/uploads\/2024\/08\/VMIS141870a-150x150.jpg",150,150,true],"medium":["https:\/\/unikbotanik.se\/wp-content\/uploads\/2024\/08\/VMIS141870a-300x300.jpg",300,300,true],"medium_large":["https:\/\/unikbotanik.se\/wp-content\/uploads\/2024\/08\/VMIS141870a-768x768.jpg",768,768,true],"large":["https:\/\/unikbotanik.se\/wp-content\/uploads\/2024\/08\/VMIS141870a-1024x1024.jpg",1024,1024,true],"1536x1536":["https:\/\/unikbotanik.se\/wp-content\/uploads\/2024\/08\/VMIS141870a-1536x1536.jpg",1536,1536,true],"2048x2048":["https:\/\/unikbotanik.se\/wp-content\/uploads\/2024\/08\/VMIS141870a-2048x2048.jpg",2048,2048,true],"woocommerce_thumbnail":["https:\/\/unikbotanik.se\/wp-content\/uploads\/2024\/08\/VMIS141870a-300x300.jpg",300,300,true],"woocommerce_single":["https:\/\/unikbotanik.se\/wp-content\/uploads\/2024\/08\/VMIS141870a-600x600.jpg",600,600,true],"woocommerce_gallery_thumbnail":["https:\/\/unikbotanik.se\/wp-content\/uploads\/2024\/08\/VMIS141870a-100x100.jpg",100,100,true]},"uagb_author_info":{"display_name":"unikbotanik","author_link":"https:\/\/unikbotanik.se\/en\/author\/"},"uagb_comment_info":0,"uagb_excerpt":"Praktisk hopf\u00e4llbar grens\u00e5g fr\u00e5n Kinesiska Dingmu. Blad: 140 mm Total l\u00e4ngd utf\u00e4lld: 320 mm L\u00e4ngd hopf\u00e4lld: 185 mm F\u00f6r att skadan skall l\u00e4ka \u00f6ver snyggt l\u00f6nar det sig att gr\u00f6pa ur den lite med en klott\u00e5ng eller forma den med en grent\u00e5ng. S\u00e5 pass stora snitt b\u00f6r behandlas med ympvax eller s\u00e5rpasta f\u00f6r b\u00e4sta l\u00e4kning.","_links":{"self":[{"href":"https:\/\/unikbotanik.se\/en\/wp-json\/wp\/v2\/product\/16300","targetHints":{"allow":["GET"]}}],"collection":[{"href":"https:\/\/unikbotanik.se\/en\/wp-json\/wp\/v2\/product"}],"about":[{"href":"https:\/\/unikbotanik.se\/en\/wp-json\/wp\/v2\/types\/product"}],"replies":[{"embeddable":true,"href":"https:\/\/unikbotanik.se\/en\/wp-json\/wp\/v2\/comments?post=16300"}],"wp:featuredmedia":[{"embeddable":true,"href":"https:\/\/unikbotanik.se\/en\/wp-json\/wp\/v2\/media\/16301"}],"wp:attachment":[{"href":"https:\/\/unikbotanik.se\/en\/wp-json\/wp\/v2\/media?parent=16300"}],"wp:term":[{"taxonomy":"product_brand","embeddable":true,"href":"https:\/\/unikbotanik.se\/en\/wp-json\/wp\/v2\/product_brand?post=16300"},{"taxonomy":"product_cat","embeddable":true,"href":"https:\/\/unikbotanik.se\/en\/wp-json\/wp\/v2\/product_cat?post=16300"},{"taxonomy":"product_tag","embeddable":true,"href":"https:\/\/unikbotanik.se\/en\/wp-json\/wp\/v2\/product_tag?post=16300"}],"curies":[{"name":"wp","href":"https:\/\/api.w.org\/{rel}","templated":true}]}}