{"id":1581,"date":"2019-04-11T16:39:04","date_gmt":"2019-04-11T14:39:04","guid":{"rendered":"http:\/\/unikbotanik.se\/product\/import-placeholder-for-524\/"},"modified":"2026-04-12T19:49:14","modified_gmt":"2026-04-12T17:49:14","slug":"pasta-for-sartatning","status":"publish","type":"product","link":"https:\/\/unikbotanik.se\/en\/produkt\/pasta-for-sartatning\/","title":{"rendered":"Ympvax\/Pasta f\u00f6r s\u00e5rt\u00e4tning &#8211; 190g"},"content":{"rendered":"<pre id=\"tw-target-text\" class=\"tw-data-text vk_txt tw-ta tw-text-small\" dir=\"ltr\" style=\"text-align: left; height: 216px;\" data-fulltext=\"\" data-placeholder=\"\u00d6vers\u00e4ttning\"><span lang=\"sv\">S\u00e5rt\u00e4tningsmedel\/s\u00e5rf\u00f6rseglare \u00e4r en lerpbaserad s\u00e5rpasta f\u00f6r f\u00f6rseglig av st\u00f6rre s\u00e5r eller s\u00e5r hos k\u00e4nsliga arter som l\u00e4tt d\u00f6r tillbaka fr\u00e5n det gjorda snittet. Kn\u00e5da en liten kula av vaxet och tryck ut den \u00f6ver snittytan.\r\nHj\u00e4lper till i l\u00e4kningsprocessen och f\u00f6rhindrar uttorkning av s\u00e5ret. \r\nL\u00e4mplig f\u00f6r l\u00f6vtr\u00e4d.\r\n\r\n190 gram<\/span><\/pre>\n<p>&nbsp;<\/p>\n","protected":false},"excerpt":{"rendered":"<p>S\u00e5rt\u00e4tningsmedel\/s\u00e5rf\u00f6rseglare \u00e4r en lerpbaserad s\u00e5rpasta f\u00f6r f\u00f6rseglig av st\u00f6rre s\u00e5r eller s\u00e5r hos k\u00e4nsliga arter som l\u00e4tt d\u00f6r tillbaka fr\u00e5n det gjorda snittet. Kn\u00e5da en liten kula av vaxet och tryck ut den \u00f6ver snittytan. Hj\u00e4lper till i l\u00e4kningsprocessen och f\u00f6rhindrar uttorkning av s\u00e5ret. L\u00e4mplig f\u00f6r l\u00f6vtr\u00e4d. 190 gram &nbsp;<\/p>\n","protected":false},"featured_media":3469,"comment_status":"open","ping_status":"closed","template":"","meta":{"_uag_custom_page_level_css":"","_uf_show_specific_survey":0,"_uf_disable_surveys":false,"site-sidebar-layout":"default","site-content-layout":"","ast-site-content-layout":"default","site-content-style":"default","site-sidebar-style":"default","ast-global-header-display":"","ast-banner-title-visibility":"","ast-main-header-display":"","ast-hfb-above-header-display":"","ast-hfb-below-header-display":"","ast-hfb-mobile-header-display":"","site-post-title":"","ast-breadcrumbs-content":"","ast-featured-img":"","footer-sml-layout":"","ast-disable-related-posts":"","theme-transparent-header-meta":"","adv-header-id-meta":"","stick-header-meta":"","header-above-stick-meta":"","header-main-stick-meta":"","header-below-stick-meta":"","astra-migrate-meta-layouts":"default","ast-page-background-enabled":"default","ast-page-background-meta":{"desktop":{"background-color":"var(--ast-global-color-4)","background-image":"","background-repeat":"repeat","background-position":"center center","background-size":"auto","background-attachment":"scroll","background-type":"","background-media":"","overlay-type":"","overlay-color":"","overlay-opacity":"","overlay-gradient":""},"tablet":{"background-color":"","background-image":"","background-repeat":"repeat","background-position":"center center","background-size":"auto","background-attachment":"scroll","background-type":"","background-media":"","overlay-type":"","overlay-color":"","overlay-opacity":"","overlay-gradient":""},"mobile":{"background-color":"","background-image":"","background-repeat":"repeat","background-position":"center center","background-size":"auto","background-attachment":"scroll","background-type":"","background-media":"","overlay-type":"","overlay-color":"","overlay-opacity":"","overlay-gradient":""}},"ast-content-background-meta":{"desktop":{"background-color":"var(--ast-global-color-5)","background-image":"","background-repeat":"repeat","background-position":"center center","background-size":"auto","background-attachment":"scroll","background-type":"","background-media":"","overlay-type":"","overlay-color":"","overlay-opacity":"","overlay-gradient":""},"tablet":{"background-color":"var(--ast-global-color-5)","background-image":"","background-repeat":"repeat","background-position":"center center","background-size":"auto","background-attachment":"scroll","background-type":"","background-media":"","overlay-type":"","overlay-color":"","overlay-opacity":"","overlay-gradient":""},"mobile":{"background-color":"var(--ast-global-color-5)","background-image":"","background-repeat":"repeat","background-position":"center center","background-size":"auto","background-attachment":"scroll","background-type":"","background-media":"","overlay-type":"","overlay-color":"","overlay-opacity":"","overlay-gradient":""}}},"product_brand":[],"product_cat":[63,162,435],"product_tag":[],"class_list":{"0":"post-1581","1":"product","2":"type-product","3":"status-publish","4":"has-post-thumbnail","6":"product_cat-ovrigt","7":"product_cat-presenttips","8":"product_cat-ympning-beskarning","9":"desktop-align-left","10":"tablet-align-left","11":"mobile-align-left","12":"ast-product-gallery-layout-horizontal-slider","13":"ast-product-gallery-with-no-image","14":"ast-product-tabs-layout-horizontal","15":"ast-qv-on-image","17":"first","18":"outofstock","19":"taxable","20":"shipping-taxable","21":"purchasable","22":"product-type-simple"},"aioseo_notices":[],"uagb_featured_image_src":{"full":["https:\/\/unikbotanik.se\/wp-content\/uploads\/2019\/04\/VMIS85202-1.jpg",900,900,false],"thumbnail":["https:\/\/unikbotanik.se\/wp-content\/uploads\/2019\/04\/VMIS85202-1-150x150.jpg",150,150,true],"medium":["https:\/\/unikbotanik.se\/wp-content\/uploads\/2019\/04\/VMIS85202-1-300x300.jpg",300,300,true],"medium_large":["https:\/\/unikbotanik.se\/wp-content\/uploads\/2019\/04\/VMIS85202-1-768x768.jpg",768,768,true],"large":["https:\/\/unikbotanik.se\/wp-content\/uploads\/2019\/04\/VMIS85202-1.jpg",900,900,false],"1536x1536":["https:\/\/unikbotanik.se\/wp-content\/uploads\/2019\/04\/VMIS85202-1.jpg",900,900,false],"2048x2048":["https:\/\/unikbotanik.se\/wp-content\/uploads\/2019\/04\/VMIS85202-1.jpg",900,900,false],"woocommerce_thumbnail":["https:\/\/unikbotanik.se\/wp-content\/uploads\/2019\/04\/VMIS85202-1-300x300.jpg",300,300,true],"woocommerce_single":["https:\/\/unikbotanik.se\/wp-content\/uploads\/2019\/04\/VMIS85202-1-600x600.jpg",600,600,true],"woocommerce_gallery_thumbnail":["https:\/\/unikbotanik.se\/wp-content\/uploads\/2019\/04\/VMIS85202-1-100x100.jpg",100,100,true]},"uagb_author_info":{"display_name":"robin@colobri.se","author_link":"https:\/\/unikbotanik.se\/en\/author\/"},"uagb_comment_info":0,"uagb_excerpt":"S\u00e5rt\u00e4tningsmedel\/s\u00e5rf\u00f6rseglare \u00e4r en lerpbaserad s\u00e5rpasta f\u00f6r f\u00f6rseglig av st\u00f6rre s\u00e5r eller s\u00e5r hos k\u00e4nsliga arter som l\u00e4tt d\u00f6r tillbaka fr\u00e5n det gjorda snittet. Kn\u00e5da en liten kula av vaxet och tryck ut den \u00f6ver snittytan. Hj\u00e4lper till i l\u00e4kningsprocessen och f\u00f6rhindrar uttorkning av s\u00e5ret. L\u00e4mplig f\u00f6r l\u00f6vtr\u00e4d. 190 gram &nbsp;","_links":{"self":[{"href":"https:\/\/unikbotanik.se\/en\/wp-json\/wp\/v2\/product\/1581","targetHints":{"allow":["GET"]}}],"collection":[{"href":"https:\/\/unikbotanik.se\/en\/wp-json\/wp\/v2\/product"}],"about":[{"href":"https:\/\/unikbotanik.se\/en\/wp-json\/wp\/v2\/types\/product"}],"replies":[{"embeddable":true,"href":"https:\/\/unikbotanik.se\/en\/wp-json\/wp\/v2\/comments?post=1581"}],"wp:featuredmedia":[{"embeddable":true,"href":"https:\/\/unikbotanik.se\/en\/wp-json\/wp\/v2\/media\/3469"}],"wp:attachment":[{"href":"https:\/\/unikbotanik.se\/en\/wp-json\/wp\/v2\/media?parent=1581"}],"wp:term":[{"taxonomy":"product_brand","embeddable":true,"href":"https:\/\/unikbotanik.se\/en\/wp-json\/wp\/v2\/product_brand?post=1581"},{"taxonomy":"product_cat","embeddable":true,"href":"https:\/\/unikbotanik.se\/en\/wp-json\/wp\/v2\/product_cat?post=1581"},{"taxonomy":"product_tag","embeddable":true,"href":"https:\/\/unikbotanik.se\/en\/wp-json\/wp\/v2\/product_tag?post=1581"}],"curies":[{"name":"wp","href":"https:\/\/api.w.org\/{rel}","templated":true}]}}