{"id":1544,"date":"2019-04-11T16:39:00","date_gmt":"2019-04-11T14:39:00","guid":{"rendered":"http:\/\/unikbotanik.se\/product\/import-placeholder-for-321\/"},"modified":"2025-05-01T20:03:45","modified_gmt":"2025-05-01T18:03:45","slug":"biogold-original-240gram","status":"publish","type":"product","link":"https:\/\/unikbotanik.se\/en\/produkt\/biogold-original-240gram\/","title":{"rendered":"Biogold Original 240Gram"},"content":{"rendered":"<p>Bio Gold \u00e4r ett helt organiskt g\u00f6dningsmedel producerat genom l\u00e5ngsam fermentering av organiskt avfall. Genom valet av r\u00e5vara blir det ett komplett g\u00f6dningsmedel som \u00e4lskas av alla som testar det. I g\u00f6dningen \u00e5terfinns makron\u00e4ring som fosfor, kv\u00e4ve och kalium men ocks\u00e5 kalcium, magnesium, j\u00e4rn&#8230; alla vitala sp\u00e5r\u00e4mnen f\u00f6r god tillv\u00e4xt och blomning.<\/p>\n<p>Bio Gold dtar inte till sig ohyra eller sniglar och \u00e4r inte heller \u00e4r den skadlig f\u00f6r husdjur eller befruktande insekter som en del andra g\u00f6dnings\u00e4mnen.<\/p>\n<p>I och med det faktum att Bio Gold \u00e4r helt organiskt l\u00f6ser det upp sig l\u00e5ngsamt och risken att \u00f6verdosera biogold \u00e4r liten. F\u00f6rdela fem till tio Bio Gold-pellets per kvadratdecimeter kruka. (M\u00e4ngden beror p\u00e5 behovet hos din planta.) De kommer l\u00f6sas upp p\u00e5 45 &#8211; 50 dagar. Vid mycket regn l\u00f6ses de upp fortare men d\u00e5 spolas ocks\u00e5 st\u00f6rre del ut. P\u00e5 s\u00e5 s\u00e4tt kommer m\u00e4ngden att balanseras i jorden.<\/p>\n<p>Du kan ocks\u00e5 l\u00f6sa pellets i vatten f\u00f6r att vattna med Bio Gold. Stoppa i 2 &#8211; 3 pellets per liter vatten och l\u00e5t dem l\u00f6sa upp sig i n\u00e5gra dagar innan bevattning.<\/p>\n<p>Sammans\u00e4ttning: N6, P7, K4 &#8211; plus alla viktiga sp\u00e5r\u00e4mnen som kommer med fullg\u00f6dning.<\/p>\n<p>240gram<\/p>\n","protected":false},"excerpt":{"rendered":"<p>Bio Gold \u00e4r ett helt organiskt g\u00f6dningsmedel producerat genom l\u00e5ngsam fermentering av organiskt avfall. Genom valet av r\u00e5vara blir det ett komplett g\u00f6dningsmedel som \u00e4lskas av alla som testar det. I g\u00f6dningen \u00e5terfinns makron\u00e4ring som fosfor, kv\u00e4ve och kalium men ocks\u00e5 kalcium, magnesium, j\u00e4rn&#8230; alla vitala sp\u00e5r\u00e4mnen f\u00f6r god tillv\u00e4xt och blomning. Bio Gold dtar [&hellip;]<\/p>\n","protected":false},"featured_media":3684,"comment_status":"open","ping_status":"closed","template":"","meta":{"_uag_custom_page_level_css":"","_uf_show_specific_survey":0,"_uf_disable_surveys":false,"site-sidebar-layout":"default","site-content-layout":"","ast-site-content-layout":"default","site-content-style":"default","site-sidebar-style":"default","ast-global-header-display":"","ast-banner-title-visibility":"","ast-main-header-display":"","ast-hfb-above-header-display":"","ast-hfb-below-header-display":"","ast-hfb-mobile-header-display":"","site-post-title":"","ast-breadcrumbs-content":"","ast-featured-img":"","footer-sml-layout":"","ast-disable-related-posts":"","theme-transparent-header-meta":"","adv-header-id-meta":"","stick-header-meta":"","header-above-stick-meta":"","header-main-stick-meta":"","header-below-stick-meta":"","astra-migrate-meta-layouts":"default","ast-page-background-enabled":"default","ast-page-background-meta":{"desktop":{"background-color":"var(--ast-global-color-4)","background-image":"","background-repeat":"repeat","background-position":"center center","background-size":"auto","background-attachment":"scroll","background-type":"","background-media":"","overlay-type":"","overlay-color":"","overlay-opacity":"","overlay-gradient":""},"tablet":{"background-color":"","background-image":"","background-repeat":"repeat","background-position":"center center","background-size":"auto","background-attachment":"scroll","background-type":"","background-media":"","overlay-type":"","overlay-color":"","overlay-opacity":"","overlay-gradient":""},"mobile":{"background-color":"","background-image":"","background-repeat":"repeat","background-position":"center center","background-size":"auto","background-attachment":"scroll","background-type":"","background-media":"","overlay-type":"","overlay-color":"","overlay-opacity":"","overlay-gradient":""}},"ast-content-background-meta":{"desktop":{"background-color":"var(--ast-global-color-5)","background-image":"","background-repeat":"repeat","background-position":"center center","background-size":"auto","background-attachment":"scroll","background-type":"","background-media":"","overlay-type":"","overlay-color":"","overlay-opacity":"","overlay-gradient":""},"tablet":{"background-color":"var(--ast-global-color-5)","background-image":"","background-repeat":"repeat","background-position":"center center","background-size":"auto","background-attachment":"scroll","background-type":"","background-media":"","overlay-type":"","overlay-color":"","overlay-opacity":"","overlay-gradient":""},"mobile":{"background-color":"var(--ast-global-color-5)","background-image":"","background-repeat":"repeat","background-position":"center center","background-size":"auto","background-attachment":"scroll","background-type":"","background-media":"","overlay-type":"","overlay-color":"","overlay-opacity":"","overlay-gradient":""}}},"product_brand":[],"product_cat":[37],"product_tag":[],"class_list":{"0":"post-1544","1":"product","2":"type-product","3":"status-publish","4":"has-post-thumbnail","6":"product_cat-naring","7":"desktop-align-left","8":"tablet-align-left","9":"mobile-align-left","10":"ast-product-gallery-layout-horizontal-slider","11":"ast-product-gallery-with-no-image","12":"ast-product-tabs-layout-horizontal","13":"ast-qv-on-image","15":"first","16":"outofstock","17":"taxable","18":"shipping-taxable","19":"purchasable","20":"product-type-simple"},"aioseo_notices":[],"uagb_featured_image_src":{"full":["https:\/\/unikbotanik.se\/wp-content\/uploads\/2019\/04\/VMIS85108.jpg",900,900,false],"thumbnail":["https:\/\/unikbotanik.se\/wp-content\/uploads\/2019\/04\/VMIS85108-150x150.jpg",150,150,true],"medium":["https:\/\/unikbotanik.se\/wp-content\/uploads\/2019\/04\/VMIS85108-300x300.jpg",300,300,true],"medium_large":["https:\/\/unikbotanik.se\/wp-content\/uploads\/2019\/04\/VMIS85108-768x768.jpg",768,768,true],"large":["https:\/\/unikbotanik.se\/wp-content\/uploads\/2019\/04\/VMIS85108.jpg",900,900,false],"1536x1536":["https:\/\/unikbotanik.se\/wp-content\/uploads\/2019\/04\/VMIS85108.jpg",900,900,false],"2048x2048":["https:\/\/unikbotanik.se\/wp-content\/uploads\/2019\/04\/VMIS85108.jpg",900,900,false],"woocommerce_thumbnail":["https:\/\/unikbotanik.se\/wp-content\/uploads\/2019\/04\/VMIS85108-300x300.jpg",300,300,true],"woocommerce_single":["https:\/\/unikbotanik.se\/wp-content\/uploads\/2019\/04\/VMIS85108-600x600.jpg",600,600,true],"woocommerce_gallery_thumbnail":["https:\/\/unikbotanik.se\/wp-content\/uploads\/2019\/04\/VMIS85108-100x100.jpg",100,100,true]},"uagb_author_info":{"display_name":"robin@colobri.se","author_link":"https:\/\/unikbotanik.se\/en\/author\/"},"uagb_comment_info":0,"uagb_excerpt":"Bio Gold \u00e4r ett helt organiskt g\u00f6dningsmedel producerat genom l\u00e5ngsam fermentering av organiskt avfall. Genom valet av r\u00e5vara blir det ett komplett g\u00f6dningsmedel som \u00e4lskas av alla som testar det. I g\u00f6dningen \u00e5terfinns makron\u00e4ring som fosfor, kv\u00e4ve och kalium men ocks\u00e5 kalcium, magnesium, j\u00e4rn&#8230; alla vitala sp\u00e5r\u00e4mnen f\u00f6r god tillv\u00e4xt och blomning. Bio Gold dtar&hellip;","_links":{"self":[{"href":"https:\/\/unikbotanik.se\/en\/wp-json\/wp\/v2\/product\/1544","targetHints":{"allow":["GET"]}}],"collection":[{"href":"https:\/\/unikbotanik.se\/en\/wp-json\/wp\/v2\/product"}],"about":[{"href":"https:\/\/unikbotanik.se\/en\/wp-json\/wp\/v2\/types\/product"}],"replies":[{"embeddable":true,"href":"https:\/\/unikbotanik.se\/en\/wp-json\/wp\/v2\/comments?post=1544"}],"wp:featuredmedia":[{"embeddable":true,"href":"https:\/\/unikbotanik.se\/en\/wp-json\/wp\/v2\/media\/3684"}],"wp:attachment":[{"href":"https:\/\/unikbotanik.se\/en\/wp-json\/wp\/v2\/media?parent=1544"}],"wp:term":[{"taxonomy":"product_brand","embeddable":true,"href":"https:\/\/unikbotanik.se\/en\/wp-json\/wp\/v2\/product_brand?post=1544"},{"taxonomy":"product_cat","embeddable":true,"href":"https:\/\/unikbotanik.se\/en\/wp-json\/wp\/v2\/product_cat?post=1544"},{"taxonomy":"product_tag","embeddable":true,"href":"https:\/\/unikbotanik.se\/en\/wp-json\/wp\/v2\/product_tag?post=1544"}],"curies":[{"name":"wp","href":"https:\/\/api.w.org\/{rel}","templated":true}]}}