{"id":13918,"date":"2023-12-04T15:18:10","date_gmt":"2023-12-04T14:18:10","guid":{"rendered":"https:\/\/unikbotanik.se\/?post_type=product&#038;p=13918"},"modified":"2025-11-08T16:04:33","modified_gmt":"2025-11-08T15:04:33","slug":"komplett-baspaket-for-bonsai-10-verktyg-fodral-och-bonsaitrad","status":"publish","type":"product","link":"https:\/\/unikbotanik.se\/en\/produkt\/komplett-baspaket-for-bonsai-10-verktyg-fodral-och-bonsaitrad\/","title":{"rendered":"Komplett baspaket f\u00f6r bonsai, 10 verktyg, fodral och bonsaitr\u00e5d"},"content":{"rendered":"<p><strong>Ett komplett paket med alla verktyg du beh\u00f6ver f\u00f6r din bonsaihobby.\u00a0<\/strong><\/p>\n<p>Paketet inneh\u00e5ller 10 olika verktyg, ett fint verktygsfodral i tyg att f\u00f6rvara dem i, samt 5 st 100 g tr\u00e5drullar av olika tjocklek.<\/p>\n<p>Till ett f\u00f6rm\u00e5nligt pris f\u00e5r du: En kvistsax, en rotsax, en klott\u00e5ng, en grenbesk\u00e4rare, en l\u00f6vsax, en spatel med kratta, en liten spade, en kokosborste, en tr\u00e5dt\u00e5ng och ett bryne s\u00e5 du kan h\u00e5lla dina saxar vassa. Du f\u00e5r ocks\u00e5 5 st 100 g aluminiumtr\u00e5d i olika tjocklek.<\/p>\n<p>I b\u00f6rjan kan det r\u00e4cka med en vass k\u00f6kssax, men n\u00e4r du nu tar steget in i bonsai-v\u00e4rlden p\u00e5 riktigt \u00e4r det viktigt med verktyg som ger l\u00e4ttl\u00e4kta snitt och som \u00e4r enkla att anv\u00e4nda.<\/p>\n<p>Vill du l\u00e4sa mer om de olika verktygens funktion hittar du detta och mycket mer i v\u00e5r <a href=\"https:\/\/unikbotanik.se\/sv\/bonsai\/\">bonsai-skola<\/a>.<\/p>\n<p>Paketet inneh\u00e5ller:<\/p>\n<ul>\n<li>Kvistsax, Dungmu (VMI33746)<\/li>\n<li>Rotsax, Dingmu (VMIS133750)<\/li>\n<li>Grenbesk\u00e4rare, Dingmu (VMIS133741)<\/li>\n<li>Klott\u00e5ng, Dingmu (VMIS133743)<\/li>\n<li>L\u00f6vsax, (VMIS137220)<\/li>\n<li>Spatel och kratta<\/li>\n<li>Liten spade (VMIS93154)<\/li>\n<li>Kokosborste (VMIS93159)<\/li>\n<li>Tr\u00e5dt\u00e5ng, Dingmu (VMIS133747)<\/li>\n<li>Bryne (VMIS149318)<\/li>\n<li>Verktygsfodral, Dingmu (VMIS137091)<\/li>\n<li>Aluminiumtr\u00e5d<br \/>\n1 mm &#8211; 100 g<br \/>\n2 mm &#8211; 100 g<br \/>\n3 mm &#8211; 100 g<br \/>\n4 mm &#8211; 100 g<br \/>\n5 mm &#8211; 100 g<\/li>\n<\/ul>\n<p>Totalt v\u00e4rde 2 378 kr<\/p>\n","protected":false},"excerpt":{"rendered":"<p>Ett komplett paket med alla verktyg du beh\u00f6ver f\u00f6r din bonsaihobby.\u00a0 Paketet inneh\u00e5ller 10 olika verktyg, ett fint verktygsfodral i tyg att f\u00f6rvara dem i, samt 5 st 100 g tr\u00e5drullar av olika tjocklek. Till ett f\u00f6rm\u00e5nligt pris f\u00e5r du: En kvistsax, en rotsax, en klott\u00e5ng, en grenbesk\u00e4rare, en l\u00f6vsax, en spatel med kratta, en [&hellip;]<\/p>\n","protected":false},"featured_media":13920,"comment_status":"open","ping_status":"closed","template":"","meta":{"_uag_custom_page_level_css":"","_uf_show_specific_survey":0,"_uf_disable_surveys":false,"site-sidebar-layout":"default","site-content-layout":"","ast-site-content-layout":"default","site-content-style":"default","site-sidebar-style":"default","ast-global-header-display":"","ast-banner-title-visibility":"","ast-main-header-display":"","ast-hfb-above-header-display":"","ast-hfb-below-header-display":"","ast-hfb-mobile-header-display":"","site-post-title":"","ast-breadcrumbs-content":"","ast-featured-img":"","footer-sml-layout":"","ast-disable-related-posts":"","theme-transparent-header-meta":"default","adv-header-id-meta":"","stick-header-meta":"default","header-above-stick-meta":"","header-main-stick-meta":"","header-below-stick-meta":"","astra-migrate-meta-layouts":"set","ast-page-background-enabled":"default","ast-page-background-meta":{"desktop":{"background-color":"var(--ast-global-color-4)","background-image":"","background-repeat":"repeat","background-position":"center center","background-size":"auto","background-attachment":"scroll","background-type":"","background-media":"","overlay-type":"","overlay-color":"","overlay-opacity":"","overlay-gradient":""},"tablet":{"background-color":"","background-image":"","background-repeat":"repeat","background-position":"center center","background-size":"auto","background-attachment":"scroll","background-type":"","background-media":"","overlay-type":"","overlay-color":"","overlay-opacity":"","overlay-gradient":""},"mobile":{"background-color":"","background-image":"","background-repeat":"repeat","background-position":"center center","background-size":"auto","background-attachment":"scroll","background-type":"","background-media":"","overlay-type":"","overlay-color":"","overlay-opacity":"","overlay-gradient":""}},"ast-content-background-meta":{"desktop":{"background-color":"var(--ast-global-color-5)","background-image":"","background-repeat":"repeat","background-position":"center center","background-size":"auto","background-attachment":"scroll","background-type":"","background-media":"","overlay-type":"","overlay-color":"","overlay-opacity":"","overlay-gradient":""},"tablet":{"background-color":"var(--ast-global-color-5)","background-image":"","background-repeat":"repeat","background-position":"center center","background-size":"auto","background-attachment":"scroll","background-type":"","background-media":"","overlay-type":"","overlay-color":"","overlay-opacity":"","overlay-gradient":""},"mobile":{"background-color":"var(--ast-global-color-5)","background-image":"","background-repeat":"repeat","background-position":"center center","background-size":"auto","background-attachment":"scroll","background-type":"","background-media":"","overlay-type":"","overlay-color":"","overlay-opacity":"","overlay-gradient":""}}},"product_brand":[],"product_cat":[26,127,160,162,420],"product_tag":[],"class_list":{"0":"post-13918","1":"product","2":"type-product","3":"status-publish","4":"has-post-thumbnail","6":"product_cat-bonsaiverktyg","7":"product_cat-nyborjare","8":"product_cat-dingmu-kina","9":"product_cat-presenttips","10":"product_cat-verktygskit","11":"desktop-align-left","12":"tablet-align-left","13":"mobile-align-left","14":"ast-product-gallery-layout-horizontal-slider","15":"ast-product-tabs-layout-horizontal","16":"ast-qv-on-image","18":"first","19":"onbackorder","20":"taxable","21":"shipping-taxable","22":"purchasable","23":"product-type-woosb"},"aioseo_notices":[],"uagb_featured_image_src":{"full":["https:\/\/unikbotanik.se\/wp-content\/uploads\/2023\/12\/VMISPKT003.jpg",1000,1000,false],"thumbnail":["https:\/\/unikbotanik.se\/wp-content\/uploads\/2023\/12\/VMISPKT003-150x150.jpg",150,150,true],"medium":["https:\/\/unikbotanik.se\/wp-content\/uploads\/2023\/12\/VMISPKT003-300x300.jpg",300,300,true],"medium_large":["https:\/\/unikbotanik.se\/wp-content\/uploads\/2023\/12\/VMISPKT003-768x768.jpg",768,768,true],"large":["https:\/\/unikbotanik.se\/wp-content\/uploads\/2023\/12\/VMISPKT003.jpg",1000,1000,false],"1536x1536":["https:\/\/unikbotanik.se\/wp-content\/uploads\/2023\/12\/VMISPKT003.jpg",1000,1000,false],"2048x2048":["https:\/\/unikbotanik.se\/wp-content\/uploads\/2023\/12\/VMISPKT003.jpg",1000,1000,false],"woocommerce_thumbnail":["https:\/\/unikbotanik.se\/wp-content\/uploads\/2023\/12\/VMISPKT003-300x300.jpg",300,300,true],"woocommerce_single":["https:\/\/unikbotanik.se\/wp-content\/uploads\/2023\/12\/VMISPKT003-600x600.jpg",600,600,true],"woocommerce_gallery_thumbnail":["https:\/\/unikbotanik.se\/wp-content\/uploads\/2023\/12\/VMISPKT003-100x100.jpg",100,100,true]},"uagb_author_info":{"display_name":"unikbotanik","author_link":"https:\/\/unikbotanik.se\/en\/author\/"},"uagb_comment_info":0,"uagb_excerpt":"Ett komplett paket med alla verktyg du beh\u00f6ver f\u00f6r din bonsaihobby.\u00a0 Paketet inneh\u00e5ller 10 olika verktyg, ett fint verktygsfodral i tyg att f\u00f6rvara dem i, samt 5 st 100 g tr\u00e5drullar av olika tjocklek. Till ett f\u00f6rm\u00e5nligt pris f\u00e5r du: En kvistsax, en rotsax, en klott\u00e5ng, en grenbesk\u00e4rare, en l\u00f6vsax, en spatel med kratta, en&hellip;","_links":{"self":[{"href":"https:\/\/unikbotanik.se\/en\/wp-json\/wp\/v2\/product\/13918","targetHints":{"allow":["GET"]}}],"collection":[{"href":"https:\/\/unikbotanik.se\/en\/wp-json\/wp\/v2\/product"}],"about":[{"href":"https:\/\/unikbotanik.se\/en\/wp-json\/wp\/v2\/types\/product"}],"replies":[{"embeddable":true,"href":"https:\/\/unikbotanik.se\/en\/wp-json\/wp\/v2\/comments?post=13918"}],"wp:featuredmedia":[{"embeddable":true,"href":"https:\/\/unikbotanik.se\/en\/wp-json\/wp\/v2\/media\/13920"}],"wp:attachment":[{"href":"https:\/\/unikbotanik.se\/en\/wp-json\/wp\/v2\/media?parent=13918"}],"wp:term":[{"taxonomy":"product_brand","embeddable":true,"href":"https:\/\/unikbotanik.se\/en\/wp-json\/wp\/v2\/product_brand?post=13918"},{"taxonomy":"product_cat","embeddable":true,"href":"https:\/\/unikbotanik.se\/en\/wp-json\/wp\/v2\/product_cat?post=13918"},{"taxonomy":"product_tag","embeddable":true,"href":"https:\/\/unikbotanik.se\/en\/wp-json\/wp\/v2\/product_tag?post=13918"}],"curies":[{"name":"wp","href":"https:\/\/api.w.org\/{rel}","templated":true}]}}