{"id":12721,"date":"2023-03-20T11:04:05","date_gmt":"2023-03-20T10:04:05","guid":{"rendered":"https:\/\/unikbotanik.se\/?post_type=product&#038;p=12721"},"modified":"2023-07-11T13:48:12","modified_gmt":"2023-07-11T11:48:12","slug":"glasunderlagg-med-bonsaitrad-flera-varianter","status":"publish","type":"product","link":"https:\/\/unikbotanik.se\/en\/produkt\/glasunderlagg-med-bonsaitrad-flera-varianter\/","title":{"rendered":"Glasunderl\u00e4gg med bonsaitr\u00e4d, flera varianter"},"content":{"rendered":"<p>Glasunderl\u00e4gg med bonsaitr\u00e4d designat av Gunnar Sporrong och tillverkat av Krister Tauber p\u00e5 Utmarkens f\u00f6nsterrenovering.<\/p>\n<p>Glasunderl\u00e4ggen finns \u00e4n s\u00e5 l\u00e4nge i tv\u00e5 varianter och i tre olika f\u00e4rger p\u00e5 glaset.<br \/>\nOm produkten blir popul\u00e4r kommer vi att forts\u00e4tta ge ut tv\u00e5 nya varje \u00e5r.<br \/>\nTillverkade i glas med mjuka gummif\u00f6tter f\u00f6r att skydda ditt bord.<br \/>\nRekommenderas att torkas med fuktig trasa eller diskas varsamt f\u00f6r hand.<\/p>\n<p>M\u00e5tt: 10 cm i diameter.<\/p>\n<p>Handla andra varor f\u00f6r 1250 kr s\u00e5 f\u00e5r du ett glasunderl\u00e4gg p\u00e5 k\u00f6pet!<br \/>\nL\u00e4gg valfritt underl\u00e4gg i varukorgen, ange rabattkod glas23 s\u00e5 dras kostnaden av.<\/p>\n<p>&nbsp;<\/p>\n","protected":false},"excerpt":{"rendered":"<p>Glasunderl\u00e4gg med bonsaitr\u00e4d designat av Gunnar Sporrong och tillverkat av Krister Tauber p\u00e5 Utmarkens f\u00f6nsterrenovering. Glasunderl\u00e4ggen finns \u00e4n s\u00e5 l\u00e4nge i tv\u00e5 varianter och i tre olika f\u00e4rger p\u00e5 glaset. Om produkten blir popul\u00e4r kommer vi att forts\u00e4tta ge ut tv\u00e5 nya varje \u00e5r. Tillverkade i glas med mjuka gummif\u00f6tter f\u00f6r att skydda ditt bord. [&hellip;]<\/p>\n","protected":false},"featured_media":12760,"comment_status":"open","ping_status":"closed","template":"","meta":{"_uag_custom_page_level_css":"","_uf_show_specific_survey":0,"_uf_disable_surveys":false,"site-sidebar-layout":"default","site-content-layout":"","ast-site-content-layout":"default","site-content-style":"default","site-sidebar-style":"default","ast-global-header-display":"","ast-banner-title-visibility":"","ast-main-header-display":"","ast-hfb-above-header-display":"","ast-hfb-below-header-display":"","ast-hfb-mobile-header-display":"","site-post-title":"","ast-breadcrumbs-content":"","ast-featured-img":"","footer-sml-layout":"","ast-disable-related-posts":"","theme-transparent-header-meta":"","adv-header-id-meta":"","stick-header-meta":"","header-above-stick-meta":"","header-main-stick-meta":"","header-below-stick-meta":"","astra-migrate-meta-layouts":"default","ast-page-background-enabled":"default","ast-page-background-meta":{"desktop":{"background-color":"var(--ast-global-color-4)","background-image":"","background-repeat":"repeat","background-position":"center center","background-size":"auto","background-attachment":"scroll","background-type":"","background-media":"","overlay-type":"","overlay-color":"","overlay-opacity":"","overlay-gradient":""},"tablet":{"background-color":"","background-image":"","background-repeat":"repeat","background-position":"center center","background-size":"auto","background-attachment":"scroll","background-type":"","background-media":"","overlay-type":"","overlay-color":"","overlay-opacity":"","overlay-gradient":""},"mobile":{"background-color":"","background-image":"","background-repeat":"repeat","background-position":"center center","background-size":"auto","background-attachment":"scroll","background-type":"","background-media":"","overlay-type":"","overlay-color":"","overlay-opacity":"","overlay-gradient":""}},"ast-content-background-meta":{"desktop":{"background-color":"var(--ast-global-color-5)","background-image":"","background-repeat":"repeat","background-position":"center center","background-size":"auto","background-attachment":"scroll","background-type":"","background-media":"","overlay-type":"","overlay-color":"","overlay-opacity":"","overlay-gradient":""},"tablet":{"background-color":"var(--ast-global-color-5)","background-image":"","background-repeat":"repeat","background-position":"center center","background-size":"auto","background-attachment":"scroll","background-type":"","background-media":"","overlay-type":"","overlay-color":"","overlay-opacity":"","overlay-gradient":""},"mobile":{"background-color":"var(--ast-global-color-5)","background-image":"","background-repeat":"repeat","background-position":"center center","background-size":"auto","background-attachment":"scroll","background-type":"","background-media":"","overlay-type":"","overlay-color":"","overlay-opacity":"","overlay-gradient":""}}},"product_brand":[],"product_cat":[162,172],"product_tag":[],"class_list":{"0":"post-12721","1":"product","2":"type-product","3":"status-publish","4":"has-post-thumbnail","6":"product_cat-presenttips","7":"product_cat-utstallning","8":"desktop-align-left","9":"tablet-align-left","10":"mobile-align-left","11":"ast-product-gallery-layout-horizontal-slider","12":"ast-product-gallery-with-no-image","13":"ast-product-single-variable","14":"ast-product-tabs-layout-horizontal","15":"ast-qv-on-image","17":"first","18":"instock","19":"taxable","20":"shipping-taxable","21":"purchasable","22":"product-type-variable"},"aioseo_notices":[],"uagb_featured_image_src":{"full":["https:\/\/unikbotanik.se\/wp-content\/uploads\/2023\/03\/Glasunderlagg06.jpg",1000,1000,false],"thumbnail":["https:\/\/unikbotanik.se\/wp-content\/uploads\/2023\/03\/Glasunderlagg06-150x150.jpg",150,150,true],"medium":["https:\/\/unikbotanik.se\/wp-content\/uploads\/2023\/03\/Glasunderlagg06-300x300.jpg",300,300,true],"medium_large":["https:\/\/unikbotanik.se\/wp-content\/uploads\/2023\/03\/Glasunderlagg06-768x768.jpg",768,768,true],"large":["https:\/\/unikbotanik.se\/wp-content\/uploads\/2023\/03\/Glasunderlagg06.jpg",1000,1000,false],"1536x1536":["https:\/\/unikbotanik.se\/wp-content\/uploads\/2023\/03\/Glasunderlagg06.jpg",1000,1000,false],"2048x2048":["https:\/\/unikbotanik.se\/wp-content\/uploads\/2023\/03\/Glasunderlagg06.jpg",1000,1000,false],"woocommerce_thumbnail":["https:\/\/unikbotanik.se\/wp-content\/uploads\/2023\/03\/Glasunderlagg06-300x300.jpg",300,300,true],"woocommerce_single":["https:\/\/unikbotanik.se\/wp-content\/uploads\/2023\/03\/Glasunderlagg06-600x600.jpg",600,600,true],"woocommerce_gallery_thumbnail":["https:\/\/unikbotanik.se\/wp-content\/uploads\/2023\/03\/Glasunderlagg06-100x100.jpg",100,100,true]},"uagb_author_info":{"display_name":"unikbotanik","author_link":"https:\/\/unikbotanik.se\/en\/author\/"},"uagb_comment_info":0,"uagb_excerpt":"Glasunderl\u00e4gg med bonsaitr\u00e4d designat av Gunnar Sporrong och tillverkat av Krister Tauber p\u00e5 Utmarkens f\u00f6nsterrenovering. Glasunderl\u00e4ggen finns \u00e4n s\u00e5 l\u00e4nge i tv\u00e5 varianter och i tre olika f\u00e4rger p\u00e5 glaset. Om produkten blir popul\u00e4r kommer vi att forts\u00e4tta ge ut tv\u00e5 nya varje \u00e5r. Tillverkade i glas med mjuka gummif\u00f6tter f\u00f6r att skydda ditt bord.&hellip;","_links":{"self":[{"href":"https:\/\/unikbotanik.se\/en\/wp-json\/wp\/v2\/product\/12721","targetHints":{"allow":["GET"]}}],"collection":[{"href":"https:\/\/unikbotanik.se\/en\/wp-json\/wp\/v2\/product"}],"about":[{"href":"https:\/\/unikbotanik.se\/en\/wp-json\/wp\/v2\/types\/product"}],"replies":[{"embeddable":true,"href":"https:\/\/unikbotanik.se\/en\/wp-json\/wp\/v2\/comments?post=12721"}],"wp:featuredmedia":[{"embeddable":true,"href":"https:\/\/unikbotanik.se\/en\/wp-json\/wp\/v2\/media\/12760"}],"wp:attachment":[{"href":"https:\/\/unikbotanik.se\/en\/wp-json\/wp\/v2\/media?parent=12721"}],"wp:term":[{"taxonomy":"product_brand","embeddable":true,"href":"https:\/\/unikbotanik.se\/en\/wp-json\/wp\/v2\/product_brand?post=12721"},{"taxonomy":"product_cat","embeddable":true,"href":"https:\/\/unikbotanik.se\/en\/wp-json\/wp\/v2\/product_cat?post=12721"},{"taxonomy":"product_tag","embeddable":true,"href":"https:\/\/unikbotanik.se\/en\/wp-json\/wp\/v2\/product_tag?post=12721"}],"curies":[{"name":"wp","href":"https:\/\/api.w.org\/{rel}","templated":true}]}}