{"id":12548,"date":"2023-02-28T13:09:44","date_gmt":"2023-02-28T12:09:44","guid":{"rendered":"https:\/\/unikbotanik.se\/?post_type=product&#038;p=12548"},"modified":"2025-05-22T16:16:50","modified_gmt":"2025-05-22T14:16:50","slug":"koppartrad-bonsaitrad-glodgad-25-mm-100-gram","status":"publish","type":"product","link":"https:\/\/unikbotanik.se\/en\/produkt\/koppartrad-bonsaitrad-glodgad-25-mm-100-gram\/","title":{"rendered":"Koppartr\u00e5d, bonsaitr\u00e5d, gl\u00f6dgad 2,5 mm, 100 gram"},"content":{"rendered":"<p>Bonsaitr\u00e5d av koppar framtagen f\u00f6r bonsaiodling. Koppartr\u00e5den \u00e4r gl\u00f6dgad f\u00f6r att den skall vara mjukare och mer l\u00e4ttbearbetad. Koppartr\u00e5d \u00e4r betydligt kraftigare \u00e4n aluminiumtr\u00e5d vilket g\u00f6r att du kan anv\u00e4nda mindre diameter p\u00e5 samma grenstorlek.<\/p>\n<p>Koppar har den speciella egenskapen att den styvnar vid bearbetning. D\u00e4rf\u00f6r \u00e4r den relativt enkel att applicera men styvnar och h\u00e5ller grenen b\u00e4ttre efter bearbetningen. Observera att det g\u00f6r \u00e5teranv\u00e4ndning av koppartr\u00e5d lite sv\u00e5r.<\/p>\n","protected":false},"excerpt":{"rendered":"<p>Bonsaitr\u00e5d av koppar framtagen f\u00f6r bonsaiodling. Koppartr\u00e5den \u00e4r gl\u00f6dgad f\u00f6r att den skall vara mjukare och mer l\u00e4ttbearbetad. Koppartr\u00e5d \u00e4r betydligt kraftigare \u00e4n aluminiumtr\u00e5d vilket g\u00f6r att du kan anv\u00e4nda mindre diameter p\u00e5 samma grenstorlek. Koppar har den speciella egenskapen att den styvnar vid bearbetning. D\u00e4rf\u00f6r \u00e4r den relativt enkel att applicera men styvnar och [&hellip;]<\/p>\n","protected":false},"featured_media":5013,"comment_status":"open","ping_status":"closed","template":"","meta":{"_uag_custom_page_level_css":"","_uf_show_specific_survey":0,"_uf_disable_surveys":false,"site-sidebar-layout":"default","site-content-layout":"","ast-site-content-layout":"default","site-content-style":"default","site-sidebar-style":"default","ast-global-header-display":"","ast-banner-title-visibility":"","ast-main-header-display":"","ast-hfb-above-header-display":"","ast-hfb-below-header-display":"","ast-hfb-mobile-header-display":"","site-post-title":"","ast-breadcrumbs-content":"","ast-featured-img":"","footer-sml-layout":"","ast-disable-related-posts":"","theme-transparent-header-meta":"","adv-header-id-meta":"","stick-header-meta":"","header-above-stick-meta":"","header-main-stick-meta":"","header-below-stick-meta":"","astra-migrate-meta-layouts":"default","ast-page-background-enabled":"default","ast-page-background-meta":{"desktop":{"background-color":"var(--ast-global-color-4)","background-image":"","background-repeat":"repeat","background-position":"center center","background-size":"auto","background-attachment":"scroll","background-type":"","background-media":"","overlay-type":"","overlay-color":"","overlay-opacity":"","overlay-gradient":""},"tablet":{"background-color":"","background-image":"","background-repeat":"repeat","background-position":"center center","background-size":"auto","background-attachment":"scroll","background-type":"","background-media":"","overlay-type":"","overlay-color":"","overlay-opacity":"","overlay-gradient":""},"mobile":{"background-color":"","background-image":"","background-repeat":"repeat","background-position":"center center","background-size":"auto","background-attachment":"scroll","background-type":"","background-media":"","overlay-type":"","overlay-color":"","overlay-opacity":"","overlay-gradient":""}},"ast-content-background-meta":{"desktop":{"background-color":"var(--ast-global-color-5)","background-image":"","background-repeat":"repeat","background-position":"center center","background-size":"auto","background-attachment":"scroll","background-type":"","background-media":"","overlay-type":"","overlay-color":"","overlay-opacity":"","overlay-gradient":""},"tablet":{"background-color":"var(--ast-global-color-5)","background-image":"","background-repeat":"repeat","background-position":"center center","background-size":"auto","background-attachment":"scroll","background-type":"","background-media":"","overlay-type":"","overlay-color":"","overlay-opacity":"","overlay-gradient":""},"mobile":{"background-color":"var(--ast-global-color-5)","background-image":"","background-repeat":"repeat","background-position":"center center","background-size":"auto","background-attachment":"scroll","background-type":"","background-media":"","overlay-type":"","overlay-color":"","overlay-opacity":"","overlay-gradient":""}}},"product_brand":[],"product_cat":[27,262],"product_tag":[],"class_list":{"0":"post-12548","1":"product","2":"type-product","3":"status-publish","4":"has-post-thumbnail","6":"product_cat-bonsaitrad","7":"product_cat-koppartrad","8":"desktop-align-left","9":"tablet-align-left","10":"mobile-align-left","11":"ast-product-gallery-layout-horizontal-slider","12":"ast-product-gallery-with-no-image","13":"ast-product-tabs-layout-horizontal","14":"ast-qv-on-image","16":"first","17":"outofstock","18":"taxable","19":"shipping-taxable","20":"purchasable","21":"product-type-simple"},"aioseo_notices":[],"uagb_featured_image_src":{"full":["https:\/\/unikbotanik.se\/wp-content\/uploads\/2020\/01\/TMIS93911.jpg",900,900,false],"thumbnail":["https:\/\/unikbotanik.se\/wp-content\/uploads\/2020\/01\/TMIS93911-150x150.jpg",150,150,true],"medium":["https:\/\/unikbotanik.se\/wp-content\/uploads\/2020\/01\/TMIS93911-300x300.jpg",300,300,true],"medium_large":["https:\/\/unikbotanik.se\/wp-content\/uploads\/2020\/01\/TMIS93911-768x768.jpg",768,768,true],"large":["https:\/\/unikbotanik.se\/wp-content\/uploads\/2020\/01\/TMIS93911.jpg",900,900,false],"1536x1536":["https:\/\/unikbotanik.se\/wp-content\/uploads\/2020\/01\/TMIS93911.jpg",900,900,false],"2048x2048":["https:\/\/unikbotanik.se\/wp-content\/uploads\/2020\/01\/TMIS93911.jpg",900,900,false],"woocommerce_thumbnail":["https:\/\/unikbotanik.se\/wp-content\/uploads\/2020\/01\/TMIS93911-300x300.jpg",300,300,true],"woocommerce_single":["https:\/\/unikbotanik.se\/wp-content\/uploads\/2020\/01\/TMIS93911-600x600.jpg",600,600,true],"woocommerce_gallery_thumbnail":["https:\/\/unikbotanik.se\/wp-content\/uploads\/2020\/01\/TMIS93911-100x100.jpg",100,100,true]},"uagb_author_info":{"display_name":"unikbotanik","author_link":"https:\/\/unikbotanik.se\/en\/author\/"},"uagb_comment_info":0,"uagb_excerpt":"Bonsaitr\u00e5d av koppar framtagen f\u00f6r bonsaiodling. Koppartr\u00e5den \u00e4r gl\u00f6dgad f\u00f6r att den skall vara mjukare och mer l\u00e4ttbearbetad. Koppartr\u00e5d \u00e4r betydligt kraftigare \u00e4n aluminiumtr\u00e5d vilket g\u00f6r att du kan anv\u00e4nda mindre diameter p\u00e5 samma grenstorlek. Koppar har den speciella egenskapen att den styvnar vid bearbetning. D\u00e4rf\u00f6r \u00e4r den relativt enkel att applicera men styvnar och&hellip;","_links":{"self":[{"href":"https:\/\/unikbotanik.se\/en\/wp-json\/wp\/v2\/product\/12548","targetHints":{"allow":["GET"]}}],"collection":[{"href":"https:\/\/unikbotanik.se\/en\/wp-json\/wp\/v2\/product"}],"about":[{"href":"https:\/\/unikbotanik.se\/en\/wp-json\/wp\/v2\/types\/product"}],"replies":[{"embeddable":true,"href":"https:\/\/unikbotanik.se\/en\/wp-json\/wp\/v2\/comments?post=12548"}],"wp:featuredmedia":[{"embeddable":true,"href":"https:\/\/unikbotanik.se\/en\/wp-json\/wp\/v2\/media\/5013"}],"wp:attachment":[{"href":"https:\/\/unikbotanik.se\/en\/wp-json\/wp\/v2\/media?parent=12548"}],"wp:term":[{"taxonomy":"product_brand","embeddable":true,"href":"https:\/\/unikbotanik.se\/en\/wp-json\/wp\/v2\/product_brand?post=12548"},{"taxonomy":"product_cat","embeddable":true,"href":"https:\/\/unikbotanik.se\/en\/wp-json\/wp\/v2\/product_cat?post=12548"},{"taxonomy":"product_tag","embeddable":true,"href":"https:\/\/unikbotanik.se\/en\/wp-json\/wp\/v2\/product_tag?post=12548"}],"curies":[{"name":"wp","href":"https:\/\/api.w.org\/{rel}","templated":true}]}}