{"id":12280,"date":"2023-01-11T11:27:03","date_gmt":"2023-01-11T10:27:03","guid":{"rendered":"https:\/\/unikbotanik.se\/?post_type=product&#038;p=12280"},"modified":"2026-03-25T10:49:15","modified_gmt":"2026-03-25T09:49:15","slug":"kenzan-tat-handgjord-rund-for-ikebana-80-x-21-mm","status":"publish","type":"product","link":"https:\/\/unikbotanik.se\/en\/produkt\/kenzan-tat-handgjord-rund-for-ikebana-80-x-21-mm\/","title":{"rendered":"Kenzan, t\u00e4t, handgjord, rund, f\u00f6r ikebana, 80 x 21 mm"},"content":{"rendered":"<p>Handgjord, t\u00e4t kenzan f\u00f6r japanska blomsterarrangemang, ikebana.<\/p>\n<p>Placeras i botten p\u00e5 vasen. Blommor spetsas p\u00e5 de vassa m\u00e4ssingstaggarna och h\u00e5lls p\u00e5 plats av den massiva tyngden.<\/p>\n<p>Denna kenzan har m\u00e5nga fler taggar \u00e4n en vanlig kenzan av samma storlek och passar bra till blommor med smala stj\u00e4lkar.<\/p>\n<p>Kenzanen har en l\u00f6stagbar gummiring som h\u00e5ller den p\u00e5 plats i vasen.<\/p>\n<p><strong>Tekniska data:<\/strong><\/p>\n<ul>\n<li>Dimensioner: 80 mm i diameter<\/li>\n<li>H\u00f6jd: 21 mm<\/li>\n<li>Taggar: 466 st (1,2 x 12 mm)<\/li>\n<li>Vikt: 420 g<\/li>\n<li>Tillverkad i Japan<\/li>\n<\/ul>\n","protected":false},"excerpt":{"rendered":"<p>Handgjord, t\u00e4t kenzan f\u00f6r japanska blomsterarrangemang, ikebana. Placeras i botten p\u00e5 vasen. Blommor spetsas p\u00e5 de vassa m\u00e4ssingstaggarna och h\u00e5lls p\u00e5 plats av den massiva tyngden. Denna kenzan har m\u00e5nga fler taggar \u00e4n en vanlig kenzan av samma storlek och passar bra till blommor med smala stj\u00e4lkar. Kenzanen har en l\u00f6stagbar gummiring som h\u00e5ller den [&hellip;]<\/p>\n","protected":false},"featured_media":12290,"comment_status":"open","ping_status":"closed","template":"","meta":{"_uag_custom_page_level_css":"","_uf_show_specific_survey":0,"_uf_disable_surveys":false,"site-sidebar-layout":"default","site-content-layout":"","ast-site-content-layout":"default","site-content-style":"default","site-sidebar-style":"default","ast-global-header-display":"","ast-banner-title-visibility":"","ast-main-header-display":"","ast-hfb-above-header-display":"","ast-hfb-below-header-display":"","ast-hfb-mobile-header-display":"","site-post-title":"","ast-breadcrumbs-content":"","ast-featured-img":"","footer-sml-layout":"","ast-disable-related-posts":"","theme-transparent-header-meta":"","adv-header-id-meta":"","stick-header-meta":"","header-above-stick-meta":"","header-main-stick-meta":"","header-below-stick-meta":"","astra-migrate-meta-layouts":"default","ast-page-background-enabled":"default","ast-page-background-meta":{"desktop":{"background-color":"var(--ast-global-color-4)","background-image":"","background-repeat":"repeat","background-position":"center center","background-size":"auto","background-attachment":"scroll","background-type":"","background-media":"","overlay-type":"","overlay-color":"","overlay-opacity":"","overlay-gradient":""},"tablet":{"background-color":"","background-image":"","background-repeat":"repeat","background-position":"center center","background-size":"auto","background-attachment":"scroll","background-type":"","background-media":"","overlay-type":"","overlay-color":"","overlay-opacity":"","overlay-gradient":""},"mobile":{"background-color":"","background-image":"","background-repeat":"repeat","background-position":"center center","background-size":"auto","background-attachment":"scroll","background-type":"","background-media":"","overlay-type":"","overlay-color":"","overlay-opacity":"","overlay-gradient":""}},"ast-content-background-meta":{"desktop":{"background-color":"var(--ast-global-color-5)","background-image":"","background-repeat":"repeat","background-position":"center center","background-size":"auto","background-attachment":"scroll","background-type":"","background-media":"","overlay-type":"","overlay-color":"","overlay-opacity":"","overlay-gradient":""},"tablet":{"background-color":"var(--ast-global-color-5)","background-image":"","background-repeat":"repeat","background-position":"center center","background-size":"auto","background-attachment":"scroll","background-type":"","background-media":"","overlay-type":"","overlay-color":"","overlay-opacity":"","overlay-gradient":""},"mobile":{"background-color":"var(--ast-global-color-5)","background-image":"","background-repeat":"repeat","background-position":"center center","background-size":"auto","background-attachment":"scroll","background-type":"","background-media":"","overlay-type":"","overlay-color":"","overlay-opacity":"","overlay-gradient":""}}},"product_brand":[],"product_cat":[187,162],"product_tag":[],"class_list":{"0":"post-12280","1":"product","2":"type-product","3":"status-publish","4":"has-post-thumbnail","6":"product_cat-ikebana-verktyg","7":"product_cat-presenttips","8":"desktop-align-left","9":"tablet-align-left","10":"mobile-align-left","11":"ast-product-gallery-layout-horizontal-slider","12":"ast-product-tabs-layout-horizontal","13":"ast-qv-on-image","15":"first","16":"instock","17":"taxable","18":"shipping-taxable","19":"purchasable","20":"product-type-simple"},"aioseo_notices":[],"uagb_featured_image_src":{"full":["https:\/\/unikbotanik.se\/wp-content\/uploads\/2023\/01\/VWAZ002071_s.jpg",1000,1000,false],"thumbnail":["https:\/\/unikbotanik.se\/wp-content\/uploads\/2023\/01\/VWAZ002071_s-150x150.jpg",150,150,true],"medium":["https:\/\/unikbotanik.se\/wp-content\/uploads\/2023\/01\/VWAZ002071_s-300x300.jpg",300,300,true],"medium_large":["https:\/\/unikbotanik.se\/wp-content\/uploads\/2023\/01\/VWAZ002071_s-768x768.jpg",768,768,true],"large":["https:\/\/unikbotanik.se\/wp-content\/uploads\/2023\/01\/VWAZ002071_s.jpg",1000,1000,false],"1536x1536":["https:\/\/unikbotanik.se\/wp-content\/uploads\/2023\/01\/VWAZ002071_s.jpg",1000,1000,false],"2048x2048":["https:\/\/unikbotanik.se\/wp-content\/uploads\/2023\/01\/VWAZ002071_s.jpg",1000,1000,false],"woocommerce_thumbnail":["https:\/\/unikbotanik.se\/wp-content\/uploads\/2023\/01\/VWAZ002071_s-300x300.jpg",300,300,true],"woocommerce_single":["https:\/\/unikbotanik.se\/wp-content\/uploads\/2023\/01\/VWAZ002071_s-600x600.jpg",600,600,true],"woocommerce_gallery_thumbnail":["https:\/\/unikbotanik.se\/wp-content\/uploads\/2023\/01\/VWAZ002071_s-100x100.jpg",100,100,true]},"uagb_author_info":{"display_name":"unikbotanik","author_link":"https:\/\/unikbotanik.se\/en\/author\/"},"uagb_comment_info":0,"uagb_excerpt":"Handgjord, t\u00e4t kenzan f\u00f6r japanska blomsterarrangemang, ikebana. Placeras i botten p\u00e5 vasen. Blommor spetsas p\u00e5 de vassa m\u00e4ssingstaggarna och h\u00e5lls p\u00e5 plats av den massiva tyngden. Denna kenzan har m\u00e5nga fler taggar \u00e4n en vanlig kenzan av samma storlek och passar bra till blommor med smala stj\u00e4lkar. Kenzanen har en l\u00f6stagbar gummiring som h\u00e5ller den&hellip;","_links":{"self":[{"href":"https:\/\/unikbotanik.se\/en\/wp-json\/wp\/v2\/product\/12280","targetHints":{"allow":["GET"]}}],"collection":[{"href":"https:\/\/unikbotanik.se\/en\/wp-json\/wp\/v2\/product"}],"about":[{"href":"https:\/\/unikbotanik.se\/en\/wp-json\/wp\/v2\/types\/product"}],"replies":[{"embeddable":true,"href":"https:\/\/unikbotanik.se\/en\/wp-json\/wp\/v2\/comments?post=12280"}],"wp:featuredmedia":[{"embeddable":true,"href":"https:\/\/unikbotanik.se\/en\/wp-json\/wp\/v2\/media\/12290"}],"wp:attachment":[{"href":"https:\/\/unikbotanik.se\/en\/wp-json\/wp\/v2\/media?parent=12280"}],"wp:term":[{"taxonomy":"product_brand","embeddable":true,"href":"https:\/\/unikbotanik.se\/en\/wp-json\/wp\/v2\/product_brand?post=12280"},{"taxonomy":"product_cat","embeddable":true,"href":"https:\/\/unikbotanik.se\/en\/wp-json\/wp\/v2\/product_cat?post=12280"},{"taxonomy":"product_tag","embeddable":true,"href":"https:\/\/unikbotanik.se\/en\/wp-json\/wp\/v2\/product_tag?post=12280"}],"curies":[{"name":"wp","href":"https:\/\/api.w.org\/{rel}","templated":true}]}}