{"id":12096,"date":"2023-01-06T16:52:27","date_gmt":"2023-01-06T15:52:27","guid":{"rendered":"https:\/\/unikbotanik.se\/?post_type=product&#038;p=12096"},"modified":"2025-05-19T01:05:51","modified_gmt":"2025-05-18T23:05:51","slug":"kvistsax-azaleasax-180mm-av-yasugi-stal-fran-japanska-kikuwa","status":"publish","type":"product","link":"https:\/\/unikbotanik.se\/en\/produkt\/kvistsax-azaleasax-180mm-av-yasugi-stal-fran-japanska-kikuwa\/","title":{"rendered":"Kvistsax, azaleasax, 180mm, av yasugi-st\u00e5l fr\u00e5n japanska Kikuwa"},"content":{"rendered":"<p>Professionell kvistsax\/azaleasex f\u00f6r besk\u00e4rning av bonsai. De l\u00e5nga sk\u00e4nklarna ger dig bra \u00e5tkomst i kronan p\u00e5 din bonsai. F\u00f6r sm\u00e5 till medelstora kvistar. Saxen \u00e4r ett m\u00e4sterverk tillverkad av en smed i Sanjo i Niigata.<\/p>\n<p>Saxen \u00e4r tillverkad av Yasugi-st\u00e5l eller s.k. &#8220;blue paper steel&#8221;. Yasugi-st\u00e5l \u00e4r bland det renaste st\u00e5let som g\u00e5r att uppbringa. Metoden att framst\u00e4lla det, fr\u00e5n j\u00e4rnrik sand till st\u00e5l, \u00e4r samma som traditionellt anv\u00e4nds f\u00f6r tillverkning av samurai-sv\u00e4rd. St\u00e5let lamineras sedan i m\u00e5nga lager f\u00f6r att f\u00e5 en enast\u00e5ende h\u00e5llfasthet. N\u00e4r\u00a0 det sedan h\u00e4rdas f\u00e5r det en mikrokristalin &#8220;martensitisk&#8221; struktur som ger mycket h\u00e5rt st\u00e5l.* Inneh\u00e5ller:<\/p>\n<ul>\n<li>Kol: 1.1 &#8211; 1.2%<\/li>\n<li>Kisel: 0,1 &#8211; 0,2%<\/li>\n<li>Mangan: 0,2 &#8211; 0,3%<\/li>\n<li>Krom: 0,2 &#8211; 0,5%<\/li>\n<li>Wolfram: 1 &#8211; 1,5%<\/li>\n<li>Fosfor: mindre \u00e4n 0,025%<\/li>\n<li>Svavel: mindre \u00e4n 0,004%<\/li>\n<\/ul>\n<p>L\u00e4ngd: 180mm<br \/>\nVikt: 85g<br \/>\nMaterial: h\u00e4rdat Yusagi-st\u00e5l<\/p>\n<p>Kikuwa-verktyg k\u00f6ps fr\u00e5n Japan. N\u00e4r produkten inte finns i lager best\u00e4ller vi den p\u00e5 nytt sannolikt inom ett \u00e5r.<br \/>\nF\u00f6rbest\u00e4llning (d\u00e5 produkten inte finns p\u00e5 lager) ger 10% rabatt.<\/p>\n<p>* Observera att \u00e4ven h\u00e5rt st\u00e5l rostar.<\/p>\n","protected":false},"excerpt":{"rendered":"<p>Professionell kvistsax\/azaleasex f\u00f6r besk\u00e4rning av bonsai. De l\u00e5nga sk\u00e4nklarna ger dig bra \u00e5tkomst i kronan p\u00e5 din bonsai. F\u00f6r sm\u00e5 till medelstora kvistar. Saxen \u00e4r ett m\u00e4sterverk tillverkad av en smed i Sanjo i Niigata. Saxen \u00e4r tillverkad av Yasugi-st\u00e5l eller s.k. &#8220;blue paper steel&#8221;. Yasugi-st\u00e5l \u00e4r bland det renaste st\u00e5let som g\u00e5r att uppbringa. [&hellip;]<\/p>\n","protected":false},"featured_media":12097,"comment_status":"open","ping_status":"closed","template":"","meta":{"_uag_custom_page_level_css":"","_uf_show_specific_survey":0,"_uf_disable_surveys":false,"site-sidebar-layout":"default","site-content-layout":"","ast-site-content-layout":"default","site-content-style":"default","site-sidebar-style":"default","ast-global-header-display":"","ast-banner-title-visibility":"","ast-main-header-display":"","ast-hfb-above-header-display":"","ast-hfb-below-header-display":"","ast-hfb-mobile-header-display":"","site-post-title":"","ast-breadcrumbs-content":"","ast-featured-img":"","footer-sml-layout":"","ast-disable-related-posts":"","theme-transparent-header-meta":"","adv-header-id-meta":"","stick-header-meta":"","header-above-stick-meta":"","header-main-stick-meta":"","header-below-stick-meta":"","astra-migrate-meta-layouts":"default","ast-page-background-enabled":"default","ast-page-background-meta":{"desktop":{"background-color":"var(--ast-global-color-4)","background-image":"","background-repeat":"repeat","background-position":"center center","background-size":"auto","background-attachment":"scroll","background-type":"","background-media":"","overlay-type":"","overlay-color":"","overlay-opacity":"","overlay-gradient":""},"tablet":{"background-color":"","background-image":"","background-repeat":"repeat","background-position":"center center","background-size":"auto","background-attachment":"scroll","background-type":"","background-media":"","overlay-type":"","overlay-color":"","overlay-opacity":"","overlay-gradient":""},"mobile":{"background-color":"","background-image":"","background-repeat":"repeat","background-position":"center center","background-size":"auto","background-attachment":"scroll","background-type":"","background-media":"","overlay-type":"","overlay-color":"","overlay-opacity":"","overlay-gradient":""}},"ast-content-background-meta":{"desktop":{"background-color":"var(--ast-global-color-5)","background-image":"","background-repeat":"repeat","background-position":"center center","background-size":"auto","background-attachment":"scroll","background-type":"","background-media":"","overlay-type":"","overlay-color":"","overlay-opacity":"","overlay-gradient":""},"tablet":{"background-color":"var(--ast-global-color-5)","background-image":"","background-repeat":"repeat","background-position":"center center","background-size":"auto","background-attachment":"scroll","background-type":"","background-media":"","overlay-type":"","overlay-color":"","overlay-opacity":"","overlay-gradient":""},"mobile":{"background-color":"var(--ast-global-color-5)","background-image":"","background-repeat":"repeat","background-position":"center center","background-size":"auto","background-attachment":"scroll","background-type":"","background-media":"","overlay-type":"","overlay-color":"","overlay-opacity":"","overlay-gradient":""}}},"product_brand":[],"product_cat":[165,157,412],"product_tag":[],"class_list":{"0":"post-12096","1":"product","2":"type-product","3":"status-publish","4":"has-post-thumbnail","6":"product_cat-for-vanster-hand","7":"product_cat-kikuwa-japan","8":"product_cat-saxar","9":"desktop-align-left","10":"tablet-align-left","11":"mobile-align-left","12":"ast-product-gallery-layout-horizontal-slider","13":"ast-product-tabs-layout-horizontal","14":"ast-qv-on-image","16":"first","17":"outofstock","18":"taxable","19":"shipping-taxable","20":"purchasable","21":"product-type-simple"},"aioseo_notices":[],"uagb_featured_image_src":{"full":["https:\/\/unikbotanik.se\/wp-content\/uploads\/2023\/01\/VKKW2085_s.jpg",1000,1000,false],"thumbnail":["https:\/\/unikbotanik.se\/wp-content\/uploads\/2023\/01\/VKKW2085_s-150x150.jpg",150,150,true],"medium":["https:\/\/unikbotanik.se\/wp-content\/uploads\/2023\/01\/VKKW2085_s-300x300.jpg",300,300,true],"medium_large":["https:\/\/unikbotanik.se\/wp-content\/uploads\/2023\/01\/VKKW2085_s-768x768.jpg",768,768,true],"large":["https:\/\/unikbotanik.se\/wp-content\/uploads\/2023\/01\/VKKW2085_s.jpg",1000,1000,false],"1536x1536":["https:\/\/unikbotanik.se\/wp-content\/uploads\/2023\/01\/VKKW2085_s.jpg",1000,1000,false],"2048x2048":["https:\/\/unikbotanik.se\/wp-content\/uploads\/2023\/01\/VKKW2085_s.jpg",1000,1000,false],"woocommerce_thumbnail":["https:\/\/unikbotanik.se\/wp-content\/uploads\/2023\/01\/VKKW2085_s-300x300.jpg",300,300,true],"woocommerce_single":["https:\/\/unikbotanik.se\/wp-content\/uploads\/2023\/01\/VKKW2085_s-600x600.jpg",600,600,true],"woocommerce_gallery_thumbnail":["https:\/\/unikbotanik.se\/wp-content\/uploads\/2023\/01\/VKKW2085_s-100x100.jpg",100,100,true]},"uagb_author_info":{"display_name":"unikbotanik","author_link":"https:\/\/unikbotanik.se\/en\/author\/"},"uagb_comment_info":0,"uagb_excerpt":"Professionell kvistsax\/azaleasex f\u00f6r besk\u00e4rning av bonsai. De l\u00e5nga sk\u00e4nklarna ger dig bra \u00e5tkomst i kronan p\u00e5 din bonsai. F\u00f6r sm\u00e5 till medelstora kvistar. Saxen \u00e4r ett m\u00e4sterverk tillverkad av en smed i Sanjo i Niigata. Saxen \u00e4r tillverkad av Yasugi-st\u00e5l eller s.k. &#8220;blue paper steel&#8221;. Yasugi-st\u00e5l \u00e4r bland det renaste st\u00e5let som g\u00e5r att uppbringa.&hellip;","_links":{"self":[{"href":"https:\/\/unikbotanik.se\/en\/wp-json\/wp\/v2\/product\/12096","targetHints":{"allow":["GET"]}}],"collection":[{"href":"https:\/\/unikbotanik.se\/en\/wp-json\/wp\/v2\/product"}],"about":[{"href":"https:\/\/unikbotanik.se\/en\/wp-json\/wp\/v2\/types\/product"}],"replies":[{"embeddable":true,"href":"https:\/\/unikbotanik.se\/en\/wp-json\/wp\/v2\/comments?post=12096"}],"wp:featuredmedia":[{"embeddable":true,"href":"https:\/\/unikbotanik.se\/en\/wp-json\/wp\/v2\/media\/12097"}],"wp:attachment":[{"href":"https:\/\/unikbotanik.se\/en\/wp-json\/wp\/v2\/media?parent=12096"}],"wp:term":[{"taxonomy":"product_brand","embeddable":true,"href":"https:\/\/unikbotanik.se\/en\/wp-json\/wp\/v2\/product_brand?post=12096"},{"taxonomy":"product_cat","embeddable":true,"href":"https:\/\/unikbotanik.se\/en\/wp-json\/wp\/v2\/product_cat?post=12096"},{"taxonomy":"product_tag","embeddable":true,"href":"https:\/\/unikbotanik.se\/en\/wp-json\/wp\/v2\/product_tag?post=12096"}],"curies":[{"name":"wp","href":"https:\/\/api.w.org\/{rel}","templated":true}]}}