{"id":12072,"date":"2023-01-06T15:39:54","date_gmt":"2023-01-06T14:39:54","guid":{"rendered":"https:\/\/unikbotanik.se\/?post_type=product&#038;p=12072"},"modified":"2026-04-05T10:47:54","modified_gmt":"2026-04-05T08:47:54","slug":"konoppsax-bladsax-155mm-for-bonsai-fran-japanska-kikuwa","status":"publish","type":"product","link":"https:\/\/unikbotanik.se\/en\/produkt\/konoppsax-bladsax-155mm-for-bonsai-fran-japanska-kikuwa\/","title":{"rendered":"Knoppsax, bladsax, 155mm, f\u00f6r bonsai, fr\u00e5n japanska Kikuwa"},"content":{"rendered":"<p>En mycket spetsig och smidig bonsaisax f\u00f6r att klippa bort knoppar och\/eller l\u00f6v i kronan p\u00e5 l\u00f6vtr\u00e4d. Rensning bland knoppar kan g\u00f6ras f\u00f6r att inte \u00f6verbelasta tr\u00e4det eller rensa tr\u00e4det efter blomningen s\u00e5 att det inte s\u00e4tter f\u00f6r mycket frukt.<\/p>\n<p>Saxen \u00e4r handgjord p\u00e5 japanskt vis av svenskt kvalitetsst\u00e5l.<\/p>\n<p>Det extra l\u00e5nga handtaget ger \u00e5tkomst till sv\u00e5r\u00e5tkomliga delar i kronan och minskar risken f\u00f6r att du klipper fler kvistar p\u00e5 en g\u00e5ng.<\/p>\n<p>Saxen \u00e4r tillverkad av Kikuwa, Niigata, Japan.<\/p>\n<p>Material: h\u00e4rdat kolst\u00e5l.<br \/>\nL\u00e4ngd: 155mm<br \/>\nVikt: 67g<\/p>\n<p>&nbsp;<\/p>\n<p>&nbsp;<\/p>\n<p>Kikuwa-verktyg k\u00f6ps fr\u00e5n Japan. N\u00e4r produkten inte finns i lager best\u00e4ller vi den p\u00e5 nytt sannolikt inom ett \u00e5r.<br \/>\nF\u00f6rbest\u00e4llning p\u00e5 produkter som ej finns i lager ger 10% rabatt.<\/p>\n<p>&nbsp;<\/p>\n","protected":false},"excerpt":{"rendered":"<p>En mycket spetsig och smidig bonsaisax f\u00f6r att klippa bort knoppar och\/eller l\u00f6v i kronan p\u00e5 l\u00f6vtr\u00e4d. Rensning bland knoppar kan g\u00f6ras f\u00f6r att inte \u00f6verbelasta tr\u00e4det eller rensa tr\u00e4det efter blomningen s\u00e5 att det inte s\u00e4tter f\u00f6r mycket frukt. Saxen \u00e4r handgjord p\u00e5 japanskt vis av svenskt kvalitetsst\u00e5l. Det extra l\u00e5nga handtaget ger \u00e5tkomst [&hellip;]<\/p>\n","protected":false},"featured_media":12073,"comment_status":"open","ping_status":"closed","template":"","meta":{"_uag_custom_page_level_css":"","_uf_show_specific_survey":0,"_uf_disable_surveys":false,"site-sidebar-layout":"default","site-content-layout":"","ast-site-content-layout":"default","site-content-style":"default","site-sidebar-style":"default","ast-global-header-display":"","ast-banner-title-visibility":"","ast-main-header-display":"","ast-hfb-above-header-display":"","ast-hfb-below-header-display":"","ast-hfb-mobile-header-display":"","site-post-title":"","ast-breadcrumbs-content":"","ast-featured-img":"","footer-sml-layout":"","ast-disable-related-posts":"","theme-transparent-header-meta":"","adv-header-id-meta":"","stick-header-meta":"","header-above-stick-meta":"","header-main-stick-meta":"","header-below-stick-meta":"","astra-migrate-meta-layouts":"default","ast-page-background-enabled":"default","ast-page-background-meta":{"desktop":{"background-color":"var(--ast-global-color-4)","background-image":"","background-repeat":"repeat","background-position":"center center","background-size":"auto","background-attachment":"scroll","background-type":"","background-media":"","overlay-type":"","overlay-color":"","overlay-opacity":"","overlay-gradient":""},"tablet":{"background-color":"","background-image":"","background-repeat":"repeat","background-position":"center center","background-size":"auto","background-attachment":"scroll","background-type":"","background-media":"","overlay-type":"","overlay-color":"","overlay-opacity":"","overlay-gradient":""},"mobile":{"background-color":"","background-image":"","background-repeat":"repeat","background-position":"center center","background-size":"auto","background-attachment":"scroll","background-type":"","background-media":"","overlay-type":"","overlay-color":"","overlay-opacity":"","overlay-gradient":""}},"ast-content-background-meta":{"desktop":{"background-color":"var(--ast-global-color-5)","background-image":"","background-repeat":"repeat","background-position":"center center","background-size":"auto","background-attachment":"scroll","background-type":"","background-media":"","overlay-type":"","overlay-color":"","overlay-opacity":"","overlay-gradient":""},"tablet":{"background-color":"var(--ast-global-color-5)","background-image":"","background-repeat":"repeat","background-position":"center center","background-size":"auto","background-attachment":"scroll","background-type":"","background-media":"","overlay-type":"","overlay-color":"","overlay-opacity":"","overlay-gradient":""},"mobile":{"background-color":"var(--ast-global-color-5)","background-image":"","background-repeat":"repeat","background-position":"center center","background-size":"auto","background-attachment":"scroll","background-type":"","background-media":"","overlay-type":"","overlay-color":"","overlay-opacity":"","overlay-gradient":""}}},"product_brand":[],"product_cat":[157,412],"product_tag":[],"class_list":{"0":"post-12072","1":"product","2":"type-product","3":"status-publish","4":"has-post-thumbnail","6":"product_cat-kikuwa-japan","7":"product_cat-saxar","8":"desktop-align-left","9":"tablet-align-left","10":"mobile-align-left","11":"ast-product-gallery-layout-horizontal-slider","12":"ast-product-tabs-layout-horizontal","13":"ast-qv-on-image","15":"first","16":"instock","17":"taxable","18":"shipping-taxable","19":"purchasable","20":"product-type-simple"},"aioseo_notices":[],"uagb_featured_image_src":{"full":["https:\/\/unikbotanik.se\/wp-content\/uploads\/2023\/01\/VKKW1015_s.jpg",1000,1000,false],"thumbnail":["https:\/\/unikbotanik.se\/wp-content\/uploads\/2023\/01\/VKKW1015_s-150x150.jpg",150,150,true],"medium":["https:\/\/unikbotanik.se\/wp-content\/uploads\/2023\/01\/VKKW1015_s-300x300.jpg",300,300,true],"medium_large":["https:\/\/unikbotanik.se\/wp-content\/uploads\/2023\/01\/VKKW1015_s-768x768.jpg",768,768,true],"large":["https:\/\/unikbotanik.se\/wp-content\/uploads\/2023\/01\/VKKW1015_s.jpg",1000,1000,false],"1536x1536":["https:\/\/unikbotanik.se\/wp-content\/uploads\/2023\/01\/VKKW1015_s.jpg",1000,1000,false],"2048x2048":["https:\/\/unikbotanik.se\/wp-content\/uploads\/2023\/01\/VKKW1015_s.jpg",1000,1000,false],"woocommerce_thumbnail":["https:\/\/unikbotanik.se\/wp-content\/uploads\/2023\/01\/VKKW1015_s-300x300.jpg",300,300,true],"woocommerce_single":["https:\/\/unikbotanik.se\/wp-content\/uploads\/2023\/01\/VKKW1015_s-600x600.jpg",600,600,true],"woocommerce_gallery_thumbnail":["https:\/\/unikbotanik.se\/wp-content\/uploads\/2023\/01\/VKKW1015_s-100x100.jpg",100,100,true]},"uagb_author_info":{"display_name":"unikbotanik","author_link":"https:\/\/unikbotanik.se\/en\/author\/"},"uagb_comment_info":0,"uagb_excerpt":"En mycket spetsig och smidig bonsaisax f\u00f6r att klippa bort knoppar och\/eller l\u00f6v i kronan p\u00e5 l\u00f6vtr\u00e4d. Rensning bland knoppar kan g\u00f6ras f\u00f6r att inte \u00f6verbelasta tr\u00e4det eller rensa tr\u00e4det efter blomningen s\u00e5 att det inte s\u00e4tter f\u00f6r mycket frukt. Saxen \u00e4r handgjord p\u00e5 japanskt vis av svenskt kvalitetsst\u00e5l. Det extra l\u00e5nga handtaget ger \u00e5tkomst&hellip;","_links":{"self":[{"href":"https:\/\/unikbotanik.se\/en\/wp-json\/wp\/v2\/product\/12072","targetHints":{"allow":["GET"]}}],"collection":[{"href":"https:\/\/unikbotanik.se\/en\/wp-json\/wp\/v2\/product"}],"about":[{"href":"https:\/\/unikbotanik.se\/en\/wp-json\/wp\/v2\/types\/product"}],"replies":[{"embeddable":true,"href":"https:\/\/unikbotanik.se\/en\/wp-json\/wp\/v2\/comments?post=12072"}],"wp:featuredmedia":[{"embeddable":true,"href":"https:\/\/unikbotanik.se\/en\/wp-json\/wp\/v2\/media\/12073"}],"wp:attachment":[{"href":"https:\/\/unikbotanik.se\/en\/wp-json\/wp\/v2\/media?parent=12072"}],"wp:term":[{"taxonomy":"product_brand","embeddable":true,"href":"https:\/\/unikbotanik.se\/en\/wp-json\/wp\/v2\/product_brand?post=12072"},{"taxonomy":"product_cat","embeddable":true,"href":"https:\/\/unikbotanik.se\/en\/wp-json\/wp\/v2\/product_cat?post=12072"},{"taxonomy":"product_tag","embeddable":true,"href":"https:\/\/unikbotanik.se\/en\/wp-json\/wp\/v2\/product_tag?post=12072"}],"curies":[{"name":"wp","href":"https:\/\/api.w.org\/{rel}","templated":true}]}}