{"id":11850,"date":"2022-11-27T11:03:34","date_gmt":"2022-11-27T10:03:34","guid":{"rendered":"https:\/\/unikbotanik.se\/?post_type=product&#038;p=11850"},"modified":"2026-04-05T10:50:56","modified_gmt":"2026-04-05T08:50:56","slug":"rottang-180-mm-for-bonsaitrad-av-japanska-kikuwa","status":"publish","type":"product","link":"https:\/\/unikbotanik.se\/en\/produkt\/rottang-180-mm-for-bonsaitrad-av-japanska-kikuwa\/","title":{"rendered":"Rott\u00e5ng, 180 mm, f\u00f6r bonsaitr\u00e4d, av japanska Kikuwa"},"content":{"rendered":"<p>Japansk-tillverkad rott\u00e5ng fr\u00e5n Japanska Kikuwa.<\/p>\n<p>T\u00e5ngen \u00e4r 180 mm l\u00e5ng och avpassad f\u00f6r att kapa lite gr\u00f6vre r\u00f6tter. H\u00e4stsko-formen g\u00f6r att du kommer in bra och kan kapa av p\u00e5lr\u00f6tter p\u00e5 din bonsai, l\u00e5ngt in i rotklumpen. F\u00f6rs\u00f6k undvika att klippa i jord och sand i den m\u00e5n det g\u00e5r.<\/p>\n<p>T\u00e5ngen som \u00e4r av kolst\u00e5l \u00e4r av h\u00f6g kvalitet med egg av verktygsst\u00e5l och \u00e4r ett verktyg du kan ha i m\u00e5nga l\u00e5nga \u00e5r, \u00e4ven om du har m\u00e5nga tr\u00e4d i din \u00e4go.<\/p>\n<p>T\u00e5ngen \u00e4r tillverkad av Kikuwa fr\u00e5n Niigata, Japan.<\/p>\n<p>L\u00e4ngd: 180 mm<br \/>\nVikt: 165 g<br \/>\nMaterial: Svartoxiderat kolst\u00e5l\/verktygsst\u00e5l.<\/p>\n<p>&#8211; &#8211;<\/p>\n<p>Kikuwa-verktyg k\u00f6ps fr\u00e5n Japan. N\u00e4r produkten inte finns i lager best\u00e4ller vi den p\u00e5 nytt sannolikt inom ett halv\u00e5r.<br \/>\nF\u00f6rbest\u00e4ll g\u00e4rns s\u00e5 f\u00e5r du 5% rabatt p\u00e5 t\u00e5ngen!<\/p>\n<p>&nbsp;<\/p>\n<p>&nbsp;<\/p>\n","protected":false},"excerpt":{"rendered":"<p>Japansk-tillverkad rott\u00e5ng fr\u00e5n Japanska Kikuwa. T\u00e5ngen \u00e4r 180 mm l\u00e5ng och avpassad f\u00f6r att kapa lite gr\u00f6vre r\u00f6tter. H\u00e4stsko-formen g\u00f6r att du kommer in bra och kan kapa av p\u00e5lr\u00f6tter p\u00e5 din bonsai, l\u00e5ngt in i rotklumpen. F\u00f6rs\u00f6k undvika att klippa i jord och sand i den m\u00e5n det g\u00e5r. T\u00e5ngen som \u00e4r av kolst\u00e5l [&hellip;]<\/p>\n","protected":false},"featured_media":11851,"comment_status":"open","ping_status":"closed","template":"","meta":{"_uag_custom_page_level_css":"","_uf_show_specific_survey":0,"_uf_disable_surveys":false,"site-sidebar-layout":"default","site-content-layout":"","ast-site-content-layout":"default","site-content-style":"default","site-sidebar-style":"default","ast-global-header-display":"","ast-banner-title-visibility":"","ast-main-header-display":"","ast-hfb-above-header-display":"","ast-hfb-below-header-display":"","ast-hfb-mobile-header-display":"","site-post-title":"","ast-breadcrumbs-content":"","ast-featured-img":"","footer-sml-layout":"","ast-disable-related-posts":"","theme-transparent-header-meta":"","adv-header-id-meta":"","stick-header-meta":"","header-above-stick-meta":"","header-main-stick-meta":"","header-below-stick-meta":"","astra-migrate-meta-layouts":"default","ast-page-background-enabled":"default","ast-page-background-meta":{"desktop":{"background-color":"var(--ast-global-color-4)","background-image":"","background-repeat":"repeat","background-position":"center center","background-size":"auto","background-attachment":"scroll","background-type":"","background-media":"","overlay-type":"","overlay-color":"","overlay-opacity":"","overlay-gradient":""},"tablet":{"background-color":"","background-image":"","background-repeat":"repeat","background-position":"center center","background-size":"auto","background-attachment":"scroll","background-type":"","background-media":"","overlay-type":"","overlay-color":"","overlay-opacity":"","overlay-gradient":""},"mobile":{"background-color":"","background-image":"","background-repeat":"repeat","background-position":"center center","background-size":"auto","background-attachment":"scroll","background-type":"","background-media":"","overlay-type":"","overlay-color":"","overlay-opacity":"","overlay-gradient":""}},"ast-content-background-meta":{"desktop":{"background-color":"var(--ast-global-color-5)","background-image":"","background-repeat":"repeat","background-position":"center center","background-size":"auto","background-attachment":"scroll","background-type":"","background-media":"","overlay-type":"","overlay-color":"","overlay-opacity":"","overlay-gradient":""},"tablet":{"background-color":"var(--ast-global-color-5)","background-image":"","background-repeat":"repeat","background-position":"center center","background-size":"auto","background-attachment":"scroll","background-type":"","background-media":"","overlay-type":"","overlay-color":"","overlay-opacity":"","overlay-gradient":""},"mobile":{"background-color":"var(--ast-global-color-5)","background-image":"","background-repeat":"repeat","background-position":"center center","background-size":"auto","background-attachment":"scroll","background-type":"","background-media":"","overlay-type":"","overlay-color":"","overlay-opacity":"","overlay-gradient":""}}},"product_brand":[],"product_cat":[157,413],"product_tag":[],"class_list":{"0":"post-11850","1":"product","2":"type-product","3":"status-publish","4":"has-post-thumbnail","6":"product_cat-kikuwa-japan","7":"product_cat-tanger","8":"desktop-align-left","9":"tablet-align-left","10":"mobile-align-left","11":"ast-product-gallery-layout-horizontal-slider","12":"ast-product-tabs-layout-horizontal","13":"ast-qv-on-image","15":"first","16":"instock","17":"taxable","18":"shipping-taxable","19":"purchasable","20":"product-type-simple"},"aioseo_notices":[],"uagb_featured_image_src":{"full":["https:\/\/unikbotanik.se\/wp-content\/uploads\/2022\/11\/VKKW1232.jpg",1000,1000,false],"thumbnail":["https:\/\/unikbotanik.se\/wp-content\/uploads\/2022\/11\/VKKW1232-150x150.jpg",150,150,true],"medium":["https:\/\/unikbotanik.se\/wp-content\/uploads\/2022\/11\/VKKW1232-300x300.jpg",300,300,true],"medium_large":["https:\/\/unikbotanik.se\/wp-content\/uploads\/2022\/11\/VKKW1232-768x768.jpg",768,768,true],"large":["https:\/\/unikbotanik.se\/wp-content\/uploads\/2022\/11\/VKKW1232.jpg",1000,1000,false],"1536x1536":["https:\/\/unikbotanik.se\/wp-content\/uploads\/2022\/11\/VKKW1232.jpg",1000,1000,false],"2048x2048":["https:\/\/unikbotanik.se\/wp-content\/uploads\/2022\/11\/VKKW1232.jpg",1000,1000,false],"woocommerce_thumbnail":["https:\/\/unikbotanik.se\/wp-content\/uploads\/2022\/11\/VKKW1232-300x300.jpg",300,300,true],"woocommerce_single":["https:\/\/unikbotanik.se\/wp-content\/uploads\/2022\/11\/VKKW1232-600x600.jpg",600,600,true],"woocommerce_gallery_thumbnail":["https:\/\/unikbotanik.se\/wp-content\/uploads\/2022\/11\/VKKW1232-100x100.jpg",100,100,true]},"uagb_author_info":{"display_name":"unikbotanik","author_link":"https:\/\/unikbotanik.se\/en\/author\/"},"uagb_comment_info":0,"uagb_excerpt":"Japansk-tillverkad rott\u00e5ng fr\u00e5n Japanska Kikuwa. T\u00e5ngen \u00e4r 180 mm l\u00e5ng och avpassad f\u00f6r att kapa lite gr\u00f6vre r\u00f6tter. H\u00e4stsko-formen g\u00f6r att du kommer in bra och kan kapa av p\u00e5lr\u00f6tter p\u00e5 din bonsai, l\u00e5ngt in i rotklumpen. F\u00f6rs\u00f6k undvika att klippa i jord och sand i den m\u00e5n det g\u00e5r. T\u00e5ngen som \u00e4r av kolst\u00e5l&hellip;","_links":{"self":[{"href":"https:\/\/unikbotanik.se\/en\/wp-json\/wp\/v2\/product\/11850","targetHints":{"allow":["GET"]}}],"collection":[{"href":"https:\/\/unikbotanik.se\/en\/wp-json\/wp\/v2\/product"}],"about":[{"href":"https:\/\/unikbotanik.se\/en\/wp-json\/wp\/v2\/types\/product"}],"replies":[{"embeddable":true,"href":"https:\/\/unikbotanik.se\/en\/wp-json\/wp\/v2\/comments?post=11850"}],"wp:featuredmedia":[{"embeddable":true,"href":"https:\/\/unikbotanik.se\/en\/wp-json\/wp\/v2\/media\/11851"}],"wp:attachment":[{"href":"https:\/\/unikbotanik.se\/en\/wp-json\/wp\/v2\/media?parent=11850"}],"wp:term":[{"taxonomy":"product_brand","embeddable":true,"href":"https:\/\/unikbotanik.se\/en\/wp-json\/wp\/v2\/product_brand?post=11850"},{"taxonomy":"product_cat","embeddable":true,"href":"https:\/\/unikbotanik.se\/en\/wp-json\/wp\/v2\/product_cat?post=11850"},{"taxonomy":"product_tag","embeddable":true,"href":"https:\/\/unikbotanik.se\/en\/wp-json\/wp\/v2\/product_tag?post=11850"}],"curies":[{"name":"wp","href":"https:\/\/api.w.org\/{rel}","templated":true}]}}