{"id":11690,"date":"2022-09-25T19:39:52","date_gmt":"2022-09-25T17:39:52","guid":{"rendered":"https:\/\/unikbotanik.se\/?post_type=product&#038;p=11690"},"modified":"2025-09-09T09:01:06","modified_gmt":"2025-09-09T07:01:06","slug":"rektangular-bonsaikruka-luftbeskarningskruka-jens-lindworsky-155-x-11-x-4-ktie0100","status":"publish","type":"product","link":"https:\/\/unikbotanik.se\/en\/produkt\/rektangular-bonsaikruka-luftbeskarningskruka-jens-lindworsky-155-x-11-x-4-ktie0100\/","title":{"rendered":"Rektangul\u00e4r bonsaikruka, luftbesk\u00e4rningskruka, 17 x 12,5 x 5 cm"},"content":{"rendered":"<p>En keramikkruka med luftbesk\u00e4rning eller s.k. air pruning. Genom lister i krukan som leder mot h\u00e5len, leds rotspetsarna ut genom h\u00e5len d\u00e4r de torkar och d\u00f6r. N\u00e4r rotspetsen d\u00f6r f\u00f6rgrenas roten l\u00e4ngre in. De nya r\u00f6tterna upprepar proceduren och plantan f\u00e5r ett v\u00e4ldigt v\u00e4lgrenat och v\u00e4lm\u00e5ende rotsystem.<\/p>\n<p>Krukan \u00e4r tillverkad av Jens Lindworsky, en \u00f6sterrikare med stort intresse f\u00f6r bonsai och odling.<\/p>\n<p>17 x 12,5 cm<br \/>\nDjup: 5 cm<br \/>\nRymmer c:a 0,58 liter.<br \/>\nVikt: 500 g<\/p>\n","protected":false},"excerpt":{"rendered":"<p>En keramikkruka med luftbesk\u00e4rning eller s.k. air pruning. Genom lister i krukan som leder mot h\u00e5len, leds rotspetsarna ut genom h\u00e5len d\u00e4r de torkar och d\u00f6r. N\u00e4r rotspetsen d\u00f6r f\u00f6rgrenas roten l\u00e4ngre in. De nya r\u00f6tterna upprepar proceduren och plantan f\u00e5r ett v\u00e4ldigt v\u00e4lgrenat och v\u00e4lm\u00e5ende rotsystem. Krukan \u00e4r tillverkad av Jens Lindworsky, en \u00f6sterrikare [&hellip;]<\/p>\n","protected":false},"featured_media":11699,"comment_status":"open","ping_status":"closed","template":"","meta":{"_uag_custom_page_level_css":"","_uf_show_specific_survey":0,"_uf_disable_surveys":false,"site-sidebar-layout":"default","site-content-layout":"","ast-site-content-layout":"default","site-content-style":"default","site-sidebar-style":"default","ast-global-header-display":"","ast-banner-title-visibility":"","ast-main-header-display":"","ast-hfb-above-header-display":"","ast-hfb-below-header-display":"","ast-hfb-mobile-header-display":"","site-post-title":"","ast-breadcrumbs-content":"","ast-featured-img":"","footer-sml-layout":"","ast-disable-related-posts":"","theme-transparent-header-meta":"default","adv-header-id-meta":"","stick-header-meta":"default","header-above-stick-meta":"","header-main-stick-meta":"","header-below-stick-meta":"","astra-migrate-meta-layouts":"set","ast-page-background-enabled":"default","ast-page-background-meta":{"desktop":{"background-color":"var(--ast-global-color-4)","background-image":"","background-repeat":"repeat","background-position":"center center","background-size":"auto","background-attachment":"scroll","background-type":"","background-media":"","overlay-type":"","overlay-color":"","overlay-opacity":"","overlay-gradient":""},"tablet":{"background-color":"","background-image":"","background-repeat":"repeat","background-position":"center center","background-size":"auto","background-attachment":"scroll","background-type":"","background-media":"","overlay-type":"","overlay-color":"","overlay-opacity":"","overlay-gradient":""},"mobile":{"background-color":"","background-image":"","background-repeat":"repeat","background-position":"center center","background-size":"auto","background-attachment":"scroll","background-type":"","background-media":"","overlay-type":"","overlay-color":"","overlay-opacity":"","overlay-gradient":""}},"ast-content-background-meta":{"desktop":{"background-color":"var(--ast-global-color-5)","background-image":"","background-repeat":"repeat","background-position":"center center","background-size":"auto","background-attachment":"scroll","background-type":"","background-media":"","overlay-type":"","overlay-color":"","overlay-opacity":"","overlay-gradient":""},"tablet":{"background-color":"var(--ast-global-color-5)","background-image":"","background-repeat":"repeat","background-position":"center center","background-size":"auto","background-attachment":"scroll","background-type":"","background-media":"","overlay-type":"","overlay-color":"","overlay-opacity":"","overlay-gradient":""},"mobile":{"background-color":"var(--ast-global-color-5)","background-image":"","background-repeat":"repeat","background-position":"center center","background-size":"auto","background-attachment":"scroll","background-type":"","background-media":"","overlay-type":"","overlay-color":"","overlay-opacity":"","overlay-gradient":""}}},"product_brand":[],"product_cat":[242,25,182],"product_tag":[],"class_list":{"0":"post-11690","1":"product","2":"type-product","3":"status-publish","4":"has-post-thumbnail","6":"product_cat-10-20-cm","7":"product_cat-bonsaikrukor","8":"product_cat-traningskrukor","9":"desktop-align-left","10":"tablet-align-left","11":"mobile-align-left","12":"ast-product-gallery-layout-horizontal-slider","13":"ast-product-tabs-layout-horizontal","14":"ast-qv-on-image","16":"first","17":"instock","18":"taxable","19":"shipping-taxable","20":"purchasable","21":"product-type-simple"},"aioseo_notices":[],"uagb_featured_image_src":{"full":["https:\/\/unikbotanik.se\/wp-content\/uploads\/2022\/09\/KTIE0100-1.jpg",1000,1000,false],"thumbnail":["https:\/\/unikbotanik.se\/wp-content\/uploads\/2022\/09\/KTIE0100-1-150x150.jpg",150,150,true],"medium":["https:\/\/unikbotanik.se\/wp-content\/uploads\/2022\/09\/KTIE0100-1-300x300.jpg",300,300,true],"medium_large":["https:\/\/unikbotanik.se\/wp-content\/uploads\/2022\/09\/KTIE0100-1-768x768.jpg",768,768,true],"large":["https:\/\/unikbotanik.se\/wp-content\/uploads\/2022\/09\/KTIE0100-1.jpg",1000,1000,false],"1536x1536":["https:\/\/unikbotanik.se\/wp-content\/uploads\/2022\/09\/KTIE0100-1.jpg",1000,1000,false],"2048x2048":["https:\/\/unikbotanik.se\/wp-content\/uploads\/2022\/09\/KTIE0100-1.jpg",1000,1000,false],"woocommerce_thumbnail":["https:\/\/unikbotanik.se\/wp-content\/uploads\/2022\/09\/KTIE0100-1-300x300.jpg",300,300,true],"woocommerce_single":["https:\/\/unikbotanik.se\/wp-content\/uploads\/2022\/09\/KTIE0100-1-600x600.jpg",600,600,true],"woocommerce_gallery_thumbnail":["https:\/\/unikbotanik.se\/wp-content\/uploads\/2022\/09\/KTIE0100-1-100x100.jpg",100,100,true]},"uagb_author_info":{"display_name":"unikbotanik","author_link":"https:\/\/unikbotanik.se\/en\/author\/"},"uagb_comment_info":0,"uagb_excerpt":"En keramikkruka med luftbesk\u00e4rning eller s.k. air pruning. Genom lister i krukan som leder mot h\u00e5len, leds rotspetsarna ut genom h\u00e5len d\u00e4r de torkar och d\u00f6r. N\u00e4r rotspetsen d\u00f6r f\u00f6rgrenas roten l\u00e4ngre in. De nya r\u00f6tterna upprepar proceduren och plantan f\u00e5r ett v\u00e4ldigt v\u00e4lgrenat och v\u00e4lm\u00e5ende rotsystem. Krukan \u00e4r tillverkad av Jens Lindworsky, en \u00f6sterrikare&hellip;","_links":{"self":[{"href":"https:\/\/unikbotanik.se\/en\/wp-json\/wp\/v2\/product\/11690","targetHints":{"allow":["GET"]}}],"collection":[{"href":"https:\/\/unikbotanik.se\/en\/wp-json\/wp\/v2\/product"}],"about":[{"href":"https:\/\/unikbotanik.se\/en\/wp-json\/wp\/v2\/types\/product"}],"replies":[{"embeddable":true,"href":"https:\/\/unikbotanik.se\/en\/wp-json\/wp\/v2\/comments?post=11690"}],"wp:featuredmedia":[{"embeddable":true,"href":"https:\/\/unikbotanik.se\/en\/wp-json\/wp\/v2\/media\/11699"}],"wp:attachment":[{"href":"https:\/\/unikbotanik.se\/en\/wp-json\/wp\/v2\/media?parent=11690"}],"wp:term":[{"taxonomy":"product_brand","embeddable":true,"href":"https:\/\/unikbotanik.se\/en\/wp-json\/wp\/v2\/product_brand?post=11690"},{"taxonomy":"product_cat","embeddable":true,"href":"https:\/\/unikbotanik.se\/en\/wp-json\/wp\/v2\/product_cat?post=11690"},{"taxonomy":"product_tag","embeddable":true,"href":"https:\/\/unikbotanik.se\/en\/wp-json\/wp\/v2\/product_tag?post=11690"}],"curies":[{"name":"wp","href":"https:\/\/api.w.org\/{rel}","templated":true}]}}