{"id":2330,"date":"2019-01-10T04:55:02","date_gmt":"2019-01-10T03:55:02","guid":{"rendered":"http:\/\/unikbotanik.se\/shop\/"},"modified":"2024-01-03T22:20:41","modified_gmt":"2024-01-03T21:20:41","slug":"shop","status":"publish","type":"page","link":"https:\/\/unikbotanik.se\/en\/shop\/","title":{"rendered":"Shop"},"content":{"rendered":"<div class=\"wpb-content-wrapper\"><p>[vc_row el_id=&#8221;1595101593085-16656818-3114&#8243;][vc_column el_id=&#8221;1595101593096-18d1e0e7-2247&#8243;][vc_column_text]Unik Botanik har specialiserat sig p\u00e5 lite mer ovanliga aspekter p\u00e5 botanikhobbyn. Vi har alla bonsaitillbeh\u00f6r du beh\u00f6ver f\u00f6r dina egna bonsai. Men, vi har ocks\u00e5 en del annat sp\u00e4nnade f\u00f6r din odling.<\/p>\n<p>F\u00f6r bonsai har vi t\u00e4nger saxar, bonsaitr\u00e5d m.m. Vi har ocks\u00e5 massor med vackra krukor som passar allt fr\u00e5n succulenter och orkid\u00e9er till traditionella bonsaikrukor f\u00f6r alla stilar. Vi har massproducerade krukor till handgjorda och handm\u00e5lade japanska och svenska krukor.<\/p>\n<p>H\u00e4r finns ocks\u00e5 g\u00f6dning och odlingsmedium till dina tr\u00e4d. T.ex. pimpsten och akadama (tv\u00e5 av de popul\u00e4raste odlingsmedierna hos seri\u00f6sa bonsaiodlare). Vi har kiryu, (v\u00e4ldr\u00e4nerande) samt kanuma (f\u00f6r surhets\u00e4lskande v\u00e4xter och stora krukor) och lavasand fr\u00e5n M:t Fuji f\u00f6r dekoration&#8230;<\/p>\n<p>Vi har ekologiska g\u00f6dningsmedel samt specialframtagna g\u00f6dningsmedel f\u00f6r lite k\u00e4nsligare v\u00e4xter. G\u00f6dning med alla mikron\u00e4rsalter som s\u00e5 m\u00e5nga billiga g\u00f6dningar saknar. Vi har g\u00f6dningspellets som fungerar b\u00e4st till dina ute-bonsai men som ocks\u00e5 kan myllas ned i tomatkrukan.<\/p>\n<p>Unik Botanik \u00e4r bonsaishopen f\u00f6r dig som vill hitta allt kul under samma tak. B\u00e5de nyb\u00f6rjarverktyg och handsmidda japanska bonsaisaxar.[\/vc_column_text][\/vc_column][\/vc_row][vc_row el_id=&#8221;1669641059818-4ff578c4-6b04&#8243;][vc_column el_id=&#8221;1669641059825-778a2374-1b22&#8243;][\/vc_column][\/vc_row]<\/p>\n<\/div>","protected":false},"excerpt":{"rendered":"<p>[vc_row el_id=&#8221;1595101593085-16656818-3114&#8243;][vc_column el_id=&#8221;1595101593096-18d1e0e7-2247&#8243;][vc_column_text]Unik Botanik har specialiserat sig p\u00e5 lite mer ovanliga aspekter p\u00e5 botanikhobbyn. Vi har alla bonsaitillbeh\u00f6r du beh\u00f6ver f\u00f6r dina egna bonsai. Men, vi har ocks\u00e5 en del annat sp\u00e4nnade f\u00f6r din odling. F\u00f6r bonsai har vi t\u00e4nger saxar, bonsaitr\u00e5d m.m. Vi har ocks\u00e5 massor med vackra krukor som passar allt fr\u00e5n succulenter [&hellip;]<\/p>\n","protected":false},"author":1,"featured_media":0,"parent":0,"menu_order":0,"comment_status":"closed","ping_status":"closed","template":"","meta":{"_uag_custom_page_level_css":"","_uf_show_specific_survey":0,"_uf_disable_surveys":false,"site-sidebar-layout":"default","site-content-layout":"plain-container","ast-site-content-layout":"default","site-content-style":"default","site-sidebar-style":"default","ast-global-header-display":"","ast-banner-title-visibility":"","ast-main-header-display":"","ast-hfb-above-header-display":"","ast-hfb-below-header-display":"","ast-hfb-mobile-header-display":"","site-post-title":"","ast-breadcrumbs-content":"","ast-featured-img":"disabled","footer-sml-layout":"","ast-disable-related-posts":"","theme-transparent-header-meta":"default","adv-header-id-meta":"","stick-header-meta":"","header-above-stick-meta":"","header-main-stick-meta":"","header-below-stick-meta":"","astra-migrate-meta-layouts":"default","ast-page-background-enabled":"default","ast-page-background-meta":{"desktop":{"background-color":"var(--ast-global-color-4)","background-image":"","background-repeat":"repeat","background-position":"center center","background-size":"auto","background-attachment":"scroll","background-type":"","background-media":"","overlay-type":"","overlay-color":"","overlay-opacity":"","overlay-gradient":""},"tablet":{"background-color":"","background-image":"","background-repeat":"repeat","background-position":"center center","background-size":"auto","background-attachment":"scroll","background-type":"","background-media":"","overlay-type":"","overlay-color":"","overlay-opacity":"","overlay-gradient":""},"mobile":{"background-color":"","background-image":"","background-repeat":"repeat","background-position":"center center","background-size":"auto","background-attachment":"scroll","background-type":"","background-media":"","overlay-type":"","overlay-color":"","overlay-opacity":"","overlay-gradient":""}},"ast-content-background-meta":{"desktop":{"background-color":"var(--ast-global-color-5)","background-image":"","background-repeat":"repeat","background-position":"center center","background-size":"auto","background-attachment":"scroll","background-type":"","background-media":"","overlay-type":"","overlay-color":"","overlay-opacity":"","overlay-gradient":""},"tablet":{"background-color":"var(--ast-global-color-5)","background-image":"","background-repeat":"repeat","background-position":"center center","background-size":"auto","background-attachment":"scroll","background-type":"","background-media":"","overlay-type":"","overlay-color":"","overlay-opacity":"","overlay-gradient":""},"mobile":{"background-color":"var(--ast-global-color-5)","background-image":"","background-repeat":"repeat","background-position":"center center","background-size":"auto","background-attachment":"scroll","background-type":"","background-media":"","overlay-type":"","overlay-color":"","overlay-opacity":"","overlay-gradient":""}},"footnotes":""},"class_list":["post-2330","page","type-page","status-publish","hentry"],"aioseo_notices":[],"uagb_featured_image_src":{"full":false,"thumbnail":false,"medium":false,"medium_large":false,"large":false,"1536x1536":false,"2048x2048":false,"woocommerce_thumbnail":false,"woocommerce_single":false,"woocommerce_gallery_thumbnail":false},"uagb_author_info":{"display_name":"robin@colobri.se","author_link":"https:\/\/unikbotanik.se\/en\/author\/robincolobri-se\/"},"uagb_comment_info":0,"uagb_excerpt":"[vc_row el_id=&#8221;1595101593085-16656818-3114&#8243;][vc_column el_id=&#8221;1595101593096-18d1e0e7-2247&#8243;][vc_column_text]Unik Botanik har specialiserat sig p\u00e5 lite mer ovanliga aspekter p\u00e5 botanikhobbyn. Vi har alla bonsaitillbeh\u00f6r du beh\u00f6ver f\u00f6r dina egna bonsai. Men, vi har ocks\u00e5 en del annat sp\u00e4nnade f\u00f6r din odling. F\u00f6r bonsai har vi t\u00e4nger saxar, bonsaitr\u00e5d m.m. Vi har ocks\u00e5 massor med vackra krukor som passar allt fr\u00e5n succulenter&hellip;","_links":{"self":[{"href":"https:\/\/unikbotanik.se\/en\/wp-json\/wp\/v2\/pages\/2330","targetHints":{"allow":["GET"]}}],"collection":[{"href":"https:\/\/unikbotanik.se\/en\/wp-json\/wp\/v2\/pages"}],"about":[{"href":"https:\/\/unikbotanik.se\/en\/wp-json\/wp\/v2\/types\/page"}],"author":[{"embeddable":true,"href":"https:\/\/unikbotanik.se\/en\/wp-json\/wp\/v2\/users\/1"}],"replies":[{"embeddable":true,"href":"https:\/\/unikbotanik.se\/en\/wp-json\/wp\/v2\/comments?post=2330"}],"version-history":[{"count":3,"href":"https:\/\/unikbotanik.se\/en\/wp-json\/wp\/v2\/pages\/2330\/revisions"}],"predecessor-version":[{"id":14371,"href":"https:\/\/unikbotanik.se\/en\/wp-json\/wp\/v2\/pages\/2330\/revisions\/14371"}],"wp:attachment":[{"href":"https:\/\/unikbotanik.se\/en\/wp-json\/wp\/v2\/media?parent=2330"}],"curies":[{"name":"wp","href":"https:\/\/api.w.org\/{rel}","templated":true}]}}