{"id":14328,"date":"2020-01-11T23:01:36","date_gmt":"2020-01-11T22:01:36","guid":{"rendered":"https:\/\/unikbotanik.se\/bonsai\/bonsai-pots\/"},"modified":"2024-01-02T22:05:42","modified_gmt":"2024-01-02T21:05:42","slug":"bonsai-pots","status":"publish","type":"page","link":"https:\/\/unikbotanik.se\/en\/bonsai\/bonsai-pots\/","title":{"rendered":"Bonsai Pots"},"content":{"rendered":"<div class=\"wpb-content-wrapper\"><p>[vc_row el_id=&#8221;1694370359513-692941f0-fc64&#8243;][vc_column el_id=&#8221;1694370359526-31e3719c-9ce2&#8243;][vc_empty_space height=&#8221;40px&#8221;][\/vc_column][\/vc_row][vc_row][vc_column el_id=&#8221;1694370405417-16e13f53-c51c&#8221;][vc_column_text]<\/p>\n<strong>Bonsai betyder ordagrant bon (fat) och sai (v\u00e4xt). Vad \u00e4r det d\u00e5 som g\u00f6r en bonsaikruka? Egentligen \u00e4r begreppet bonsai som vi anv\u00e4nder det en helhetsbild av det lilla naturlika tr\u00e4det och krukan tillsammans. D\u00e4rf\u00f6r \u00e4r valet av kruka kanske lika viktigt som valet av vilken gren som skall bli den nya toppen eller vilken gren som skall tas bort. En v\u00e4l vald kruka f\u00f6rh\u00f6jer hela tr\u00e4dets intryck p\u00e5 \u00e5sk\u00e5daren. Samtidigt kan fel kruka s\u00e4nka upplevesen. Viktigast i valet \u00e4r att du v\u00e4ljer en kruka som du tycker passar ditt tr\u00e4d, s\u00e5 f\u00f6ljande sidor m\u00e5ste ses som rekommendationer, inte krav.<\/strong>&#13;\n<p><\/p>Med detta sagt kan vi konstatera att m\u00e5nga bonsai st\u00e5r i krukor som \u00e4r lite ovanliga i formen. De \u00e4r s\u00e4llan symmetriskt runda som en normal terrakottakruka som vi finner i den vanliga blomsterhandeln. Inte heller har bonsaikrukor gr\u00e4lla f\u00e4rger eller stora blaffiga m\u00f6nster. Krukan \u00e4r en viktig del av helheten men f\u00e5r inte stj\u00e4la fokus fr\u00e5n tr\u00e4det som \u00e4r huvudperson i kompositionen.&#13;\n<p><\/p><p><\/p>\n&#13;\n<div class=\"wp-block-image\">&#13;\n<figure class=\"aligncenter size-large is-resized\"><img loading=\"lazy\" decoding=\"async\" class=\"wp-image-4869\" src=\"https:\/\/unikbotanik.se\/wp-content\/uploads\/2020\/01\/K0085HL.jpg\" alt=\"Japanese bonsai pot in mokkou form, 20 cm.\" width=\"327\" height=\"327\"\/>&#13;\n<figcaption>Japanese bonsai pot in mokkou form (there is no Swedish word for this shape). Suitable for trees with round\/soft forms, preferably with fruits or flowers.<\/figcaption>&#13;\n<\/figure>&#13;\n<\/div>&#13;\n<p><\/p>Krukan \u00e4r f\u00f6rst\u00e5s inte bara en visuell del, den skall ocks\u00e5 b\u00e4ra bonsaiens rotsystem s\u00e5 att tr\u00e4det trivs. Den beh\u00f6ver f\u00f6rutom att den kompletterar stilen p\u00e5 tr\u00e4det ocks\u00e5 rent fysiskt balansera upp tr\u00e4det s\u00e5 det inte v\u00e4lter. Bonsaikrukan beh\u00f6ver h\u00e5lla hela rotsystemet s\u00e5 att din bonsai f\u00e5r tillr\u00e4ckligt med vatten, luft och n\u00e4ring f\u00f6r att v\u00e4xa ordentligt.&#13;\n<p><\/p><br\/>N\u00e4r det g\u00e4ller storleken p\u00e5 krukan s\u00e5 kan du v\u00e4nja ditt tr\u00e4d till ett vitt utbud av storlekar, men det finns vissa f\u00f6rh\u00e5llanden som \u00e4r generellt mer tilltalande. Djupet p\u00e5 krukan brukar v\u00e4ljas s\u00e5 att den \u00e4r lika djup som diametern p\u00e5 stammen (inte nebarin\/den synliga delen av rotsystemet medr\u00e4knad). Bredden p\u00e5 krukan brukar vara 1\/3 av tr\u00e4dets h\u00f6jd, om krukan \u00e4r rund eller kvadratisk. Om den i st\u00e4llet \u00e4r rektangul\u00e4r eller oval brukar denna siffra f\u00e5 vara c:a 2\/3 av tr\u00e4dets h\u00f6jd. Detta \u00e4r f\u00f6rst\u00e5s endast riktm\u00e4rken. \u00c4r koronan v\u00e4ldigt bred s\u00e5 m\u00e5ste krukan ocks\u00e5 vara bredare f\u00f6r att kompensera och ge en bra visuell balans. Om du v\u00e4ljer en bredare kruka kan du ocks\u00e5 v\u00e4lja en som \u00e4r lite grundare s\u00e5 att jordvolymen blir ungef\u00e4r den samma.&#13;\n<p><\/p><p><\/p>\n&#13;\n<div class=\"wp-block-image\">&#13;\n<figure class=\"aligncenter size-large is-resized\"><img loading=\"lazy\" decoding=\"async\" class=\"wp-image-4724\" src=\"https:\/\/unikbotanik.se\/wp-content\/uploads\/2019\/12\/KKYOZC70a-1024x1024.jpg\" alt=\"Pot, oval for bonsai, Omono\/Dai, 71 cm.\" width=\"407\" height=\"407\"\/>&#13;\n<figcaption>Oval bonsai pot\/tray for planting forest groups. Size 71 x 39 x 5 cm. In addition to drainage holes, this pot has four special holes for wiring. If such holes are not present, you can use the drainage holes to secure wire.<\/figcaption>&#13;\n<\/figure>&#13;\n<\/div>&#13;\n<p><\/p>Till formen kommer att den beh\u00f6ver ha tillr\u00e4cklig dr\u00e4nering. En djup bonsaikruka f\u00f6r kaskadform underl\u00e4ttar gravitationens arbete att trycka ner vattenpelaren vilket g\u00f6r att den kan klara sig med f\u00e4rre och mindre h\u00e5l. En stor och flat kruka \u00e5 andra sidan beh\u00f6ver ha flera och st\u00f6rre dr\u00e4neringsh\u00e5l f\u00f6r att vattnet skall orka rinna ut.&#13;\n<p><\/p>Det h\u00e4nder ocks\u00e5 att du finner sm\u00e5h\u00e5l i en del bonsaikrukor. Dessa \u00e4r avsedda f\u00f6r bonsaitr\u00e5d som tr\u00e4s upp underifr\u00e5n genom botten p\u00e5 krukan f\u00f6r att h\u00e5lla ditt tr\u00e4d p\u00e5 plats. St\u00e5r tr\u00e4det skyddat och har ett rej\u00e4lt rotsystem kan det h\u00e4nda att du inte beh\u00f6ver anv\u00e4nda tr\u00e5d, men om du exempelvis har problem med trastar som b\u00f6kar efter kryp, eller har en katt som stryker bland tr\u00e4den, eller om din bonsai inte har s\u00e5 v\u00e4lutvecklat rotsystem \u00e4nnu kan det h\u00e4nda att n\u00e5gra aluminiumtr\u00e5dar kan underl\u00e4tta. (I krukan rekommenderar jag inte koppartr\u00e5d eftersom kopparjoner \u00e4r giftigt f\u00f6r samtliga v\u00e4xter.)&#13;\n<p><\/p>Till sist skall krukan vara stengods-br\u00e4nd, d.v.s. den skall inte ta upp vatten. Det har tv\u00e5 klara f\u00f6rdelar. 1. Det minskar risken f\u00f6r att den fryser s\u00f6nder. 2. Finns inget vatten i materialet kommer inte mikrober att kunna s\u00f6ka skydd i bonsaikrukans v\u00e4ggar.&#13;\n<p><\/p><p>[\/vc_column_text][\/vc_column][\/vc_row]<\/p>\n<\/div>","protected":false},"excerpt":{"rendered":"<p>[vc_row el_id=&#8221;1694370359513-692941f0-fc64&#8243;][vc_column el_id=&#8221;1694370359526-31e3719c-9ce2&#8243;][vc_empty_space height=&#8221;40px&#8221;][\/vc_column][\/vc_row][vc_row][vc_column el_id=&#8221;1694370405417-16e13f53-c51c&#8221;][vc_column_text] Bonsai betyder ordagrant bon (fat) och sai (v\u00e4xt). Vad \u00e4r det d\u00e5 som g\u00f6r en bonsaikruka? Egentligen \u00e4r begreppet bonsai som vi anv\u00e4nder det en helhetsbild av det lilla naturlika tr\u00e4det och krukan tillsammans. D\u00e4rf\u00f6r \u00e4r valet av kruka kanske lika viktigt som valet av vilken gren som skall bli [&hellip;]<\/p>\n","protected":false},"author":2,"featured_media":0,"parent":14276,"menu_order":0,"comment_status":"closed","ping_status":"closed","template":"","meta":{"_uag_custom_page_level_css":"","_uf_show_specific_survey":0,"_uf_disable_surveys":false,"site-sidebar-layout":"right-sidebar","site-content-layout":"plain-container","ast-site-content-layout":"default","site-content-style":"default","site-sidebar-style":"default","ast-global-header-display":"","ast-banner-title-visibility":"","ast-main-header-display":"","ast-hfb-above-header-display":"","ast-hfb-below-header-display":"","ast-hfb-mobile-header-display":"","site-post-title":"disabled","ast-breadcrumbs-content":"","ast-featured-img":"disabled","footer-sml-layout":"","ast-disable-related-posts":"","theme-transparent-header-meta":"default","adv-header-id-meta":"","stick-header-meta":"","header-above-stick-meta":"","header-main-stick-meta":"","header-below-stick-meta":"","astra-migrate-meta-layouts":"default","ast-page-background-enabled":"default","ast-page-background-meta":{"desktop":{"background-color":"var(--ast-global-color-4)","background-image":"","background-repeat":"repeat","background-position":"center center","background-size":"auto","background-attachment":"scroll","background-type":"","background-media":"","overlay-type":"","overlay-color":"","overlay-opacity":"","overlay-gradient":""},"tablet":{"background-color":"","background-image":"","background-repeat":"repeat","background-position":"center center","background-size":"auto","background-attachment":"scroll","background-type":"","background-media":"","overlay-type":"","overlay-color":"","overlay-opacity":"","overlay-gradient":""},"mobile":{"background-color":"","background-image":"","background-repeat":"repeat","background-position":"center center","background-size":"auto","background-attachment":"scroll","background-type":"","background-media":"","overlay-type":"","overlay-color":"","overlay-opacity":"","overlay-gradient":""}},"ast-content-background-meta":{"desktop":{"background-color":"var(--ast-global-color-5)","background-image":"","background-repeat":"repeat","background-position":"center center","background-size":"auto","background-attachment":"scroll","background-type":"","background-media":"","overlay-type":"","overlay-color":"","overlay-opacity":"","overlay-gradient":""},"tablet":{"background-color":"var(--ast-global-color-5)","background-image":"","background-repeat":"repeat","background-position":"center center","background-size":"auto","background-attachment":"scroll","background-type":"","background-media":"","overlay-type":"","overlay-color":"","overlay-opacity":"","overlay-gradient":""},"mobile":{"background-color":"var(--ast-global-color-5)","background-image":"","background-repeat":"repeat","background-position":"center center","background-size":"auto","background-attachment":"scroll","background-type":"","background-media":"","overlay-type":"","overlay-color":"","overlay-opacity":"","overlay-gradient":""}},"footnotes":""},"class_list":["post-14328","page","type-page","status-publish","hentry"],"aioseo_notices":[],"uagb_featured_image_src":{"full":false,"thumbnail":false,"medium":false,"medium_large":false,"large":false,"1536x1536":false,"2048x2048":false,"woocommerce_thumbnail":false,"woocommerce_single":false,"woocommerce_gallery_thumbnail":false},"uagb_author_info":{"display_name":"unikbotanik","author_link":"https:\/\/unikbotanik.se\/en\/author\/unikbotanik\/"},"uagb_comment_info":0,"uagb_excerpt":"[vc_row el_id=&#8221;1694370359513-692941f0-fc64&#8243;][vc_column el_id=&#8221;1694370359526-31e3719c-9ce2&#8243;][vc_empty_space height=&#8221;40px&#8221;][\/vc_column][\/vc_row][vc_row][vc_column el_id=&#8221;1694370405417-16e13f53-c51c&#8221;][vc_column_text] Bonsai betyder ordagrant bon (fat) och sai (v\u00e4xt). Vad \u00e4r det d\u00e5 som g\u00f6r en bonsaikruka? Egentligen \u00e4r begreppet bonsai som vi anv\u00e4nder det en helhetsbild av det lilla naturlika tr\u00e4det och krukan tillsammans. D\u00e4rf\u00f6r \u00e4r valet av kruka kanske lika viktigt som valet av vilken gren som skall bli&hellip;","_links":{"self":[{"href":"https:\/\/unikbotanik.se\/en\/wp-json\/wp\/v2\/pages\/14328","targetHints":{"allow":["GET"]}}],"collection":[{"href":"https:\/\/unikbotanik.se\/en\/wp-json\/wp\/v2\/pages"}],"about":[{"href":"https:\/\/unikbotanik.se\/en\/wp-json\/wp\/v2\/types\/page"}],"author":[{"embeddable":true,"href":"https:\/\/unikbotanik.se\/en\/wp-json\/wp\/v2\/users\/2"}],"replies":[{"embeddable":true,"href":"https:\/\/unikbotanik.se\/en\/wp-json\/wp\/v2\/comments?post=14328"}],"version-history":[{"count":1,"href":"https:\/\/unikbotanik.se\/en\/wp-json\/wp\/v2\/pages\/14328\/revisions"}],"predecessor-version":[{"id":14329,"href":"https:\/\/unikbotanik.se\/en\/wp-json\/wp\/v2\/pages\/14328\/revisions\/14329"}],"up":[{"embeddable":true,"href":"https:\/\/unikbotanik.se\/en\/wp-json\/wp\/v2\/pages\/14276"}],"wp:attachment":[{"href":"https:\/\/unikbotanik.se\/en\/wp-json\/wp\/v2\/media?parent=14328"}],"curies":[{"name":"wp","href":"https:\/\/api.w.org\/{rel}","templated":true}]}}