{"id":14319,"date":"2019-12-30T22:16:43","date_gmt":"2019-12-30T21:16:43","guid":{"rendered":"https:\/\/unikbotanik.se\/bonsai\/your-bonsais-physiological-needs\/"},"modified":"2024-01-01T20:40:14","modified_gmt":"2024-01-01T19:40:14","slug":"your-bonsais-physiological-needs","status":"publish","type":"page","link":"https:\/\/unikbotanik.se\/en\/bonsai\/your-bonsais-physiological-needs\/","title":{"rendered":"You&#8217;r bonsai&#8217;s physiological needs"},"content":{"rendered":"<div class=\"wpb-content-wrapper\"><p>[vc_row el_id=&#8221;1578564660623-24c96cfa-62d6&#8243;][vc_column el_id=&#8221;1578564660638-51958e0c-800c&#8221;][vc_empty_space height=&#8221;40px&#8221;][\/vc_column][\/vc_row][vc_row][vc_column el_id=&#8221;1578564694824-ba6f46d1-d4ec&#8221;][vc_column_text]<\/p>\n<strong>Alla tr\u00e4d har n\u00e5gra saker gemensamt. F\u00f6r att f\u00f6rst\u00e5 ditt bonsaitr\u00e4d b\u00e4ttre \u00e4r det bra med dessa grundl\u00e4ggande behov i bakhuvudet n\u00e4r du sk\u00f6ter om det. <\/strong>&#13;\n<p><\/p><strong>Fotosyntes<\/strong><br\/>Alla tr\u00e4d f\u00e5r sin energi ifr\u00e5n solens ljus genom att omvandla vatten och koldioxid till socker och ett \u00f6verskott av syre. F\u00f6r att g\u00f6ra detta anv\u00e4nder alla v\u00e4xter klorofyll. Klorofyllet finns i n\u00e5gra olika varianter som \u00e4r olika bra p\u00e5 att absorbera olika v\u00e5gl\u00e4ngder av solens ljus. Klorofyllet ger v\u00e4xten dess gr\u00f6na f\u00e4rg genom att huvudsakligen, men inte enbart, absorbera r\u00f6tt och bl\u00e5tt ljus.&#13;\n<p><\/p><p>\u00a0<\/p>\n&#13;\n<div class=\"wp-block-image\">&#13;\n<figure class=\"aligncenter is-resized\"><img loading=\"lazy\" decoding=\"async\" class=\"wp-image-2586\" src=\"https:\/\/unikbotanik.se\/wp-content\/uploads\/2019\/06\/Kloroplaster_Kristian-Peters-Fabelfroh.jpeg\" alt=\"\" width=\"300\" height=\"226\" srcset=\"https:\/\/unikbotanik.se\/wp-content\/uploads\/2019\/06\/Kloroplaster_Kristian-Peters-Fabelfroh.jpeg 800w, https:\/\/unikbotanik.se\/wp-content\/uploads\/2019\/06\/Kloroplaster_Kristian-Peters-Fabelfroh-600x450.jpeg 600w, https:\/\/unikbotanik.se\/wp-content\/uploads\/2019\/06\/Kloroplaster_Kristian-Peters-Fabelfroh-300x225.jpeg 300w, https:\/\/unikbotanik.se\/wp-content\/uploads\/2019\/06\/Kloroplaster_Kristian-Peters-Fabelfroh-768x576.jpeg 768w, https:\/\/unikbotanik.se\/wp-content\/uploads\/2019\/06\/Kloroplaster_Kristian-Peters-Fabelfroh-500x375.jpeg 500w\" sizes=\"auto, (max-width: 300px) 100vw, 300px\" \/>&#13;\n<figcaption>Chloroplasts photographed under a microscope at 400x magnification. Photo: Kristian Peters, Wikipedia.<\/figcaption>&#13;\n<\/figure>&#13;\n<\/div>&#13;\n<p><\/p>I och med behovet av ljus str\u00e4var alla v\u00e4xter upp\u00e5t. Vissa mer och andra mindre, vissa breder ut sig mer i sidled \u00e4n andra. Tr\u00e4dets v\u00e4xts\u00e4tt \u00e4r del av artens karakt\u00e4ristika och \u00e4r behov som du enklare jobbar med \u00e4n emot. Samtidigt \u00e4r ditt m\u00e5l som bonsaiodlare oftast att l\u00e5ta din bonsai efterlikna tr\u00e4d av samma art.&#13;\n<p><\/p><strong>Stammen b\u00e4r fotosyntesapparaten<\/strong><br\/>De v\u00e4xter vi odlar som bonsai har en vedartad stam och vedartade grenar. Stammen skyddas av ett barkskikt som genom vaxartade kemiska f\u00f6reningar skyddar vattnet p\u00e5 insidan fr\u00e5n att komma ut samt insekter, bakterier och virus att ta sig in.&#13;\n<p><\/p><p>\u00a0<\/p>\n&#13;\n<div class=\"wp-block-image\">&#13;\n<figure class=\"aligncenter is-resized\"><img loading=\"lazy\" decoding=\"async\" class=\"wp-image-2588\" src=\"https:\/\/unikbotanik.se\/wp-content\/uploads\/2019\/06\/Mango_Bark-1024x768.jpg\" alt=\"\" width=\"300\" height=\"225\" srcset=\"https:\/\/unikbotanik.se\/wp-content\/uploads\/2019\/06\/Mango_Bark-1024x768.jpg 1024w, https:\/\/unikbotanik.se\/wp-content\/uploads\/2019\/06\/Mango_Bark-600x450.jpg 600w, https:\/\/unikbotanik.se\/wp-content\/uploads\/2019\/06\/Mango_Bark-300x225.jpg 300w, https:\/\/unikbotanik.se\/wp-content\/uploads\/2019\/06\/Mango_Bark-768x576.jpg 768w, https:\/\/unikbotanik.se\/wp-content\/uploads\/2019\/06\/Mango_Bark-500x375.jpg 500w\" sizes=\"auto, (max-width: 300px) 100vw, 300px\" \/>&#13;\n<figcaption>Foto Kumar83, Wikimedia Commons.<\/figcaption>&#13;\n<\/figure>&#13;\n<\/div>&#13;\n<p><\/p>Stammen har tv\u00e5 huvudfunktioner. 1, att lyfta l\u00f6vapparaten s\u00e5 att den n\u00e5r solljuset. 2, att f\u00f6rmedla vatten och n\u00e4ring och vissa tillv\u00e4xthormoner fr\u00e5n r\u00f6tterna till ledarna och l\u00f6vverket samt f\u00f6rmedla energin i form av sockerarter fr\u00e5n bladen till r\u00f6tterna.&#13;\n<p><\/p>F\u00f6r att kunna uppr\u00e4tth\u00e5lla fotosyntesen, skapa blommor och frukt m.m. s\u00e5 beh\u00f6ver v\u00e4xten f\u00f6rutom vatten ocks\u00e5 sp\u00e5r\u00e4mnen. I den lilla bonsai-krukan beh\u00f6ver vi d\u00e4rf\u00f6r regelbundet tillf\u00f6ra dessa i form av g\u00f6dning. N\u00e4ringen och vattnet sugs upp av r\u00f6tterna.&#13;\n<p><\/p><strong>Rotsystemet<\/strong><br\/>Vattnet sugs upp genom osmotiskt tryck. Genom att v\u00e4xten med sin fotosyntes bildar socker s\u00e5 \u00e4r vattenkoncentrationen mindre p\u00e5 insidan rottr\u00e5den \u00e4n p\u00e5 utsidan. Eftersom sockermolekylerna \u00e4r f\u00f6r stora s\u00e5 kommer de inte igenom det tunn cellskiktet. Under tiden \u00e4r det mer sannolikt att vattenmolekyler \u00e5ker fr\u00e5n d\u00e4r det finns mer vatten \u00e4n fr\u00e5n d\u00e4r det finns mindre. Detta bildar ett infl\u00f6de av vatten i rottr\u00e5darna.&#13;\n<p><\/p><p>\u00a0<\/p>\n&#13;\n<div class=\"wp-block-image\">&#13;\n<figure class=\"aligncenter is-resized\"><img loading=\"lazy\" decoding=\"async\" class=\"wp-image-2594\" src=\"https:\/\/unikbotanik.se\/wp-content\/uploads\/2019\/06\/0307_Osmosis.jpg\" alt=\"\" width=\"300\" height=\"171\" srcset=\"https:\/\/unikbotanik.se\/wp-content\/uploads\/2019\/06\/0307_Osmosis.jpg 544w, https:\/\/unikbotanik.se\/wp-content\/uploads\/2019\/06\/0307_Osmosis-300x170.jpg 300w\" sizes=\"auto, (max-width: 300px) 100vw, 300px\" \/>&#13;\n<figcaption>The experiment above can be tested with a semi-permeable layer, such as old-fashioned sausage casing. Water molecules statistically tend to migrate more often from the side where the water concentration is higher. This phenomenon is known as osmotic pressure.<\/figcaption>&#13;\n<\/figure>&#13;\n<\/div>&#13;\n<p><\/p>Genom att v\u00e4xten aktivt drar in kalcium, magnecium, kalium med flera positiva joner dras negativa joner spontant in i v\u00e4xten. V\u00e4l d\u00e4r inne bidrar de till att \u00f6ka det osmotiska trycket (ovan).&#13;\n<p><\/p>F\u00f6r att r\u00f6tterna skall kunna genomf\u00f6ra sitt mycket viktiga uppdrag beh\u00f6ver n\u00e4ringskoncentationen h\u00e5llas p\u00e5 en lagom l\u00e5g niv\u00e5. Kommer f\u00f6r mycket n\u00e4ring p\u00e5 en g\u00e5ng blir salthalten p\u00e5 utsidan r\u00f6tterna f\u00f6r h\u00f6g och det osmotiska trycket orkar inte trycka upp vattnet i bonsaiens\/tr\u00e4dets krona, varf\u00f6r den vissnar och d\u00f6r. D\u00e4rf\u00f6r beh\u00f6ver du h\u00e5lla en l\u00e5g men stabil koncentration i krukan.&#13;\n<p><\/p>En av de l\u00e4ttaste s\u00e4tten att g\u00f6ra detta \u00e4r genom att ha en jord som agerar jonbytare med vattnet och binder till sig de viktiga n\u00e4rings\u00e4mnena, men till\u00e5ter r\u00f6tterna att aktivt laka ur dem efter behov.&#13;\n<p><\/p>F\u00f6r att r\u00f6tterna skall kunna jobba effektivt beh\u00f6ver de kunna andas syre. Det syre v\u00e4xten tillverkar sj\u00e4lv anv\u00e4nds ju av l\u00f6vverket sj\u00e4lvt och \u00f6verskottet l\u00e4cker ut i luften. S\u00e5ledes beh\u00f6ver r\u00f6tterna andas sitt eget syre under jord. F\u00f6rbrukningen \u00e4r inte s\u00e5 stor men absolut livsn\u00f6dv\u00e4ndig.&#13;\n<p><\/p>F\u00f6r att kunna f\u00e5 syre s\u00e5 det r\u00e4cket beh\u00f6ver jorden vara v\u00e4ldr\u00e4nerad s\u00e5 att inte vatten blir st\u00e5ende i krukan. F\u00f6r mycket vatten dr\u00e4nker de \u00f6mt\u00e5liga rottr\u00e5darna. D\u00e5 slutar tr\u00e4det att ta upp vatten.&#13;\n<p><\/p><p>[\/vc_column_text][\/vc_column][\/vc_row]<\/p>\n<\/div>","protected":false},"excerpt":{"rendered":"<p>[vc_row el_id=&#8221;1578564660623-24c96cfa-62d6&#8243;][vc_column el_id=&#8221;1578564660638-51958e0c-800c&#8221;][vc_empty_space height=&#8221;40px&#8221;][\/vc_column][\/vc_row][vc_row][vc_column el_id=&#8221;1578564694824-ba6f46d1-d4ec&#8221;][vc_column_text] Alla tr\u00e4d har n\u00e5gra saker gemensamt. F\u00f6r att f\u00f6rst\u00e5 ditt bonsaitr\u00e4d b\u00e4ttre \u00e4r det bra med dessa grundl\u00e4ggande behov i bakhuvudet n\u00e4r du sk\u00f6ter om det. &#13; FotosyntesAlla tr\u00e4d f\u00e5r sin energi ifr\u00e5n solens ljus genom att omvandla vatten och koldioxid till socker och ett \u00f6verskott av syre. F\u00f6r att [&hellip;]<\/p>\n","protected":false},"author":2,"featured_media":0,"parent":14276,"menu_order":0,"comment_status":"closed","ping_status":"closed","template":"","meta":{"_uag_custom_page_level_css":"","_uf_show_specific_survey":0,"_uf_disable_surveys":false,"site-sidebar-layout":"right-sidebar","site-content-layout":"plain-container","ast-site-content-layout":"default","site-content-style":"default","site-sidebar-style":"default","ast-global-header-display":"","ast-banner-title-visibility":"","ast-main-header-display":"","ast-hfb-above-header-display":"","ast-hfb-below-header-display":"","ast-hfb-mobile-header-display":"","site-post-title":"disabled","ast-breadcrumbs-content":"","ast-featured-img":"disabled","footer-sml-layout":"","ast-disable-related-posts":"","theme-transparent-header-meta":"default","adv-header-id-meta":"","stick-header-meta":"","header-above-stick-meta":"","header-main-stick-meta":"","header-below-stick-meta":"","astra-migrate-meta-layouts":"default","ast-page-background-enabled":"default","ast-page-background-meta":{"desktop":{"background-color":"var(--ast-global-color-4)","background-image":"","background-repeat":"repeat","background-position":"center center","background-size":"auto","background-attachment":"scroll","background-type":"","background-media":"","overlay-type":"","overlay-color":"","overlay-opacity":"","overlay-gradient":""},"tablet":{"background-color":"","background-image":"","background-repeat":"repeat","background-position":"center center","background-size":"auto","background-attachment":"scroll","background-type":"","background-media":"","overlay-type":"","overlay-color":"","overlay-opacity":"","overlay-gradient":""},"mobile":{"background-color":"","background-image":"","background-repeat":"repeat","background-position":"center center","background-size":"auto","background-attachment":"scroll","background-type":"","background-media":"","overlay-type":"","overlay-color":"","overlay-opacity":"","overlay-gradient":""}},"ast-content-background-meta":{"desktop":{"background-color":"var(--ast-global-color-5)","background-image":"","background-repeat":"repeat","background-position":"center center","background-size":"auto","background-attachment":"scroll","background-type":"","background-media":"","overlay-type":"","overlay-color":"","overlay-opacity":"","overlay-gradient":""},"tablet":{"background-color":"var(--ast-global-color-5)","background-image":"","background-repeat":"repeat","background-position":"center center","background-size":"auto","background-attachment":"scroll","background-type":"","background-media":"","overlay-type":"","overlay-color":"","overlay-opacity":"","overlay-gradient":""},"mobile":{"background-color":"var(--ast-global-color-5)","background-image":"","background-repeat":"repeat","background-position":"center center","background-size":"auto","background-attachment":"scroll","background-type":"","background-media":"","overlay-type":"","overlay-color":"","overlay-opacity":"","overlay-gradient":""}},"footnotes":""},"class_list":["post-14319","page","type-page","status-publish","hentry"],"aioseo_notices":[],"uagb_featured_image_src":{"full":false,"thumbnail":false,"medium":false,"medium_large":false,"large":false,"1536x1536":false,"2048x2048":false,"woocommerce_thumbnail":false,"woocommerce_single":false,"woocommerce_gallery_thumbnail":false},"uagb_author_info":{"display_name":"unikbotanik","author_link":"https:\/\/unikbotanik.se\/en\/author\/unikbotanik\/"},"uagb_comment_info":0,"uagb_excerpt":"[vc_row el_id=&#8221;1578564660623-24c96cfa-62d6&#8243;][vc_column el_id=&#8221;1578564660638-51958e0c-800c&#8221;][vc_empty_space height=&#8221;40px&#8221;][\/vc_column][\/vc_row][vc_row][vc_column el_id=&#8221;1578564694824-ba6f46d1-d4ec&#8221;][vc_column_text] Alla tr\u00e4d har n\u00e5gra saker gemensamt. F\u00f6r att f\u00f6rst\u00e5 ditt bonsaitr\u00e4d b\u00e4ttre \u00e4r det bra med dessa grundl\u00e4ggande behov i bakhuvudet n\u00e4r du sk\u00f6ter om det. &#13; FotosyntesAlla tr\u00e4d f\u00e5r sin energi ifr\u00e5n solens ljus genom att omvandla vatten och koldioxid till socker och ett \u00f6verskott av syre. F\u00f6r att&hellip;","_links":{"self":[{"href":"https:\/\/unikbotanik.se\/en\/wp-json\/wp\/v2\/pages\/14319","targetHints":{"allow":["GET"]}}],"collection":[{"href":"https:\/\/unikbotanik.se\/en\/wp-json\/wp\/v2\/pages"}],"about":[{"href":"https:\/\/unikbotanik.se\/en\/wp-json\/wp\/v2\/types\/page"}],"author":[{"embeddable":true,"href":"https:\/\/unikbotanik.se\/en\/wp-json\/wp\/v2\/users\/2"}],"replies":[{"embeddable":true,"href":"https:\/\/unikbotanik.se\/en\/wp-json\/wp\/v2\/comments?post=14319"}],"version-history":[{"count":1,"href":"https:\/\/unikbotanik.se\/en\/wp-json\/wp\/v2\/pages\/14319\/revisions"}],"predecessor-version":[{"id":14320,"href":"https:\/\/unikbotanik.se\/en\/wp-json\/wp\/v2\/pages\/14319\/revisions\/14320"}],"up":[{"embeddable":true,"href":"https:\/\/unikbotanik.se\/en\/wp-json\/wp\/v2\/pages\/14276"}],"wp:attachment":[{"href":"https:\/\/unikbotanik.se\/en\/wp-json\/wp\/v2\/media?parent=14319"}],"curies":[{"name":"wp","href":"https:\/\/api.w.org\/{rel}","templated":true}]}}