{"id":14276,"date":"2019-12-23T16:52:40","date_gmt":"2019-12-23T15:52:40","guid":{"rendered":"https:\/\/unikbotanik.se\/bonsai\/"},"modified":"2024-01-03T17:49:22","modified_gmt":"2024-01-03T16:49:22","slug":"bonsai","status":"publish","type":"page","link":"https:\/\/unikbotanik.se\/en\/bonsai\/","title":{"rendered":"Bonsai"},"content":{"rendered":"<div class=\"wpb-content-wrapper\"><p>[vc_row el_id=&#8221;1578484315859-75ea41ae-c07a&#8221;][vc_column el_id=&#8221;1578484315870-2d509994-57b4&#8243;][vc_empty_space height=&#8221;40px&#8221;][\/vc_column][\/vc_row][vc_row][vc_column el_id=&#8221;1578484191758-8513a2ae-3cb1&#8243;][vc_column_text]<\/p>\n<p>\n<strong>Bonsai \u00e4r en levande konstform som n\u00e4rmast skulle kunna beskrivas som en kombination av skulptur och tr\u00e4dg\u00e5rdsm\u00e4steri. Det vi idag kallar bonsai \u00e4r en ganska modern tolkning av den m\u00e5ngtusen\u00e5riga konsten att h\u00e5lla levande v\u00e4xter i k\u00e4rl. Det talas om att de f\u00f6rsta f\u00f6rs\u00f6ken att stoppa tr\u00e4d i kruka kommer av munkar i Asien, kanske fr\u00e5n Indien eller Vietnam, som velat h\u00e5lla sig med viktiga medicinalv\u00e4xter \u00e4ven n\u00e4r de flyttat fr\u00e5n ort till ort. Dessa v\u00e4xter forslades fr\u00e5n b\u00f6rjan i krukor av rent praktiska sk\u00e4l.<\/strong>&#13;\n<p>&nbsp;<\/p>\n&#13;\n<div class=\"wp-block-image\">&#13;\n<figure class=\"aligncenter size-large\"><img loading=\"lazy\" decoding=\"async\" width=\"341\" height=\"480\" class=\"wp-image-3446\" src=\"https:\/\/unikbotanik.se\/wp-content\/uploads\/2019\/07\/Tang_dynasty_penzai.jpg\" alt=\"\" srcset=\"https:\/\/unikbotanik.se\/wp-content\/uploads\/2019\/07\/Tang_dynasty_penzai.jpg 341w, https:\/\/unikbotanik.se\/wp-content\/uploads\/2019\/07\/Tang_dynasty_penzai-213x300.jpg 213w, https:\/\/unikbotanik.se\/wp-content\/uploads\/2019\/07\/Tang_dynasty_penzai-300x422.jpg 300w\" sizes=\"auto, (max-width: 341px) 100vw, 341px\" \/>&#13;\n<figcaption>One of the earliest depictions of bonsai,&#13;\nor rather penjing, comes from the Qianling Mausoleum&#13;\nfrom a wall painting dating back to 706.<\/figcaption>&#13;\n<\/figure>&#13;\n<\/div>&#13;\n<p><\/p>Konstformen att h\u00e5lla tr\u00e4d i kruka fanns redan under 700-talet i Kina varifr\u00e5n det f\u00f6rdes \u00f6ver av budistiska munkar som reste mellan Kina och Japan. Dessa tog med sig m\u00e5nga konstformer, bl.a. keramiska metoder. Till och med ordet bonsai h\u00e4rr\u00f6r fr\u00e5n Kina och det kinesiska ordet Penzai.\r\n<p>&nbsp;<\/p>\n&#13;\n<div class=\"wp-block-image\">&#13;\n<figure class=\"aligncenter size-large\"><img loading=\"lazy\" decoding=\"async\" width=\"356\" height=\"534\" class=\"wp-image-4807\" src=\"https:\/\/unikbotanik.se\/wp-content\/uploads\/2019\/12\/Ming-damer-i-det-kejserliga-hovet-penjing.jpg\" alt=\"\" srcset=\"https:\/\/unikbotanik.se\/wp-content\/uploads\/2019\/12\/Ming-damer-i-det-kejserliga-hovet-penjing.jpg 356w, https:\/\/unikbotanik.se\/wp-content\/uploads\/2019\/12\/Ming-damer-i-det-kejserliga-hovet-penjing-200x300.jpg 200w, https:\/\/unikbotanik.se\/wp-content\/uploads\/2019\/12\/Ming-damer-i-det-kejserliga-hovet-penjing-300x450.jpg 300w\" sizes=\"auto, (max-width: 356px) 100vw, 356px\" \/>&#13;\n<figcaption>Ladies from the imperial court.&#13;\nMing painting from around 1580.<\/figcaption>&#13;\n<\/figure>&#13;\n<\/div>&#13;\n<p><\/p>Stilarna som anv\u00e4nts och anv\u00e4nds \u00e4r v\u00e4xlande \u00f6ver land och \u00f6ver tid. T.ex. kan du se n\u00e4r du bl\u00e4ddrar i moderna och lite \u00e4ldre bonsaib\u00f6cker att de kinesiska tr\u00e4den ofta st\u00e5r i lite djupare krukor. Dessutom \u00e4r det betydligt vanligare att kinesiska bonsai st\u00e5r i landskapsplanteringar med flera olika tr\u00e4darter tillsammans. \u00c4ven p\u00e5 avbildningar av japanska tr\u00e4d fr\u00e5n tidigt 1900-tal och bak\u00e5t var de djupare krukorna vanligare.&#13;\n<p><\/p>Tidigare var bonsai en konstart endast f\u00f6r de rika, de som hade tiden att \u00e4gna \u00e5t s\u00e5dana aktiviteter som inte skapade br\u00f6df\u00f6da. Under 1900-talet har bonsai som konstform spridit sig \u00e4ven till de &#8220;l\u00e4gre&#8221; samh\u00e4llsskikten. Konstformen har ocks\u00e5 blivit lite friare.&#13;\n<p><\/p>Att den blivit s\u00e5 popul\u00e4r i Japan beror i m\u00e5ngt och mycket p\u00e5 de tr\u00e5nga f\u00f6rh\u00e5llanden d\u00e4r m\u00e5nga inte har en egen tr\u00e4dg\u00e5rd. D\u00e4rf\u00f6r har tr\u00e4d i kruka liksom stenar arrangerade f\u00f6r besk\u00e5dning i kruka eller p\u00e5 piedistal blivit ett s\u00e4tt att f\u00e5 in naturen i folkhemmet.\r\n<p>&nbsp;<\/p>\n&#13;\n<figure class=\"wp-block-image size-large\"><img loading=\"lazy\" decoding=\"async\" width=\"600\" height=\"343\" class=\"wp-image-4809\" src=\"https:\/\/unikbotanik.se\/wp-content\/uploads\/2019\/12\/Bonsai-prydnad_02_s.jpg\" alt=\"\" srcset=\"https:\/\/unikbotanik.se\/wp-content\/uploads\/2019\/12\/Bonsai-prydnad_02_s.jpg 600w, https:\/\/unikbotanik.se\/wp-content\/uploads\/2019\/12\/Bonsai-prydnad_02_s-300x172.jpg 300w\" sizes=\"auto, (max-width: 600px) 100vw, 600px\" \/>&#13;\n<figcaption><p>Bonsai displayed in a classic home setting in a Japanese household.<br\/>This particular one is likely of advanced age and certainly not inexpensive.<\/p><\/figcaption>&#13;\n<\/figure>&#13;\n<p><\/p>Bonsai b\u00f6rjade p\u00e5 allvar att ta f\u00e4ste i v\u00e4stv\u00e4rlden efter andra v\u00e4rldskriget. Dels av amerikanska soldater som tagit med sig bilder och tr\u00e4d fr\u00e5n Japan. Dels av Japaner som av olika anledning flyttat &#8220;v\u00e4ster&#8221; ut.&#13;\n<p><\/p>De moderna <a href=\"https:\/\/unikbotanik.se\/sv\/produkt-kategori\/litteratur\/\">bonsaib\u00f6cker<\/a> vi ser idag visar bilder p\u00e5 bonsai ur en v\u00e4ldigt strikt och modern synvinkel. Den form vi ser \u00e4r den som av olika anlednigar blev popul\u00e4r under 70 och 80-talet i Japan. Medan den japanska ekonomin blommade upp var det m\u00e5nga privata ut\u00f6vare av konstformen som l\u00e4t bonsai-m\u00e4stare sk\u00f6ta om sina tr\u00e4n vid t.ex.omplantering och stilisering av bonsaierna.&#13;\n<p><\/p>De som fick ta hand om de mest exklusiva tr\u00e4den inf\u00f6r stora utst\u00e4llningar\/t\u00e4vlingar kom att s\u00e4tta stilen f\u00f6r hur en &#8220;riktig&#8221; bonsai skulle se ut. D.v.s. de som h\u00f6ll &#8220;r\u00e4tt linje&#8221; var riktiga bonsai-konstn\u00e4rer. De \u00f6vriga f\u00f6rsvann ur rampljuset. S\u00e5ledes skapades ett &#8220;r\u00e4tt&#8221; och &#8220;fel&#8221; d\u00e4r friheten tidigare varit st\u00f6rre.\r\n<p>&nbsp;<\/p>\n&#13;\n<figure class=\"wp-block-image size-large\"><img loading=\"lazy\" decoding=\"async\" width=\"600\" height=\"689\" class=\"wp-image-4813\" src=\"https:\/\/unikbotanik.se\/wp-content\/uploads\/2019\/12\/A-Blue-Atlas-Cedar_s.jpg\" alt=\"\" srcset=\"https:\/\/unikbotanik.se\/wp-content\/uploads\/2019\/12\/A-Blue-Atlas-Cedar_s.jpg 600w, https:\/\/unikbotanik.se\/wp-content\/uploads\/2019\/12\/A-Blue-Atlas-Cedar_s-261x300.jpg 261w, https:\/\/unikbotanik.se\/wp-content\/uploads\/2019\/12\/A-Blue-Atlas-Cedar_s-300x345.jpg 300w\" sizes=\"auto, (max-width: 600px) 100vw, 600px\" \/>&#13;\n<figcaption>Blue Atlas Cedar (Cedrus atlantica var. &#8216;glauca&#8217;) in a modern informal upright style at the National Bonsai &amp; Penjing Museum at the United States National Arboretum.<\/figcaption>&#13;\n<\/figure>&#13;\n<p><\/p>Idag n\u00e4r bonsai som hobby formligen exploderar v\u00e4rlden \u00f6ver utvecklas bonsaistilar p\u00e5 i huvudsak tv\u00e5 olika s\u00e4tt. Det ena \u00e4r att lokala ut\u00f6vare och lokala f\u00f6reningar driver utvecklingen fram\u00e5t helt enkelt genom att s\u00e4tta sin pr\u00e4gel och vara f\u00f6rebilder. Det andra som p\u00e5verkar \u00e4r att respektive region anv\u00e4nder inhemska arter och att bonsaiut\u00f6vare d\u00e4rmed anpassar bonsaistil efter de inhemska tr\u00e4dens normala tillv\u00e4xtm\u00f6nster.&#13;\n<p><\/p>I v\u00e4st finns ett antal regioner d\u00e4r utvecklingen g\u00e5r snabbt framm\u00e5t just nu. Spanien, Sydafrika, Israel, \u00d6stra USA och V\u00e4stra USA.&#13;\n<p><\/p>Bor du i Sverige s\u00e5 har du st\u00f6rsta chansen att f\u00e5 inspiration genom att g\u00e5 med i <a href=\"http:\/\/www.bonsaisallskapet.se\">Svenska Bonsais\u00e4llskapet<\/a>.&#13;\n<p><\/p>De har t\u00e4cknig \u00f6ver hela landet men har sitt fokus i en sydlig, en \u00f6stlig, en v\u00e4stlig och en nordlig krets. De arrangerar workshops och m\u00f6ten och d\u00e5 och d\u00e5 f\u00f6retar sig medlemmar resor till sp\u00e4nnande bes\u00f6ksm\u00e5l och bonsaiutst\u00e4llnigar.&#13;\n<p><\/p>Befinner du dig mitt emellan dessa kretsar, i Skaraborg t.ex. s\u00e5 kan du ju kolla med oss p\u00e5 Unik Botanik. Vi \u00e4r inte bonsaiexperter, men vi kanske tillsammans kan dra ihop folk och l\u00e5na in n\u00e5gon som vill leda en workshop p\u00e5 l\u00e4mplig plantskola eller i <a href=\"https:\/\/unikbotanik.se\/sv\/butik\/\">v\u00e5r butik<\/a> i Skara.&#13;\n<p><\/p><p>[\/vc_column_text][\/vc_column][\/vc_row]<\/p>\n<\/div>","protected":false},"excerpt":{"rendered":"<p>[vc_row el_id=&#8221;1578484315859-75ea41ae-c07a&#8221;][vc_column el_id=&#8221;1578484315870-2d509994-57b4&#8243;][vc_empty_space height=&#8221;40px&#8221;][\/vc_column][\/vc_row][vc_row][vc_column el_id=&#8221;1578484191758-8513a2ae-3cb1&#8243;][vc_column_text] Bonsai \u00e4r en levande konstform som n\u00e4rmast skulle kunna beskrivas som en kombination av skulptur och tr\u00e4dg\u00e5rdsm\u00e4steri. Det vi idag kallar bonsai \u00e4r en ganska modern tolkning av den m\u00e5ngtusen\u00e5riga konsten att h\u00e5lla levande v\u00e4xter i k\u00e4rl. Det talas om att de f\u00f6rsta f\u00f6rs\u00f6ken att stoppa tr\u00e4d i kruka kommer [&hellip;]<\/p>\n","protected":false},"author":2,"featured_media":0,"parent":0,"menu_order":3,"comment_status":"open","ping_status":"closed","template":"","meta":{"_uag_custom_page_level_css":"","_uf_show_specific_survey":0,"_uf_disable_surveys":false,"site-sidebar-layout":"right-sidebar","site-content-layout":"plain-container","ast-site-content-layout":"default","site-content-style":"default","site-sidebar-style":"default","ast-global-header-display":"","ast-banner-title-visibility":"","ast-main-header-display":"","ast-hfb-above-header-display":"","ast-hfb-below-header-display":"","ast-hfb-mobile-header-display":"","site-post-title":"disabled","ast-breadcrumbs-content":"","ast-featured-img":"disabled","footer-sml-layout":"","ast-disable-related-posts":"","theme-transparent-header-meta":"default","adv-header-id-meta":"","stick-header-meta":"","header-above-stick-meta":"","header-main-stick-meta":"","header-below-stick-meta":"","astra-migrate-meta-layouts":"default","ast-page-background-enabled":"default","ast-page-background-meta":{"desktop":{"background-color":"var(--ast-global-color-4)","background-image":"","background-repeat":"repeat","background-position":"center center","background-size":"auto","background-attachment":"scroll","background-type":"","background-media":"","overlay-type":"","overlay-color":"","overlay-opacity":"","overlay-gradient":""},"tablet":{"background-color":"","background-image":"","background-repeat":"repeat","background-position":"center center","background-size":"auto","background-attachment":"scroll","background-type":"","background-media":"","overlay-type":"","overlay-color":"","overlay-opacity":"","overlay-gradient":""},"mobile":{"background-color":"","background-image":"","background-repeat":"repeat","background-position":"center center","background-size":"auto","background-attachment":"scroll","background-type":"","background-media":"","overlay-type":"","overlay-color":"","overlay-opacity":"","overlay-gradient":""}},"ast-content-background-meta":{"desktop":{"background-color":"var(--ast-global-color-5)","background-image":"","background-repeat":"repeat","background-position":"center center","background-size":"auto","background-attachment":"scroll","background-type":"","background-media":"","overlay-type":"","overlay-color":"","overlay-opacity":"","overlay-gradient":""},"tablet":{"background-color":"var(--ast-global-color-5)","background-image":"","background-repeat":"repeat","background-position":"center center","background-size":"auto","background-attachment":"scroll","background-type":"","background-media":"","overlay-type":"","overlay-color":"","overlay-opacity":"","overlay-gradient":""},"mobile":{"background-color":"var(--ast-global-color-5)","background-image":"","background-repeat":"repeat","background-position":"center center","background-size":"auto","background-attachment":"scroll","background-type":"","background-media":"","overlay-type":"","overlay-color":"","overlay-opacity":"","overlay-gradient":""}},"footnotes":""},"class_list":["post-14276","page","type-page","status-publish","hentry"],"aioseo_notices":[],"uagb_featured_image_src":{"full":false,"thumbnail":false,"medium":false,"medium_large":false,"large":false,"1536x1536":false,"2048x2048":false,"woocommerce_thumbnail":false,"woocommerce_single":false,"woocommerce_gallery_thumbnail":false},"uagb_author_info":{"display_name":"unikbotanik","author_link":"https:\/\/unikbotanik.se\/en\/author\/unikbotanik\/"},"uagb_comment_info":0,"uagb_excerpt":"[vc_row el_id=&#8221;1578484315859-75ea41ae-c07a&#8221;][vc_column el_id=&#8221;1578484315870-2d509994-57b4&#8243;][vc_empty_space height=&#8221;40px&#8221;][\/vc_column][\/vc_row][vc_row][vc_column el_id=&#8221;1578484191758-8513a2ae-3cb1&#8243;][vc_column_text] Bonsai \u00e4r en levande konstform som n\u00e4rmast skulle kunna beskrivas som en kombination av skulptur och tr\u00e4dg\u00e5rdsm\u00e4steri. Det vi idag kallar bonsai \u00e4r en ganska modern tolkning av den m\u00e5ngtusen\u00e5riga konsten att h\u00e5lla levande v\u00e4xter i k\u00e4rl. Det talas om att de f\u00f6rsta f\u00f6rs\u00f6ken att stoppa tr\u00e4d i kruka kommer&hellip;","_links":{"self":[{"href":"https:\/\/unikbotanik.se\/en\/wp-json\/wp\/v2\/pages\/14276","targetHints":{"allow":["GET"]}}],"collection":[{"href":"https:\/\/unikbotanik.se\/en\/wp-json\/wp\/v2\/pages"}],"about":[{"href":"https:\/\/unikbotanik.se\/en\/wp-json\/wp\/v2\/types\/page"}],"author":[{"embeddable":true,"href":"https:\/\/unikbotanik.se\/en\/wp-json\/wp\/v2\/users\/2"}],"replies":[{"embeddable":true,"href":"https:\/\/unikbotanik.se\/en\/wp-json\/wp\/v2\/comments?post=14276"}],"version-history":[{"count":7,"href":"https:\/\/unikbotanik.se\/en\/wp-json\/wp\/v2\/pages\/14276\/revisions"}],"predecessor-version":[{"id":14368,"href":"https:\/\/unikbotanik.se\/en\/wp-json\/wp\/v2\/pages\/14276\/revisions\/14368"}],"wp:attachment":[{"href":"https:\/\/unikbotanik.se\/en\/wp-json\/wp\/v2\/media?parent=14276"}],"curies":[{"name":"wp","href":"https:\/\/api.w.org\/{rel}","templated":true}]}}