{"id":14259,"date":"2024-01-01T15:20:30","date_gmt":"2024-01-01T14:20:30","guid":{"rendered":"https:\/\/unikbotanik.se\/the-origins-of-modern-ikebana\/"},"modified":"2024-01-01T17:23:59","modified_gmt":"2024-01-01T16:23:59","slug":"the-origins-of-modern-ikebana","status":"publish","type":"page","link":"https:\/\/unikbotanik.se\/en\/the-origins-of-modern-ikebana\/","title":{"rendered":"The origins of modern Ikebana"},"content":{"rendered":"<div class=\"wpb-content-wrapper\"><p>[vc_row el_id=&#8221;1694371221827-5b8f6cf5-61d6?&#8221;][vc_column el_id=&#8221;1694371221835-a413d5a0-e95d&#8221;][vc_empty_space height=&#8221;40px&#8221;][\/vc_column][\/vc_row][vc_row][vc_column el_id=&#8221;1694371139228-ccbedcfc-0e03&#8243;][vc_column_text]<\/p>\nDenna nya fom av blomsterarrangemang kom att utvecklas l\u00e5ngsamt under l\u00e5ng tid. I slutet av 1400-talet utvecklades m\u00e5nga skolor inom arrangemanget av blommor, men en period av inb\u00f6rdeskrig kom att bromsa utvecklingen igen. Snart kom den 8\u2019e shogun, Yoshimasa, (1436 \u2013 1490) att bli en konsternas f\u00f6respr\u00e5kare. Han kom att f\u00f6respr\u00e5ka bruket av teceremonin och ikebanan vilket gav traditionen ett nytt uppsving.&#13;\n<p><\/p><\/p>\n&#13;\n<div class=\"wp-block-image\">&#13;\n<figure class=\"aligncenter size-large is-resized\"><img loading=\"lazy\" decoding=\"async\" class=\"wp-image-9203\" src=\"https:\/\/unikbotanik.se\/wp-content\/uploads\/2021\/07\/Ashikaga_Yoshimasa-1024x813.jpg\" alt=\"\" width=\"344\" height=\"272\" srcset=\"https:\/\/unikbotanik.se\/wp-content\/uploads\/2021\/07\/Ashikaga_Yoshimasa-1024x813.jpg 1024w, https:\/\/unikbotanik.se\/wp-content\/uploads\/2021\/07\/Ashikaga_Yoshimasa-600x477.jpg 600w, https:\/\/unikbotanik.se\/wp-content\/uploads\/2021\/07\/Ashikaga_Yoshimasa-300x238.jpg 300w, https:\/\/unikbotanik.se\/wp-content\/uploads\/2021\/07\/Ashikaga_Yoshimasa-768x610.jpg 768w, https:\/\/unikbotanik.se\/wp-content\/uploads\/2021\/07\/Ashikaga_Yoshimasa-1536x1220.jpg 1536w, https:\/\/unikbotanik.se\/wp-content\/uploads\/2021\/07\/Ashikaga_Yoshimasa-2048x1627.jpg 2048w\" sizes=\"auto, (max-width: 344px) 100vw, 344px\" \/>&#13;\n<figcaption><em>The 8th shogun, Yoshimasa (1436 \u2013 1490) 1 \/ 2<br\/>an advocate for the arts who renounced power in favor of the arts. Public domain.<\/em><\/figcaption>&#13;\n<\/figure>&#13;\n<\/div>&#13;\n<p><\/p>Yoshimasa abdikerade sin plats som Shogun f\u00f6r att anv\u00e4nda sin tid till de \u00e4dla konsterna. Under de kommanmde \u00e5ren bidrog han till de f\u00f6rsta reglerna f\u00f6r Ikebana. En av de mest grundl\u00e4ggande av dessa regler \u00e4r att blommor som offras till gudarna inte skall offras l\u00e4ttvindligt utan g\u00f6ras med tid och eftertanke.&#13;\n<p><\/p><\/p>\n&#13;\n<div class=\"wp-block-image\">&#13;\n<figure class=\"aligncenter size-full\"><img loading=\"lazy\" decoding=\"async\" width=\"587\" height=\"248\" class=\"wp-image-9201\" src=\"https:\/\/unikbotanik.se\/wp-content\/uploads\/2021\/07\/Kao-irai-no-Kadensho.jpg\" alt=\"\" srcset=\"https:\/\/unikbotanik.se\/wp-content\/uploads\/2021\/07\/Kao-irai-no-Kadensho.jpg 587w, https:\/\/unikbotanik.se\/wp-content\/uploads\/2021\/07\/Kao-irai-no-Kadensho-300x127.jpg 300w\" sizes=\"auto, (max-width: 587px) 100vw, 587px\" \/>&#13;\n<figcaption>An illustration from <em>Ka\u014d irai no Kadensho<\/em>, believed to be from the oldest recorded description of Ikebana. The picture shows various variations of <em>tatehana<\/em>\/<em>kakebana<\/em>. The picture is found on a wall scroll dating from somewhere between 1486 and 1499. Public domain.<\/figcaption>&#13;\n<\/figure>&#13;\n<\/div>&#13;\n<p><\/p>En av Yoshimasa&#8217;s samtida, en v\u00e4n och konstn\u00e4r vid namn S\u014dami, kom fram till att de tre elementen, himmel, m\u00e4nniska och jord, skall representeras i blomsterarrangemanget. En regel som lever kvar \u00e4n idag.&#13;\n<p><\/p>Det var i Yoshimasas silverpaviljong i Kyoto som ikebana utvecklades allra mest tillsammans med teceremonin och r\u00f6kelsekonsten.&#13;\n<p><\/p>Ikebana kom till en b\u00f6rjan att bli en aktivitet f\u00f6r \u00f6verklassen. Alla h\u00f6gre uppsatta japanska generaler praktiserade ikebana. Mycket f\u00f6r att stilla sinnet och gj\u00f6ra deras beslut i f\u00e4lt mer genomt\u00e4nkta. Ikiebanan spred sig allts\u00e5 fr\u00e5n munkar, via milit\u00e4ra kaster till vanligt folk.&#13;\n<p><\/p>Under \u00e5ren d\u00e4refter n\u00e4r folket fick det b\u00e4ttre och d\u00e4rmed fick mer fritid kom intresset f\u00f6r blomsterarrangemang att sprida sig till allm\u00e4nheten. Det var d\u00e4remot inte f\u00f6rr\u00e4n b\u00f6rjan av 1900-talet som konstarten l\u00e4mnade Japan p\u00e5 riktigt.&#13;\n<p><\/p>Den \u00e4ldsta internationella f\u00f6reningen f\u00f6r Ikebana, <em>Ikebana International<\/em>, startades \u00e5r 1956. Hennes imperiska h\u00f6ghet princessan Takamado \u00e4r hedersordf\u00f6randen \u00e4n idag.&#13;\n<p><\/p><p>[\/vc_column_text][\/vc_column][\/vc_row]<\/p>\n<\/div>","protected":false},"excerpt":{"rendered":"<p>[vc_row el_id=&#8221;1694371221827-5b8f6cf5-61d6?&#8221;][vc_column el_id=&#8221;1694371221835-a413d5a0-e95d&#8221;][vc_empty_space height=&#8221;40px&#8221;][\/vc_column][\/vc_row][vc_row][vc_column el_id=&#8221;1694371139228-ccbedcfc-0e03&#8243;][vc_column_text] Denna nya fom av blomsterarrangemang kom att utvecklas l\u00e5ngsamt under l\u00e5ng tid. I slutet av 1400-talet utvecklades m\u00e5nga skolor inom arrangemanget av blommor, men en period av inb\u00f6rdeskrig kom att bromsa utvecklingen igen. Snart kom den 8\u2019e shogun, Yoshimasa, (1436 \u2013 1490) att bli en konsternas f\u00f6respr\u00e5kare. Han kom att [&hellip;]<\/p>\n","protected":false},"author":2,"featured_media":0,"parent":0,"menu_order":0,"comment_status":"closed","ping_status":"closed","template":"","meta":{"_uag_custom_page_level_css":"","_uf_show_specific_survey":0,"_uf_disable_surveys":false,"site-sidebar-layout":"default","site-content-layout":"plain-container","ast-site-content-layout":"default","site-content-style":"default","site-sidebar-style":"default","ast-global-header-display":"","ast-banner-title-visibility":"","ast-main-header-display":"","ast-hfb-above-header-display":"","ast-hfb-below-header-display":"","ast-hfb-mobile-header-display":"","site-post-title":"disabled","ast-breadcrumbs-content":"","ast-featured-img":"disabled","footer-sml-layout":"","ast-disable-related-posts":"","theme-transparent-header-meta":"default","adv-header-id-meta":"","stick-header-meta":"","header-above-stick-meta":"","header-main-stick-meta":"","header-below-stick-meta":"","astra-migrate-meta-layouts":"default","ast-page-background-enabled":"default","ast-page-background-meta":{"desktop":{"background-color":"var(--ast-global-color-4)","background-image":"","background-repeat":"repeat","background-position":"center center","background-size":"auto","background-attachment":"scroll","background-type":"","background-media":"","overlay-type":"","overlay-color":"","overlay-opacity":"","overlay-gradient":""},"tablet":{"background-color":"","background-image":"","background-repeat":"repeat","background-position":"center center","background-size":"auto","background-attachment":"scroll","background-type":"","background-media":"","overlay-type":"","overlay-color":"","overlay-opacity":"","overlay-gradient":""},"mobile":{"background-color":"","background-image":"","background-repeat":"repeat","background-position":"center center","background-size":"auto","background-attachment":"scroll","background-type":"","background-media":"","overlay-type":"","overlay-color":"","overlay-opacity":"","overlay-gradient":""}},"ast-content-background-meta":{"desktop":{"background-color":"var(--ast-global-color-5)","background-image":"","background-repeat":"repeat","background-position":"center center","background-size":"auto","background-attachment":"scroll","background-type":"","background-media":"","overlay-type":"","overlay-color":"","overlay-opacity":"","overlay-gradient":""},"tablet":{"background-color":"var(--ast-global-color-5)","background-image":"","background-repeat":"repeat","background-position":"center center","background-size":"auto","background-attachment":"scroll","background-type":"","background-media":"","overlay-type":"","overlay-color":"","overlay-opacity":"","overlay-gradient":""},"mobile":{"background-color":"var(--ast-global-color-5)","background-image":"","background-repeat":"repeat","background-position":"center center","background-size":"auto","background-attachment":"scroll","background-type":"","background-media":"","overlay-type":"","overlay-color":"","overlay-opacity":"","overlay-gradient":""}},"footnotes":""},"class_list":["post-14259","page","type-page","status-publish","hentry"],"aioseo_notices":[],"uagb_featured_image_src":{"full":false,"thumbnail":false,"medium":false,"medium_large":false,"large":false,"1536x1536":false,"2048x2048":false,"woocommerce_thumbnail":false,"woocommerce_single":false,"woocommerce_gallery_thumbnail":false},"uagb_author_info":{"display_name":"unikbotanik","author_link":"https:\/\/unikbotanik.se\/en\/author\/unikbotanik\/"},"uagb_comment_info":0,"uagb_excerpt":"[vc_row el_id=&#8221;1694371221827-5b8f6cf5-61d6?&#8221;][vc_column el_id=&#8221;1694371221835-a413d5a0-e95d&#8221;][vc_empty_space height=&#8221;40px&#8221;][\/vc_column][\/vc_row][vc_row][vc_column el_id=&#8221;1694371139228-ccbedcfc-0e03&#8243;][vc_column_text] Denna nya fom av blomsterarrangemang kom att utvecklas l\u00e5ngsamt under l\u00e5ng tid. I slutet av 1400-talet utvecklades m\u00e5nga skolor inom arrangemanget av blommor, men en period av inb\u00f6rdeskrig kom att bromsa utvecklingen igen. Snart kom den 8\u2019e shogun, Yoshimasa, (1436 \u2013 1490) att bli en konsternas f\u00f6respr\u00e5kare. Han kom att&hellip;","_links":{"self":[{"href":"https:\/\/unikbotanik.se\/en\/wp-json\/wp\/v2\/pages\/14259","targetHints":{"allow":["GET"]}}],"collection":[{"href":"https:\/\/unikbotanik.se\/en\/wp-json\/wp\/v2\/pages"}],"about":[{"href":"https:\/\/unikbotanik.se\/en\/wp-json\/wp\/v2\/types\/page"}],"author":[{"embeddable":true,"href":"https:\/\/unikbotanik.se\/en\/wp-json\/wp\/v2\/users\/2"}],"replies":[{"embeddable":true,"href":"https:\/\/unikbotanik.se\/en\/wp-json\/wp\/v2\/comments?post=14259"}],"version-history":[{"count":1,"href":"https:\/\/unikbotanik.se\/en\/wp-json\/wp\/v2\/pages\/14259\/revisions"}],"predecessor-version":[{"id":14261,"href":"https:\/\/unikbotanik.se\/en\/wp-json\/wp\/v2\/pages\/14259\/revisions\/14261"}],"wp:attachment":[{"href":"https:\/\/unikbotanik.se\/en\/wp-json\/wp\/v2\/media?parent=14259"}],"curies":[{"name":"wp","href":"https:\/\/api.w.org\/{rel}","templated":true}]}}